{"id":160,"date":"2024-06-27T09:19:21","date_gmt":"2024-06-27T07:19:21","guid":{"rendered":"https:\/\/v4.daysparzeszow.pl\/?page_id=160"},"modified":"2024-08-23T20:54:25","modified_gmt":"2024-08-23T18:54:25","slug":"koszyk","status":"publish","type":"page","link":"https:\/\/daysparzeszow.pl\/en\/koszyk\/","title":{"rendered":"Koszyk"},"content":{"rendered":"\n<div data-block-name=\"woocommerce\/cart\" class=\"wp-block-woocommerce-cart alignwide is-loading\">\n<div data-block-name=\"woocommerce\/filled-cart-block\" class=\"wp-block-woocommerce-filled-cart-block\">\n<div data-block-name=\"woocommerce\/cart-items-block\" class=\"wp-block-woocommerce-cart-items-block\">\n<div data-block-name=\"woocommerce\/cart-line-items-block\" class=\"wp-block-woocommerce-cart-line-items-block\"><\/div>\n\n\n\n<div data-block-name=\"woocommerce\/cart-cross-sells-block\" class=\"wp-block-woocommerce-cart-cross-sells-block\">\n<h2 class=\"wp-block-heading has-large-font-size\">Zobacz inne r\u00f3wnie interesuj\u0105ce\u2026<\/h2>\n\n\n\n<div data-block-name=\"woocommerce\/cart-cross-sells-products-block\" class=\"wp-block-woocommerce-cart-cross-sells-products-block\"><\/div>\n<\/div>\n<\/div>\n\n\n\n<div data-block-name=\"woocommerce\/cart-totals-block\" class=\"wp-block-woocommerce-cart-totals-block\">\n<div data-block-name=\"woocommerce\/cart-order-summary-block\" class=\"wp-block-woocommerce-cart-order-summary-block\">\n<div data-block-name=\"woocommerce\/cart-order-summary-heading-block\" class=\"wp-block-woocommerce-cart-order-summary-heading-block\"><\/div>\n\n\n\n<div data-block-name=\"woocommerce\/cart-order-summary-coupon-form-block\" class=\"wp-block-woocommerce-cart-order-summary-coupon-form-block\"><\/div>\n\n\n\n<div data-block-name=\"woocommerce\/cart-order-summary-totals-block\" class=\"wp-block-woocommerce-cart-order-summary-totals-block\">\n<div data-block-name=\"woocommerce\/cart-order-summary-subtotal-block\" class=\"wp-block-woocommerce-cart-order-summary-subtotal-block\"><\/div>\n\n\n\n<div data-block-name=\"woocommerce\/cart-order-summary-fee-block\" class=\"wp-block-woocommerce-cart-order-summary-fee-block\"><\/div>\n\n\n\n<div data-block-name=\"woocommerce\/cart-order-summary-discount-block\" class=\"wp-block-woocommerce-cart-order-summary-discount-block\"><\/div>\n\n\n\n<div data-block-name=\"woocommerce\/cart-order-summary-shipping-block\" class=\"wp-block-woocommerce-cart-order-summary-shipping-block\"><\/div>\n\n\n\n<div data-block-name=\"woocommerce\/cart-order-summary-taxes-block\" class=\"wp-block-woocommerce-cart-order-summary-taxes-block\"><\/div>\n<\/div>\n<\/div>\n\n\n\n<div data-block-name=\"woocommerce\/cart-express-payment-block\" class=\"wp-block-woocommerce-cart-express-payment-block\"><\/div>\n\n\n\n<div data-block-name=\"woocommerce\/proceed-to-checkout-block\" class=\"wp-block-woocommerce-proceed-to-checkout-block\"><\/div>\n\n\n\n<div data-block-name=\"woocommerce\/cart-accepted-payment-methods-block\" class=\"wp-block-woocommerce-cart-accepted-payment-methods-block\"><\/div>\n<\/div>\n<\/div>\n\n\n\n<div data-block-name=\"woocommerce\/empty-cart-block\" class=\"wp-block-woocommerce-empty-cart-block\">\n<h2 class=\"wp-block-heading has-text-align-center with-empty-cart-icon wc-block-cart__empty-cart__title\">Tw\u00f3j koszyk jest obecnie pusty!<\/h2>\n\n\n\n<hr class=\"wp-block-separator has-alpha-channel-opacity is-style-dots\"\/>\n\n\n\n<h2 class=\"wp-block-heading has-text-align-center\">Nowe w sklepie<\/h2>\n\n\n\n<div data-align-buttons=\"true\" data-block-name=\"woocommerce\/all-products\" data-columns=\"4\" data-content-visibility=\"{&quot;orderBy&quot;:true}\" data-layout-config=\"[[&quot;woocommerce\\\/product-image&quot;,{&quot;showProductLink&quot;:true,&quot;showSaleBadge&quot;:true,&quot;saleBadgeAlign&quot;:&quot;right&quot;,&quot;imageSizing&quot;:&quot;thumbnail&quot;,&quot;productId&quot;:0,&quot;isDescendentOfQueryLoop&quot;:false,&quot;isDescendentOfSingleProductBlock&quot;:false,&quot;scale&quot;:&quot;cover&quot;,&quot;children&quot;:[],&quot;isDescendantOfAllProducts&quot;:true}],[&quot;woocommerce\\\/product-title&quot;,{&quot;headingLevel&quot;:2,&quot;showProductLink&quot;:true,&quot;productId&quot;:0,&quot;children&quot;:[],&quot;isDescendantOfAllProducts&quot;:true}],[&quot;woocommerce\\\/product-price&quot;,{&quot;productId&quot;:0,&quot;isDescendentOfQueryLoop&quot;:false,&quot;textAlign&quot;:&quot;&quot;,&quot;isDescendentOfSingleProductTemplate&quot;:false,&quot;isDescendentOfSingleProductBlock&quot;:false,&quot;children&quot;:[],&quot;isDescendantOfAllProducts&quot;:true}]]\" data-orderby=\"price\" data-rows=\"2\" class=\"wp-block-woocommerce-all-products wc-block-all-products\" data-attributes=\"{&quot;alignButtons&quot;:true,&quot;columns&quot;:4,&quot;contentVisibility&quot;:{&quot;orderBy&quot;:true},&quot;isPreview&quot;:false,&quot;layoutConfig&quot;:[[&quot;woocommerce\/product-image&quot;,{&quot;showProductLink&quot;:true,&quot;showSaleBadge&quot;:true,&quot;saleBadgeAlign&quot;:&quot;right&quot;,&quot;imageSizing&quot;:&quot;thumbnail&quot;,&quot;productId&quot;:0,&quot;isDescendentOfQueryLoop&quot;:false,&quot;isDescendentOfSingleProductBlock&quot;:false,&quot;scale&quot;:&quot;cover&quot;,&quot;children&quot;:[],&quot;isDescendantOfAllProducts&quot;:true}],[&quot;woocommerce\/product-title&quot;,{&quot;headingLevel&quot;:2,&quot;showProductLink&quot;:true,&quot;productId&quot;:0,&quot;children&quot;:[],&quot;isDescendantOfAllProducts&quot;:true}],[&quot;woocommerce\/product-price&quot;,{&quot;productId&quot;:0,&quot;isDescendentOfQueryLoop&quot;:false,&quot;textAlign&quot;:&quot;&quot;,&quot;isDescendentOfSingleProductTemplate&quot;:false,&quot;isDescendentOfSingleProductBlock&quot;:false,&quot;children&quot;:[],&quot;isDescendantOfAllProducts&quot;:true}]],&quot;orderby&quot;:&quot;price&quot;,&quot;rows&quot;:2}\">\n\n\n<div data-block-name=\"woocommerce\/product-title\" class=\"wp-block-woocommerce-product-title is-loading\"><\/div>\n\n\n<\/div>\n<\/div>\n<\/div>\n","protected":false},"excerpt":{"rendered":"","protected":false},"author":1,"featured_media":0,"parent":0,"menu_order":0,"comment_status":"closed","ping_status":"closed","template":"","meta":{"footnotes":""},"class_list":["post-160","page","type-page","status-publish","hentry","has-meta has-sticky-meta"],"yoast_head":"<!-- This site is optimized with the Yoast SEO plugin v27.6 - https:\/\/yoast.com\/product\/yoast-seo-wordpress\/ -->\n<title>Koszyk - Day Spa Rzesz\u00f3w<\/title>\n<meta name=\"robots\" content=\"index, follow, max-snippet:-1, max-image-preview:large, max-video-preview:-1\" \/>\n<link rel=\"canonical\" href=\"https:\/\/daysparzeszow.pl\/en\/koszyk\/\" \/>\n<meta property=\"og:locale\" content=\"en_US\" \/>\n<meta property=\"og:type\" content=\"article\" \/>\n<meta property=\"og:title\" content=\"Koszyk - Day Spa Rzesz\u00f3w\" \/>\n<meta property=\"og:url\" content=\"https:\/\/daysparzeszow.pl\/en\/koszyk\/\" \/>\n<meta property=\"og:site_name\" content=\"Day Spa Rzesz\u00f3w\" \/>\n<meta property=\"article:publisher\" content=\"https:\/\/www.facebook.com\/daysparzeszow\" \/>\n<meta property=\"article:modified_time\" content=\"2024-08-23T18:54:25+00:00\" \/>\n<meta name=\"twitter:card\" content=\"summary_large_image\" \/>\n<script type=\"application\/ld+json\" class=\"yoast-schema-graph\">{\"@context\":\"https:\\\/\\\/schema.org\",\"@graph\":[{\"@type\":\"WebPage\",\"@id\":\"https:\\\/\\\/daysparzeszow.pl\\\/koszyk\\\/\",\"url\":\"https:\\\/\\\/daysparzeszow.pl\\\/koszyk\\\/\",\"name\":\"Koszyk - Day Spa Rzesz\u00f3w\",\"isPartOf\":{\"@id\":\"https:\\\/\\\/daysparzeszow.pl\\\/#website\"},\"datePublished\":\"2024-06-27T07:19:21+00:00\",\"dateModified\":\"2024-08-23T18:54:25+00:00\",\"breadcrumb\":{\"@id\":\"https:\\\/\\\/daysparzeszow.pl\\\/koszyk\\\/#breadcrumb\"},\"inLanguage\":\"en-US\",\"potentialAction\":[{\"@type\":\"ReadAction\",\"target\":[\"https:\\\/\\\/daysparzeszow.pl\\\/koszyk\\\/\"]}]},{\"@type\":\"BreadcrumbList\",\"@id\":\"https:\\\/\\\/daysparzeszow.pl\\\/koszyk\\\/#breadcrumb\",\"itemListElement\":[{\"@type\":\"ListItem\",\"position\":1,\"name\":\"Strona g\u0142\u00f3wna\",\"item\":\"https:\\\/\\\/daysparzeszow.pl\\\/\"},{\"@type\":\"ListItem\",\"position\":2,\"name\":\"Koszyk\"}]},{\"@type\":\"WebSite\",\"@id\":\"https:\\\/\\\/daysparzeszow.pl\\\/#website\",\"url\":\"https:\\\/\\\/daysparzeszow.pl\\\/\",\"name\":\"Day Spa Rzesz\u00f3w\",\"description\":\"Masa\u017c, vouchery, bony podarunkowe, opalanie natryskowe, masa\u017ce dla dwojga\",\"publisher\":{\"@id\":\"https:\\\/\\\/daysparzeszow.pl\\\/#organization\"},\"potentialAction\":[{\"@type\":\"SearchAction\",\"target\":{\"@type\":\"EntryPoint\",\"urlTemplate\":\"https:\\\/\\\/daysparzeszow.pl\\\/?s={search_term_string}\"},\"query-input\":{\"@type\":\"PropertyValueSpecification\",\"valueRequired\":true,\"valueName\":\"search_term_string\"}}],\"inLanguage\":\"en-US\"},{\"@type\":\"Organization\",\"@id\":\"https:\\\/\\\/daysparzeszow.pl\\\/#organization\",\"name\":\"Day Spa Rzesz\u00f3w\",\"url\":\"https:\\\/\\\/daysparzeszow.pl\\\/\",\"logo\":{\"@type\":\"ImageObject\",\"inLanguage\":\"en-US\",\"@id\":\"https:\\\/\\\/daysparzeszow.pl\\\/#\\\/schema\\\/logo\\\/image\\\/\",\"url\":\"https:\\\/\\\/daysparzeszow.pl\\\/wp-content\\\/uploads\\\/2024\\\/06\\\/DaySpa_Logo.png\",\"contentUrl\":\"https:\\\/\\\/daysparzeszow.pl\\\/wp-content\\\/uploads\\\/2024\\\/06\\\/DaySpa_Logo.png\",\"width\":1358,\"height\":886,\"caption\":\"Day Spa Rzesz\u00f3w\"},\"image\":{\"@id\":\"https:\\\/\\\/daysparzeszow.pl\\\/#\\\/schema\\\/logo\\\/image\\\/\"},\"sameAs\":[\"https:\\\/\\\/www.facebook.com\\\/daysparzeszow\",\"https:\\\/\\\/www.instagram.com\\\/daysparzeszow\"]}]}<\/script>\n<!-- \/ Yoast SEO plugin. -->","yoast_head_json":{"title":"Koszyk - Day Spa Rzesz\u00f3w","robots":{"index":"index","follow":"follow","max-snippet":"max-snippet:-1","max-image-preview":"max-image-preview:large","max-video-preview":"max-video-preview:-1"},"canonical":"https:\/\/daysparzeszow.pl\/en\/koszyk\/","og_locale":"en_US","og_type":"article","og_title":"Koszyk - Day Spa Rzesz\u00f3w","og_url":"https:\/\/daysparzeszow.pl\/en\/koszyk\/","og_site_name":"Day Spa Rzesz\u00f3w","article_publisher":"https:\/\/www.facebook.com\/daysparzeszow","article_modified_time":"2024-08-23T18:54:25+00:00","twitter_card":"summary_large_image","schema":{"@context":"https:\/\/schema.org","@graph":[{"@type":"WebPage","@id":"https:\/\/daysparzeszow.pl\/koszyk\/","url":"https:\/\/daysparzeszow.pl\/koszyk\/","name":"Koszyk - Day Spa Rzesz\u00f3w","isPartOf":{"@id":"https:\/\/daysparzeszow.pl\/#website"},"datePublished":"2024-06-27T07:19:21+00:00","dateModified":"2024-08-23T18:54:25+00:00","breadcrumb":{"@id":"https:\/\/daysparzeszow.pl\/koszyk\/#breadcrumb"},"inLanguage":"en-US","potentialAction":[{"@type":"ReadAction","target":["https:\/\/daysparzeszow.pl\/koszyk\/"]}]},{"@type":"BreadcrumbList","@id":"https:\/\/daysparzeszow.pl\/koszyk\/#breadcrumb","itemListElement":[{"@type":"ListItem","position":1,"name":"Strona g\u0142\u00f3wna","item":"https:\/\/daysparzeszow.pl\/"},{"@type":"ListItem","position":2,"name":"Koszyk"}]},{"@type":"WebSite","@id":"https:\/\/daysparzeszow.pl\/#website","url":"https:\/\/daysparzeszow.pl\/","name":"Day Spa Rzesz\u00f3w","description":"Masa\u017c, vouchery, bony podarunkowe, opalanie natryskowe, masa\u017ce dla dwojga","publisher":{"@id":"https:\/\/daysparzeszow.pl\/#organization"},"potentialAction":[{"@type":"SearchAction","target":{"@type":"EntryPoint","urlTemplate":"https:\/\/daysparzeszow.pl\/?s={search_term_string}"},"query-input":{"@type":"PropertyValueSpecification","valueRequired":true,"valueName":"search_term_string"}}],"inLanguage":"en-US"},{"@type":"Organization","@id":"https:\/\/daysparzeszow.pl\/#organization","name":"Day Spa Rzesz\u00f3w","url":"https:\/\/daysparzeszow.pl\/","logo":{"@type":"ImageObject","inLanguage":"en-US","@id":"https:\/\/daysparzeszow.pl\/#\/schema\/logo\/image\/","url":"https:\/\/daysparzeszow.pl\/wp-content\/uploads\/2024\/06\/DaySpa_Logo.png","contentUrl":"https:\/\/daysparzeszow.pl\/wp-content\/uploads\/2024\/06\/DaySpa_Logo.png","width":1358,"height":886,"caption":"Day Spa Rzesz\u00f3w"},"image":{"@id":"https:\/\/daysparzeszow.pl\/#\/schema\/logo\/image\/"},"sameAs":["https:\/\/www.facebook.com\/daysparzeszow","https:\/\/www.instagram.com\/daysparzeszow"]}]}},"_links":{"self":[{"href":"https:\/\/daysparzeszow.pl\/en\/wp-json\/wp\/v2\/pages\/160","targetHints":{"allow":["GET"]}}],"collection":[{"href":"https:\/\/daysparzeszow.pl\/en\/wp-json\/wp\/v2\/pages"}],"about":[{"href":"https:\/\/daysparzeszow.pl\/en\/wp-json\/wp\/v2\/types\/page"}],"author":[{"embeddable":true,"href":"https:\/\/daysparzeszow.pl\/en\/wp-json\/wp\/v2\/users\/1"}],"replies":[{"embeddable":true,"href":"https:\/\/daysparzeszow.pl\/en\/wp-json\/wp\/v2\/comments?post=160"}],"version-history":[{"count":2,"href":"https:\/\/daysparzeszow.pl\/en\/wp-json\/wp\/v2\/pages\/160\/revisions"}],"predecessor-version":[{"id":609,"href":"https:\/\/daysparzeszow.pl\/en\/wp-json\/wp\/v2\/pages\/160\/revisions\/609"}],"wp:attachment":[{"href":"https:\/\/daysparzeszow.pl\/en\/wp-json\/wp\/v2\/media?parent=160"}],"curies":[{"name":"wp","href":"https:\/\/api.w.org\/{rel}","templated":true}]}}