{"id":18,"date":"2024-06-25T19:41:35","date_gmt":"2024-06-25T17:41:35","guid":{"rendered":"https:\/\/v4.daysparzeszow.pl\/?page_id=18"},"modified":"2024-10-21T08:30:25","modified_gmt":"2024-10-21T06:30:25","slug":"strona-glowna","status":"publish","type":"page","link":"https:\/\/daysparzeszow.pl\/en\/","title":{"rendered":"Home page"},"content":{"rendered":"<p>Witamy na stronie! To jest strona g\u0142\u00f3wna, kt\u00f3r\u0105 zobaczy wi\u0119kszo\u015b\u0107 odwiedzaj\u0105cych, kiedy b\u0119dzie odwiedza\u0107 twoj\u0105 witryn\u0119 po raz pierwszy.<\/p>","protected":false},"excerpt":{"rendered":"<p>Witamy na stronie! To jest strona g\u0142\u00f3wna, kt\u00f3r\u0105 zobaczy wi\u0119kszo\u015b\u0107 odwiedzaj\u0105cych, kiedy b\u0119dzie odwiedza\u0107 twoj\u0105 witryn\u0119 po raz pierwszy.<\/p>","protected":false},"author":1,"featured_media":0,"parent":0,"menu_order":0,"comment_status":"closed","ping_status":"closed","template":"","meta":{"footnotes":""},"class_list":["post-18","page","type-page","status-publish","hentry","has-meta has-sticky-meta"],"yoast_head":"<!-- This site is optimized with the Yoast SEO plugin v27.3 - https:\/\/yoast.com\/product\/yoast-seo-wordpress\/ -->\n<title>Strona g\u0142\u00f3wna - Day Spa Rzesz\u00f3w<\/title>\n<meta name=\"description\" content=\"Masa\u017ce relaksacyjne, lecznicze, masa\u017ce twarzy, dla dwojga. Autorskie rytua\u0142y i vouchery podarunkowe. Day Spa Rzesz\u00f3w to ekskluzywny, kameralny gabinet masa\u017cu, przestrze\u0144 pe\u0142na mi\u0142o\u015bci, troski i dobra.\" \/>\n<meta name=\"robots\" content=\"index, follow, max-snippet:-1, max-image-preview:large, max-video-preview:-1\" \/>\n<link rel=\"canonical\" href=\"https:\/\/daysparzeszow.pl\/en\/\" \/>\n<meta property=\"og:locale\" content=\"en_US\" \/>\n<meta property=\"og:type\" content=\"article\" \/>\n<meta property=\"og:title\" content=\"Strona g\u0142\u00f3wna - Day Spa Rzesz\u00f3w\" \/>\n<meta property=\"og:description\" content=\"Masa\u017ce relaksacyjne, lecznicze, masa\u017ce twarzy, dla dwojga. Autorskie rytua\u0142y i vouchery podarunkowe. Day Spa Rzesz\u00f3w to ekskluzywny, kameralny gabinet masa\u017cu, przestrze\u0144 pe\u0142na mi\u0142o\u015bci, troski i dobra.\" \/>\n<meta property=\"og:url\" content=\"https:\/\/daysparzeszow.pl\/en\/\" \/>\n<meta property=\"og:site_name\" content=\"Day Spa Rzesz\u00f3w\" \/>\n<meta property=\"article:publisher\" content=\"https:\/\/www.facebook.com\/daysparzeszow\" \/>\n<meta property=\"article:modified_time\" content=\"2024-10-21T06:30:25+00:00\" \/>\n<meta name=\"twitter:card\" content=\"summary_large_image\" \/>\n<meta name=\"twitter:label1\" content=\"Est. reading time\" \/>\n\t<meta name=\"twitter:data1\" content=\"1 minute\" \/>\n<script type=\"application\/ld+json\" class=\"yoast-schema-graph\">{\"@context\":\"https:\\\/\\\/schema.org\",\"@graph\":[{\"@type\":\"WebPage\",\"@id\":\"https:\\\/\\\/daysparzeszow.pl\\\/\",\"url\":\"https:\\\/\\\/daysparzeszow.pl\\\/\",\"name\":\"Strona g\u0142\u00f3wna - Day Spa Rzesz\u00f3w\",\"isPartOf\":{\"@id\":\"https:\\\/\\\/daysparzeszow.pl\\\/#website\"},\"datePublished\":\"2024-06-25T17:41:35+00:00\",\"dateModified\":\"2024-10-21T06:30:25+00:00\",\"description\":\"Masa\u017ce relaksacyjne, lecznicze, masa\u017ce twarzy, dla dwojga. Autorskie rytua\u0142y i vouchery podarunkowe. Day Spa Rzesz\u00f3w to ekskluzywny, kameralny gabinet masa\u017cu, przestrze\u0144 pe\u0142na mi\u0142o\u015bci, troski i dobra.\",\"breadcrumb\":{\"@id\":\"https:\\\/\\\/daysparzeszow.pl\\\/#breadcrumb\"},\"inLanguage\":\"en-US\",\"potentialAction\":[{\"@type\":\"ReadAction\",\"target\":[\"https:\\\/\\\/daysparzeszow.pl\\\/\"]}]},{\"@type\":\"BreadcrumbList\",\"@id\":\"https:\\\/\\\/daysparzeszow.pl\\\/#breadcrumb\",\"itemListElement\":[{\"@type\":\"ListItem\",\"position\":1,\"name\":\"Strona g\u0142\u00f3wna\",\"item\":\"https:\\\/\\\/daysparzeszow.pl\\\/\"},{\"@type\":\"ListItem\",\"position\":2,\"name\":\"Strona g\u0142\u00f3wna\"}]},{\"@type\":\"WebSite\",\"@id\":\"https:\\\/\\\/daysparzeszow.pl\\\/#website\",\"url\":\"https:\\\/\\\/daysparzeszow.pl\\\/\",\"name\":\"Day Spa Rzesz\u00f3w\",\"description\":\"Masa\u017c, vouchery, bony podarunkowe, opalanie natryskowe, masa\u017ce dla dwojga\",\"publisher\":{\"@id\":\"https:\\\/\\\/daysparzeszow.pl\\\/#organization\"},\"potentialAction\":[{\"@type\":\"SearchAction\",\"target\":{\"@type\":\"EntryPoint\",\"urlTemplate\":\"https:\\\/\\\/daysparzeszow.pl\\\/?s={search_term_string}\"},\"query-input\":{\"@type\":\"PropertyValueSpecification\",\"valueRequired\":true,\"valueName\":\"search_term_string\"}}],\"inLanguage\":\"en-US\"},{\"@type\":\"Organization\",\"@id\":\"https:\\\/\\\/daysparzeszow.pl\\\/#organization\",\"name\":\"Day Spa Rzesz\u00f3w\",\"url\":\"https:\\\/\\\/daysparzeszow.pl\\\/\",\"logo\":{\"@type\":\"ImageObject\",\"inLanguage\":\"en-US\",\"@id\":\"https:\\\/\\\/daysparzeszow.pl\\\/#\\\/schema\\\/logo\\\/image\\\/\",\"url\":\"https:\\\/\\\/daysparzeszow.pl\\\/wp-content\\\/uploads\\\/2024\\\/06\\\/DaySpa_Logo.png\",\"contentUrl\":\"https:\\\/\\\/daysparzeszow.pl\\\/wp-content\\\/uploads\\\/2024\\\/06\\\/DaySpa_Logo.png\",\"width\":1358,\"height\":886,\"caption\":\"Day Spa Rzesz\u00f3w\"},\"image\":{\"@id\":\"https:\\\/\\\/daysparzeszow.pl\\\/#\\\/schema\\\/logo\\\/image\\\/\"},\"sameAs\":[\"https:\\\/\\\/www.facebook.com\\\/daysparzeszow\",\"https:\\\/\\\/www.instagram.com\\\/daysparzeszow\"]}]}<\/script>\n<!-- \/ Yoast SEO plugin. -->","yoast_head_json":{"title":"Strona g\u0142\u00f3wna - Day Spa Rzesz\u00f3w","description":"Masa\u017ce relaksacyjne, lecznicze, masa\u017ce twarzy, dla dwojga. Autorskie rytua\u0142y i vouchery podarunkowe. Day Spa Rzesz\u00f3w to ekskluzywny, kameralny gabinet masa\u017cu, przestrze\u0144 pe\u0142na mi\u0142o\u015bci, troski i dobra.","robots":{"index":"index","follow":"follow","max-snippet":"max-snippet:-1","max-image-preview":"max-image-preview:large","max-video-preview":"max-video-preview:-1"},"canonical":"https:\/\/daysparzeszow.pl\/en\/","og_locale":"en_US","og_type":"article","og_title":"Strona g\u0142\u00f3wna - Day Spa Rzesz\u00f3w","og_description":"Masa\u017ce relaksacyjne, lecznicze, masa\u017ce twarzy, dla dwojga. Autorskie rytua\u0142y i vouchery podarunkowe. Day Spa Rzesz\u00f3w to ekskluzywny, kameralny gabinet masa\u017cu, przestrze\u0144 pe\u0142na mi\u0142o\u015bci, troski i dobra.","og_url":"https:\/\/daysparzeszow.pl\/en\/","og_site_name":"Day Spa Rzesz\u00f3w","article_publisher":"https:\/\/www.facebook.com\/daysparzeszow","article_modified_time":"2024-10-21T06:30:25+00:00","twitter_card":"summary_large_image","twitter_misc":{"Est. reading time":"1 minute"},"schema":{"@context":"https:\/\/schema.org","@graph":[{"@type":"WebPage","@id":"https:\/\/daysparzeszow.pl\/","url":"https:\/\/daysparzeszow.pl\/","name":"Strona g\u0142\u00f3wna - Day Spa Rzesz\u00f3w","isPartOf":{"@id":"https:\/\/daysparzeszow.pl\/#website"},"datePublished":"2024-06-25T17:41:35+00:00","dateModified":"2024-10-21T06:30:25+00:00","description":"Masa\u017ce relaksacyjne, lecznicze, masa\u017ce twarzy, dla dwojga. Autorskie rytua\u0142y i vouchery podarunkowe. Day Spa Rzesz\u00f3w to ekskluzywny, kameralny gabinet masa\u017cu, przestrze\u0144 pe\u0142na mi\u0142o\u015bci, troski i dobra.","breadcrumb":{"@id":"https:\/\/daysparzeszow.pl\/#breadcrumb"},"inLanguage":"en-US","potentialAction":[{"@type":"ReadAction","target":["https:\/\/daysparzeszow.pl\/"]}]},{"@type":"BreadcrumbList","@id":"https:\/\/daysparzeszow.pl\/#breadcrumb","itemListElement":[{"@type":"ListItem","position":1,"name":"Strona g\u0142\u00f3wna","item":"https:\/\/daysparzeszow.pl\/"},{"@type":"ListItem","position":2,"name":"Strona g\u0142\u00f3wna"}]},{"@type":"WebSite","@id":"https:\/\/daysparzeszow.pl\/#website","url":"https:\/\/daysparzeszow.pl\/","name":"Day Spa Rzesz\u00f3w","description":"Masa\u017c, vouchery, bony podarunkowe, opalanie natryskowe, masa\u017ce dla dwojga","publisher":{"@id":"https:\/\/daysparzeszow.pl\/#organization"},"potentialAction":[{"@type":"SearchAction","target":{"@type":"EntryPoint","urlTemplate":"https:\/\/daysparzeszow.pl\/?s={search_term_string}"},"query-input":{"@type":"PropertyValueSpecification","valueRequired":true,"valueName":"search_term_string"}}],"inLanguage":"en-US"},{"@type":"Organization","@id":"https:\/\/daysparzeszow.pl\/#organization","name":"Day Spa Rzesz\u00f3w","url":"https:\/\/daysparzeszow.pl\/","logo":{"@type":"ImageObject","inLanguage":"en-US","@id":"https:\/\/daysparzeszow.pl\/#\/schema\/logo\/image\/","url":"https:\/\/daysparzeszow.pl\/wp-content\/uploads\/2024\/06\/DaySpa_Logo.png","contentUrl":"https:\/\/daysparzeszow.pl\/wp-content\/uploads\/2024\/06\/DaySpa_Logo.png","width":1358,"height":886,"caption":"Day Spa Rzesz\u00f3w"},"image":{"@id":"https:\/\/daysparzeszow.pl\/#\/schema\/logo\/image\/"},"sameAs":["https:\/\/www.facebook.com\/daysparzeszow","https:\/\/www.instagram.com\/daysparzeszow"]}]}},"_links":{"self":[{"href":"https:\/\/daysparzeszow.pl\/en\/wp-json\/wp\/v2\/pages\/18","targetHints":{"allow":["GET"]}}],"collection":[{"href":"https:\/\/daysparzeszow.pl\/en\/wp-json\/wp\/v2\/pages"}],"about":[{"href":"https:\/\/daysparzeszow.pl\/en\/wp-json\/wp\/v2\/types\/page"}],"author":[{"embeddable":true,"href":"https:\/\/daysparzeszow.pl\/en\/wp-json\/wp\/v2\/users\/1"}],"replies":[{"embeddable":true,"href":"https:\/\/daysparzeszow.pl\/en\/wp-json\/wp\/v2\/comments?post=18"}],"version-history":[{"count":1,"href":"https:\/\/daysparzeszow.pl\/en\/wp-json\/wp\/v2\/pages\/18\/revisions"}],"predecessor-version":[{"id":23,"href":"https:\/\/daysparzeszow.pl\/en\/wp-json\/wp\/v2\/pages\/18\/revisions\/23"}],"wp:attachment":[{"href":"https:\/\/daysparzeszow.pl\/en\/wp-json\/wp\/v2\/media?parent=18"}],"curies":[{"name":"wp","href":"https:\/\/api.w.org\/{rel}","templated":true}]}}