{"id":3,"date":"2024-06-25T19:16:22","date_gmt":"2024-06-25T17:16:22","guid":{"rendered":"https:\/\/v4.daysparzeszow.pl\/?page_id=3"},"modified":"2024-08-21T18:39:48","modified_gmt":"2024-08-21T16:39:48","slug":"polityka-prywatnosci","status":"publish","type":"page","link":"https:\/\/daysparzeszow.pl\/en\/polityka-prywatnosci\/","title":{"rendered":"Polityka prywatno\u015bci"},"content":{"rendered":"<p>Drogi U\u017cytkowniku!<br>Dbamy o Twoj\u0105 prywatno\u015b\u0107 i chcemy, aby\u015b w czasie korzystania z naszych us\u0142ug czu\u0142 si\u0119<br>komfortowo. Dlatego te\u017c poni\u017cej prezentujemy Ci najwa\u017cniejsze informacje o zasadach<br>przetwarzania przez nas Twoich danych osobowych oraz plikach cookies, kt\u00f3re s\u0105<br>wykorzystywane przez nasz Sklep. Informacje te zosta\u0142y przygotowane z uwzgl\u0119dnieniem<br>RODO, czyli og\u00f3lnego rozporz\u0105dzenia o ochronie danych.<br>ADMINISTRATOR DANYCH OSOBOWYCH (&#8222;Administrator&#8221;)<br>Day Spa Rzesz\u00f3w sp. z o.o, zarejestrowana pod adresem Miodowa24\/24 w Rzeszowie, wpisana<br>do rejestru przedsi\u0119biorc\u00f3w Krajowego Rejestru S\u0105dowego (S\u0105d Rejonowy w Rzeszowie, XII Wydzia\u0142<\/p>\n\n\n\n<p>Gospodarczy Krajowego Rejestru S\u0105dowego), pod numerem KRS: 0000766421 , posiadaj\u0105ca RE-<br>GON: 382349896 , NIP: 8133801855.<\/p>\n\n\n\n<p>DANE OSOBOWE I PRYWATNO\u015a\u0106<br>Twoje dane przetwarzane s\u0105 przez nas we wskazanych poni\u017cej celach, zwi\u0105zanych z<br>funkcjonowaniem Sklepu i \u015bwiadczeniem us\u0142ug w nim oferowanych (\u201eUs\u0142ugi\u201d).<br>Cel przetwarzania:<br>W zale\u017cno\u015bci od tego, na co si\u0119 zdecydujesz, mo\u017ce to by\u0107:<br>\u015awiadczenie us\u0142ug oferowanych w Sklepie<br>Realizacja Twoich zam\u00f3wie\u0144<br>Podstawa przetwarzania:<br>Umowa sprzeda\u017cy lub dzia\u0142ania podejmowane na Twoje \u017c\u0105danie, zmierzaj\u0105ce do jej zawarcia<br>(art. 6 ust. 1 lit. b RODO)<br>Ci\u0105\u017c\u0105cy na nas obowi\u0105zek prawny, np. zwi\u0105zany z rachunkowo\u015bci\u0105 (art. 6 ust. 1 lit. c RODO)<br>Twoja zgoda wyra\u017cona w Sklepie (art. 6 ust. 1 lit. a RODO)<br>Umowa o \u015bwiadczenie us\u0142ug lub dzia\u0142ania podejmowane na Twoje \u017c\u0105danie, zmierzaj\u0105ce do jej<br>zawarcia (art. 6 ust. 1 lit. b RODO)<br>Nasz prawnie uzasadniony interes, polegaj\u0105cy na przetwarzaniu danych w celu ustalenia,<br>dochodzenia lub obrony ewentualnych roszcze\u0144 (art. 6 ust. 1 lit. f RODO)<br>Nasz prawnie uzasadniony interes, polegaj\u0105cy na prowadzeniu marketingu bezpo\u015bredniego (art.<br>6 ust. 1 lit. f RODO)<br>Nasz prawnie uzasadniony interes polegaj\u0105cy na przetwarzaniu danych w celach analitycznych<br>i statystycznych (art. 6 ust. 1 lit. f RODO)<br>Nasz prawnie uzasadniony interes polegaj\u0105cy na badaniu satysfakcji klient\u00f3w (art. 6 ust. 1 lit.<br>f RODO)<\/p>\n\n\n\n<p>Podanie danych:<br>Dobrowolne, ale w niekt\u00f3rych przypadkach mo\u017ce by\u0107 konieczne do zawarcia umowy. Skutek<br>niepodania danych:<br>W zale\u017cno\u015bci od celu, w jakim dane s\u0105 podawane:<br>brak mo\u017cliwo\u015bci korzystania z us\u0142ug Sklepu<br>brak mo\u017cliwo\u015bci dokonania zakup\u00f3w w Sklepie<br>Mo\u017cliwo\u015b\u0107 cofni\u0119cia zgody:<br>w ka\u017cdej chwili<br>Przetwarzanie danych do momentu cofni\u0119cia przez Ciebie zgody pozostaje zgodne z prawem.<br>ZAKRES PRZETWARZANYCH DANYCH OSOBOWYCH<br>Zakres przetwarzanych danych osobowych: Imi\u0119 i nazwisko, adres zamieszkania, numer<br>telefonu, adres e-mail<br>podstawowe dane osobowe &#8211; cele weryfikacyjne, przetwarzanie zapyta\u0144, umo\u017cliwienie<br>zawierania um\u00f3w sprzeda\u017cy, weryfikacja ich wykonania, pomoc przy ich zawarciu lub<br>wykonaniu, dostawa produkt\u00f3w, obs\u0142uga skarg (podstawa prawna: Art. 6 ust. 1 lit. b RODO)<br>dane adresowe &#8211; dostawa produkt\u00f3w, obs\u0142uga skarg i zapyta\u0144 (podstawa prawna: Art. 6 ust. 1<br>lit. b i c RODO)<br>dane kontaktowe &#8211; obs\u0142uga skarg i zapyta\u0144, dostarczanie informacji o statusie zam\u00f3wienia,<br>pomoc przy dostawie (podstawa prawna: Art. 6 ust. 1 lit. b RODO)<br>OKRES PRZETWARZANIA<br>Dane osobowe b\u0119d\u0105 przechowywane przez okres trwania umowy oraz na czas zgodny z<br>obowi\u0105zuj\u0105cymi przepisami z uwzgl\u0119dnieniem przedawnienia roszcze\u0144 oraz zobowi\u0105za\u0144<br>podatkowych. Dane osobowe na przetwarzanie, kt\u00f3rych wyrazili Pa\u0144stwo zgod\u0119 b\u0119d\u0105<br>przechowywane do czasu cofni\u0119cia przez Pa\u0144stwa zgody.<br>TWOJE UPRAWNIENIA<br>Przys\u0142uguje Ci prawo \u017c\u0105dania:<br>dost\u0119pu do Twoich danych osobowych,<br>ich sprostowania,<br>usuni\u0119cia,<br>ograniczenia przetwarzania,<\/p>\n\n\n\n<p>A tak\u017ce:<\/p>\n\n\n\n<p>wniesienia w dowolnym momencie sprzeciwu wobec przetwarzania Twoich danych:<br>z przyczyn zwi\u0105zanych z Twoj\u0105 szczeg\u00f3ln\u0105 sytuacj\u0105 \u2013 wobec przetwarzania dotycz\u0105cych<br>Ciebie danych osobowych, opartego na art. 6 ust. 1 lit. f RODO (tj. na prawnie uzasadnionych<br>interesach realizowanych przez administratora), w tym profilowania na podstawie tych<br>przepis\u00f3w,<br>Skontaktuj si\u0119 z nami, je\u015bli chcesz skorzysta\u0107 ze swoich praw.<br>Je\u015bli uznasz, \u017ce Twoje dane s\u0105 przetwarzane niezgodnie z prawem, mo\u017cesz z\u0142o\u017cy\u0107 skarg\u0119 do<br>organu nadzorczego.<\/p>\n\n\n\n<p>CIASTECZKA<br>Nasz Sklep, jak wi\u0119kszo\u015b\u0107 witryn internetowych, korzysta z tzw. plik\u00f3w cookies (ciasteczek).<br>Pliki te:<br>s\u0105 zapisywane w pami\u0119ci Twojego urz\u0105dzenia (komputera, telefonu, itd.) umo\u017cliwiaj\u0105 Ci, m.in.,<br>korzystanie ze wszystkich funkcji Sklepu nie powoduj\u0105 zmian w ustawieniach Twojego<br>urz\u0105dzenia. Korzystaj\u0105c z odpowiednich opcji Twojej przegl\u0105darki, w ka\u017cdej chwili mo\u017cesz:<br>usun\u0105\u0107 pliki cookies<br>blokowa\u0107 wykorzystanie plik\u00f3w cookies w przysz\u0142o\u015bci. W tym Sklepie ciasteczka<br>wykorzystywane s\u0105 w celu:<br>zapami\u0119tywania informacji o Twojej sesji<br>statystycznym<br>udost\u0119pniania funkcji Sklepu<br>Aby dowiedzie\u0107 si\u0119 jak zarz\u0105dza\u0107 plikami cookies, w tym jak wy\u0142\u0105czy\u0107 ich obs\u0142ug\u0119 w Twojej<br>przegl\u0105darce, mo\u017cesz skorzysta\u0107 z pliku pomocy Twojej przegl\u0105darki. Z informacjami na ten<br>temat mo\u017cesz zapozna\u0107 si\u0119 wciskaj\u0105c klawisz F1 w przegl\u0105darce. Ponadto odpowiednie<br>wskaz\u00f3wki znajdziesz na nast\u0119puj\u0105cych podstronach, w zale\u017cno\u015bci od przegl\u0105darki, kt\u00f3rej<br>u\u017cywasz:<br>Firefox<br>Chrome<br>Safari<br>Internet Explorer \/ Microsoft Edge<\/p>\n\n\n\n<p>US\u0141UGI ZEWN\u0118TRZNE \/ ODBIORCY DANYCH<br>Korzystamy z us\u0142ug podmiot\u00f3w zewn\u0119trznych, kt\u00f3rym mog\u0105 by\u0107 przekazywane Twoje dane.<br>Poni\u017cej znajduje si\u0119 lista mo\u017cliwych odbiorc\u00f3w Twoich danych:<br>dostawca oprogramowania potrzebnego do prowadzenia sklepu internetowego<br>dostawca p\u0142atno\u015bci<br>biuro ksi\u0119gowe<br>osoby wsp\u00f3\u0142pracuj\u0105ce z nami na podstawie um\u00f3w cywilnoprawnych, wspieraj\u0105ce nasz\u0105 bie\u017c\u0105c\u0105<br>dzia\u0142alno\u015b\u0107<br>podmiot zapewniaj\u0105cy nam wsparcie techniczne<br>odpowiednie organy publiczne w zakresie, w jakim Administrator jest zobowi\u0105zany do<br>udost\u0119pnienia im danych<br>Administrator zobowi\u0105zuje si\u0119 do do\u0142o\u017cenia stara\u0144 w celu zachowania nale\u017cytego<br>zabezpieczenia danych osobowych Klienta.<br>KONTAKT Z ADMINISTRATOREM<br>Chcesz skorzysta\u0107 ze swoich uprawnie\u0144 dotycz\u0105cych danych osobowych? A mo\u017ce po prostu<br>chcesz zapyta\u0107 o co\u015b zwi\u0105zanego z nasz\u0105 Polityk\u0105 Prywatno\u015bci? Napisz na adres e-mail:<br>koantakt@daysparzeszow.pl<\/p>\n\n\n\n<p>W sprawach nieuregulowanych regulaminem zastosowanie maj\u0105 postanowienia Kodeksu<br>cywilnego i odpowiednich ustaw prawa polskiego, a tak\u017ce prawa Unii Europejskiej, w<br>szczeg\u00f3lno\u015bci RODO (Rozporz\u0105dzenie Parlamentu Europejskiego i Rady (UE) 2016\/679 z dnia<br>27 kwietnia 2016 r. w sprawie ochrony os\u00f3b fizycznych w zwi\u0105zku z przetwarzaniem danych<br>osobowych i w sprawie swobodnego przep\u0142ywu takich danych oraz uchylenia dyrektywy<br>95\/46\/WE).<\/p>","protected":false},"excerpt":{"rendered":"<p>Drogi U\u017cytkowniku!Dbamy o Twoj\u0105 prywatno\u015b\u0107 i chcemy, aby\u015b w czasie korzystania z naszych us\u0142ug czu\u0142 si\u0119komfortowo. Dlatego te\u017c poni\u017cej prezentujemy Ci najwa\u017cniejsze informacje o zasadachprzetwarzania przez nas Twoich danych osobowych &hellip; <\/p>","protected":false},"author":1,"featured_media":0,"parent":0,"menu_order":0,"comment_status":"closed","ping_status":"open","template":"","meta":{"footnotes":""},"class_list":["post-3","page","type-page","status-publish","hentry","has-meta has-sticky-meta"],"yoast_head":"<!-- This site is optimized with the Yoast SEO plugin v27.6 - https:\/\/yoast.com\/product\/yoast-seo-wordpress\/ -->\n<title>Polityka prywatno\u015bci - Day Spa Rzesz\u00f3w<\/title>\n<meta name=\"robots\" content=\"index, follow, max-snippet:-1, max-image-preview:large, max-video-preview:-1\" \/>\n<link rel=\"canonical\" href=\"https:\/\/daysparzeszow.pl\/en\/polityka-prywatnosci\/\" \/>\n<meta property=\"og:locale\" content=\"en_US\" \/>\n<meta property=\"og:type\" content=\"article\" \/>\n<meta property=\"og:title\" content=\"Polityka prywatno\u015bci - Day Spa Rzesz\u00f3w\" \/>\n<meta property=\"og:description\" content=\"Drogi U\u017cytkowniku!Dbamy o Twoj\u0105 prywatno\u015b\u0107 i chcemy, aby\u015b w czasie korzystania z naszych us\u0142ug czu\u0142 si\u0119komfortowo. Dlatego te\u017c poni\u017cej prezentujemy Ci najwa\u017cniejsze informacje o zasadachprzetwarzania przez nas Twoich danych osobowych &hellip;\" \/>\n<meta property=\"og:url\" content=\"https:\/\/daysparzeszow.pl\/en\/polityka-prywatnosci\/\" \/>\n<meta property=\"og:site_name\" content=\"Day Spa Rzesz\u00f3w\" \/>\n<meta property=\"article:publisher\" content=\"https:\/\/www.facebook.com\/daysparzeszow\" \/>\n<meta property=\"article:modified_time\" content=\"2024-08-21T16:39:48+00:00\" \/>\n<meta name=\"twitter:card\" content=\"summary_large_image\" \/>\n<meta name=\"twitter:label1\" content=\"Est. reading time\" \/>\n\t<meta name=\"twitter:data1\" content=\"5 minutes\" \/>\n<script type=\"application\/ld+json\" class=\"yoast-schema-graph\">{\"@context\":\"https:\\\/\\\/schema.org\",\"@graph\":[{\"@type\":\"WebPage\",\"@id\":\"https:\\\/\\\/daysparzeszow.pl\\\/polityka-prywatnosci\\\/\",\"url\":\"https:\\\/\\\/daysparzeszow.pl\\\/polityka-prywatnosci\\\/\",\"name\":\"Polityka prywatno\u015bci - Day Spa Rzesz\u00f3w\",\"isPartOf\":{\"@id\":\"https:\\\/\\\/daysparzeszow.pl\\\/#website\"},\"datePublished\":\"2024-06-25T17:16:22+00:00\",\"dateModified\":\"2024-08-21T16:39:48+00:00\",\"breadcrumb\":{\"@id\":\"https:\\\/\\\/daysparzeszow.pl\\\/polityka-prywatnosci\\\/#breadcrumb\"},\"inLanguage\":\"en-US\",\"potentialAction\":[{\"@type\":\"ReadAction\",\"target\":[\"https:\\\/\\\/daysparzeszow.pl\\\/polityka-prywatnosci\\\/\"]}]},{\"@type\":\"BreadcrumbList\",\"@id\":\"https:\\\/\\\/daysparzeszow.pl\\\/polityka-prywatnosci\\\/#breadcrumb\",\"itemListElement\":[{\"@type\":\"ListItem\",\"position\":1,\"name\":\"Strona g\u0142\u00f3wna\",\"item\":\"https:\\\/\\\/daysparzeszow.pl\\\/\"},{\"@type\":\"ListItem\",\"position\":2,\"name\":\"Polityka prywatno\u015bci\"}]},{\"@type\":\"WebSite\",\"@id\":\"https:\\\/\\\/daysparzeszow.pl\\\/#website\",\"url\":\"https:\\\/\\\/daysparzeszow.pl\\\/\",\"name\":\"Day Spa Rzesz\u00f3w\",\"description\":\"Masa\u017c, vouchery, bony podarunkowe, opalanie natryskowe, masa\u017ce dla dwojga\",\"publisher\":{\"@id\":\"https:\\\/\\\/daysparzeszow.pl\\\/#organization\"},\"potentialAction\":[{\"@type\":\"SearchAction\",\"target\":{\"@type\":\"EntryPoint\",\"urlTemplate\":\"https:\\\/\\\/daysparzeszow.pl\\\/?s={search_term_string}\"},\"query-input\":{\"@type\":\"PropertyValueSpecification\",\"valueRequired\":true,\"valueName\":\"search_term_string\"}}],\"inLanguage\":\"en-US\"},{\"@type\":\"Organization\",\"@id\":\"https:\\\/\\\/daysparzeszow.pl\\\/#organization\",\"name\":\"Day Spa Rzesz\u00f3w\",\"url\":\"https:\\\/\\\/daysparzeszow.pl\\\/\",\"logo\":{\"@type\":\"ImageObject\",\"inLanguage\":\"en-US\",\"@id\":\"https:\\\/\\\/daysparzeszow.pl\\\/#\\\/schema\\\/logo\\\/image\\\/\",\"url\":\"https:\\\/\\\/daysparzeszow.pl\\\/wp-content\\\/uploads\\\/2024\\\/06\\\/DaySpa_Logo.png\",\"contentUrl\":\"https:\\\/\\\/daysparzeszow.pl\\\/wp-content\\\/uploads\\\/2024\\\/06\\\/DaySpa_Logo.png\",\"width\":1358,\"height\":886,\"caption\":\"Day Spa Rzesz\u00f3w\"},\"image\":{\"@id\":\"https:\\\/\\\/daysparzeszow.pl\\\/#\\\/schema\\\/logo\\\/image\\\/\"},\"sameAs\":[\"https:\\\/\\\/www.facebook.com\\\/daysparzeszow\",\"https:\\\/\\\/www.instagram.com\\\/daysparzeszow\"]}]}<\/script>\n<!-- \/ Yoast SEO plugin. -->","yoast_head_json":{"title":"Polityka prywatno\u015bci - Day Spa Rzesz\u00f3w","robots":{"index":"index","follow":"follow","max-snippet":"max-snippet:-1","max-image-preview":"max-image-preview:large","max-video-preview":"max-video-preview:-1"},"canonical":"https:\/\/daysparzeszow.pl\/en\/polityka-prywatnosci\/","og_locale":"en_US","og_type":"article","og_title":"Polityka prywatno\u015bci - Day Spa Rzesz\u00f3w","og_description":"Drogi U\u017cytkowniku!Dbamy o Twoj\u0105 prywatno\u015b\u0107 i chcemy, aby\u015b w czasie korzystania z naszych us\u0142ug czu\u0142 si\u0119komfortowo. Dlatego te\u017c poni\u017cej prezentujemy Ci najwa\u017cniejsze informacje o zasadachprzetwarzania przez nas Twoich danych osobowych &hellip;","og_url":"https:\/\/daysparzeszow.pl\/en\/polityka-prywatnosci\/","og_site_name":"Day Spa Rzesz\u00f3w","article_publisher":"https:\/\/www.facebook.com\/daysparzeszow","article_modified_time":"2024-08-21T16:39:48+00:00","twitter_card":"summary_large_image","twitter_misc":{"Est. reading time":"5 minutes"},"schema":{"@context":"https:\/\/schema.org","@graph":[{"@type":"WebPage","@id":"https:\/\/daysparzeszow.pl\/polityka-prywatnosci\/","url":"https:\/\/daysparzeszow.pl\/polityka-prywatnosci\/","name":"Polityka prywatno\u015bci - Day Spa Rzesz\u00f3w","isPartOf":{"@id":"https:\/\/daysparzeszow.pl\/#website"},"datePublished":"2024-06-25T17:16:22+00:00","dateModified":"2024-08-21T16:39:48+00:00","breadcrumb":{"@id":"https:\/\/daysparzeszow.pl\/polityka-prywatnosci\/#breadcrumb"},"inLanguage":"en-US","potentialAction":[{"@type":"ReadAction","target":["https:\/\/daysparzeszow.pl\/polityka-prywatnosci\/"]}]},{"@type":"BreadcrumbList","@id":"https:\/\/daysparzeszow.pl\/polityka-prywatnosci\/#breadcrumb","itemListElement":[{"@type":"ListItem","position":1,"name":"Strona g\u0142\u00f3wna","item":"https:\/\/daysparzeszow.pl\/"},{"@type":"ListItem","position":2,"name":"Polityka prywatno\u015bci"}]},{"@type":"WebSite","@id":"https:\/\/daysparzeszow.pl\/#website","url":"https:\/\/daysparzeszow.pl\/","name":"Day Spa Rzesz\u00f3w","description":"Masa\u017c, vouchery, bony podarunkowe, opalanie natryskowe, masa\u017ce dla dwojga","publisher":{"@id":"https:\/\/daysparzeszow.pl\/#organization"},"potentialAction":[{"@type":"SearchAction","target":{"@type":"EntryPoint","urlTemplate":"https:\/\/daysparzeszow.pl\/?s={search_term_string}"},"query-input":{"@type":"PropertyValueSpecification","valueRequired":true,"valueName":"search_term_string"}}],"inLanguage":"en-US"},{"@type":"Organization","@id":"https:\/\/daysparzeszow.pl\/#organization","name":"Day Spa Rzesz\u00f3w","url":"https:\/\/daysparzeszow.pl\/","logo":{"@type":"ImageObject","inLanguage":"en-US","@id":"https:\/\/daysparzeszow.pl\/#\/schema\/logo\/image\/","url":"https:\/\/daysparzeszow.pl\/wp-content\/uploads\/2024\/06\/DaySpa_Logo.png","contentUrl":"https:\/\/daysparzeszow.pl\/wp-content\/uploads\/2024\/06\/DaySpa_Logo.png","width":1358,"height":886,"caption":"Day Spa Rzesz\u00f3w"},"image":{"@id":"https:\/\/daysparzeszow.pl\/#\/schema\/logo\/image\/"},"sameAs":["https:\/\/www.facebook.com\/daysparzeszow","https:\/\/www.instagram.com\/daysparzeszow"]}]}},"_links":{"self":[{"href":"https:\/\/daysparzeszow.pl\/en\/wp-json\/wp\/v2\/pages\/3","targetHints":{"allow":["GET"]}}],"collection":[{"href":"https:\/\/daysparzeszow.pl\/en\/wp-json\/wp\/v2\/pages"}],"about":[{"href":"https:\/\/daysparzeszow.pl\/en\/wp-json\/wp\/v2\/types\/page"}],"author":[{"embeddable":true,"href":"https:\/\/daysparzeszow.pl\/en\/wp-json\/wp\/v2\/users\/1"}],"replies":[{"embeddable":true,"href":"https:\/\/daysparzeszow.pl\/en\/wp-json\/wp\/v2\/comments?post=3"}],"version-history":[{"count":1,"href":"https:\/\/daysparzeszow.pl\/en\/wp-json\/wp\/v2\/pages\/3\/revisions"}],"predecessor-version":[{"id":614,"href":"https:\/\/daysparzeszow.pl\/en\/wp-json\/wp\/v2\/pages\/3\/revisions\/614"}],"wp:attachment":[{"href":"https:\/\/daysparzeszow.pl\/en\/wp-json\/wp\/v2\/media?parent=3"}],"curies":[{"name":"wp","href":"https:\/\/api.w.org\/{rel}","templated":true}]}}