{"id":310,"date":"2024-06-30T11:09:00","date_gmt":"2024-06-30T09:09:00","guid":{"rendered":"https:\/\/v4.daysparzeszow.pl\/?page_id=310"},"modified":"2025-01-30T13:43:07","modified_gmt":"2025-01-30T12:43:07","slug":"vouchery-dla-firm","status":"publish","type":"page","link":"https:\/\/daysparzeszow.pl\/en\/vouchery-dla-firm\/","title":{"rendered":"Gift card for companies"},"content":{"rendered":"<p><strong>Thank your employees and business partners in a unique way<\/strong><\/p>\n\n\n\n<p><strong>Gift card<\/strong> - for any amount or treatment<\/p>\n\n\n<div class=\"wp-block-image\">\n<figure class=\"aligncenter size-large is-resized\"><img loading=\"lazy\" decoding=\"async\" width=\"683\" height=\"1024\" sizes=\"auto, (max-width: 683px) 100vw, 683px\" src=\"https:\/\/v4.daysparzeszow.pl\/wp-content\/uploads\/2024\/06\/DSCF8756-683x1024.jpg\" alt=\"\" class=\"wp-image-321\" style=\"aspect-ratio:1.3333333333333333;object-fit:cover;width:401px;height:auto\" srcset=\"https:\/\/daysparzeszow.pl\/wp-content\/uploads\/2024\/06\/DSCF8756-683x1024.jpg 683w, https:\/\/daysparzeszow.pl\/wp-content\/uploads\/2024\/06\/DSCF8756-200x300.jpg 200w, https:\/\/daysparzeszow.pl\/wp-content\/uploads\/2024\/06\/DSCF8756-768x1152.jpg 768w, https:\/\/daysparzeszow.pl\/wp-content\/uploads\/2024\/06\/DSCF8756-1024x1536.jpg 1024w, https:\/\/daysparzeszow.pl\/wp-content\/uploads\/2024\/06\/DSCF8756-1365x2048.jpg 1365w, https:\/\/daysparzeszow.pl\/wp-content\/uploads\/2024\/06\/DSCF8756-600x900.jpg 600w, https:\/\/daysparzeszow.pl\/wp-content\/uploads\/2024\/06\/DSCF8756-scaled.jpg 1707w\" \/><\/figure>\n<\/div>\n\n\n<p style=\"font-size:20px\"><strong>BENEFITS FOR THE COMPANY<\/strong><\/p>\n\n\n\n<p>+ long-term card (valid for one year)<\/p>\n\n\n\n<p>+ employee can choose any treatment<\/p>\n\n\n\n<p>+ pracownik mo\u017ce wybra\u0107 dowolny termin wizyty<\/p>\n\n\n\n<p>+ the card can be transferred to another person<\/p>\n\n\n\n<p>+ you can add a dedication or personalization<\/p>\n\n\n\n<p>+ beautifully packaged or sent electronically (pdf)<\/p>\n\n\n\n<p>+ easy settlement on the basis of an INVOICE<\/p>\n\n\n\n<p>+ better motivation of employees, improvement of the company's image as an attractive employer, better atmosphere at work, prevention of occupational diseases, improving the atmosphere among employees, increasing trust for management, creating a positive image of the company on the labor market and increasing prestige - a better chance to attract new qualified employees!<\/p>\n\n\n\n<p style=\"font-size:20px\"><strong>What does the gifted employee gain?<\/strong><\/p>\n\n\n\n<p><strong>HEALTH: <\/strong>individually tailored treatments and massages instead of pharmaceutical treatment (better well-being, pain reduction, etc.).<\/p>\n\n\n\n<p><strong>RELAX: <\/strong>Regeneration and relaxation - with us everyone tastes life in slow motion.<\/p>\n\n\n\n<p><strong>Possibility to choose any treatment from our offer<\/strong><\/p>\n\n\n\n<p><strong>Free consultation BEFORE the treatment\/massage and counseling AFTER.<\/strong><\/p>\n\n\n\n<p><strong>Very atmospheric interiors<\/strong><\/p>\n\n\n\n<p><strong>Convenient location with private parking<\/strong><\/p>\n\n\n\n<p>+ higher productivity and efficiency at work, improving concentration, eliminating excessive tension and pain, caused by a sedentary mode of work, in the long term it allows to avoid chronic pain conditions, degeneration and similar problems<\/p>\n\n\n\n<p>We invite you to choose an uncommon and<strong> VALUABLE<\/strong> gift!<\/p>\n\n\n\n<p><a href=\"https:\/\/daysparzeszow.pl\/en\/cennik\/\" target=\"_blank\" rel=\"noreferrer noopener\">Price list<\/a><\/p>\n\n\n\n<p>We remain at your disposal: <\/p>\n\n\n\n<p><a href=\"https:\/\/daysparzeszow.pl\/en\/kontakt\/\" target=\"_blank\" rel=\"noreferrer noopener\">Email us! <\/a><\/p>\n\n\n\n<p>Call Us: 728 181 557 <\/p>\n\n\n\n<p><\/p>\n\n\n\n<p><a href=\"https:\/\/daysparzeszow.pl\/en\/kup-voucher\/\" target=\"_blank\" rel=\"noreferrer noopener\">Buy online!<\/a><\/p>\n\n\n\n<p><\/p>","protected":false},"excerpt":{"rendered":"<p>Podzi\u0119kuj pracownikom i partnerom biznesowym w wyj\u0105tkowy spos\u00f3b Voucher &#8211; KARTA PODARUNKOWA &#8211; na dowoln\u0105 kwot\u0119\/us\u0142ug\u0119 KORZY\u015aCI DLA FIRMY + karta d\u0142ugoterminowa (wa\u017cna przez rok) + pracownik mo\u017ce wybra\u0107 dowolny &hellip; <\/p>","protected":false},"author":1,"featured_media":0,"parent":0,"menu_order":0,"comment_status":"closed","ping_status":"closed","template":"","meta":{"footnotes":""},"class_list":["post-310","page","type-page","status-publish","hentry","has-meta has-sticky-meta"],"yoast_head":"<!-- This site is optimized with the Yoast SEO plugin v27.6 - https:\/\/yoast.com\/product\/yoast-seo-wordpress\/ -->\n<title>Vouchery dla firm - Day Spa Rzesz\u00f3w<\/title>\n<meta name=\"description\" content=\"Podzi\u0119kuj pracownikom i partnerom biznesowym w wyj\u0105tkowy spos\u00f3b. Voucher - KARTA PODARUNKOWA - na dowoln\u0105 kwot\u0119\/us\u0142ug\u0119.\" \/>\n<meta name=\"robots\" content=\"index, follow, max-snippet:-1, max-image-preview:large, max-video-preview:-1\" \/>\n<link rel=\"canonical\" href=\"https:\/\/daysparzeszow.pl\/en\/vouchery-dla-firm\/\" \/>\n<meta property=\"og:locale\" content=\"en_US\" \/>\n<meta property=\"og:type\" content=\"article\" \/>\n<meta property=\"og:title\" content=\"Vouchery dla firm - Day Spa Rzesz\u00f3w\" \/>\n<meta property=\"og:description\" content=\"Podzi\u0119kuj pracownikom i partnerom biznesowym w wyj\u0105tkowy spos\u00f3b. Voucher - KARTA PODARUNKOWA - na dowoln\u0105 kwot\u0119\/us\u0142ug\u0119.\" \/>\n<meta property=\"og:url\" content=\"https:\/\/daysparzeszow.pl\/en\/vouchery-dla-firm\/\" \/>\n<meta property=\"og:site_name\" content=\"Day Spa Rzesz\u00f3w\" \/>\n<meta property=\"article:publisher\" content=\"https:\/\/www.facebook.com\/daysparzeszow\" \/>\n<meta property=\"article:modified_time\" content=\"2025-01-30T12:43:07+00:00\" \/>\n<meta property=\"og:image\" content=\"https:\/\/daysparzeszow.pl\/wp-content\/uploads\/2024\/06\/DSCF8756-scaled.jpg\" \/>\n\t<meta property=\"og:image:width\" content=\"1707\" \/>\n\t<meta property=\"og:image:height\" content=\"2560\" \/>\n\t<meta property=\"og:image:type\" content=\"image\/jpeg\" \/>\n<meta name=\"twitter:card\" content=\"summary_large_image\" \/>\n<meta name=\"twitter:label1\" content=\"Est. reading time\" \/>\n\t<meta name=\"twitter:data1\" content=\"2 minutes\" \/>\n<script type=\"application\/ld+json\" class=\"yoast-schema-graph\">{\"@context\":\"https:\\\/\\\/schema.org\",\"@graph\":[{\"@type\":\"WebPage\",\"@id\":\"https:\\\/\\\/daysparzeszow.pl\\\/vouchery-dla-firm\\\/\",\"url\":\"https:\\\/\\\/daysparzeszow.pl\\\/vouchery-dla-firm\\\/\",\"name\":\"Vouchery dla firm - Day Spa Rzesz\u00f3w\",\"isPartOf\":{\"@id\":\"https:\\\/\\\/daysparzeszow.pl\\\/#website\"},\"primaryImageOfPage\":{\"@id\":\"https:\\\/\\\/daysparzeszow.pl\\\/vouchery-dla-firm\\\/#primaryimage\"},\"image\":{\"@id\":\"https:\\\/\\\/daysparzeszow.pl\\\/vouchery-dla-firm\\\/#primaryimage\"},\"thumbnailUrl\":\"https:\\\/\\\/v4.daysparzeszow.pl\\\/wp-content\\\/uploads\\\/2024\\\/06\\\/DSCF8756-683x1024.jpg\",\"datePublished\":\"2024-06-30T09:09:00+00:00\",\"dateModified\":\"2025-01-30T12:43:07+00:00\",\"description\":\"Podzi\u0119kuj pracownikom i partnerom biznesowym w wyj\u0105tkowy spos\u00f3b. Voucher - KARTA PODARUNKOWA - na dowoln\u0105 kwot\u0119\\\/us\u0142ug\u0119.\",\"breadcrumb\":{\"@id\":\"https:\\\/\\\/daysparzeszow.pl\\\/vouchery-dla-firm\\\/#breadcrumb\"},\"inLanguage\":\"en-US\",\"potentialAction\":[{\"@type\":\"ReadAction\",\"target\":[\"https:\\\/\\\/daysparzeszow.pl\\\/vouchery-dla-firm\\\/\"]}]},{\"@type\":\"ImageObject\",\"inLanguage\":\"en-US\",\"@id\":\"https:\\\/\\\/daysparzeszow.pl\\\/vouchery-dla-firm\\\/#primaryimage\",\"url\":\"https:\\\/\\\/v4.daysparzeszow.pl\\\/wp-content\\\/uploads\\\/2024\\\/06\\\/DSCF8756-683x1024.jpg\",\"contentUrl\":\"https:\\\/\\\/v4.daysparzeszow.pl\\\/wp-content\\\/uploads\\\/2024\\\/06\\\/DSCF8756-683x1024.jpg\"},{\"@type\":\"BreadcrumbList\",\"@id\":\"https:\\\/\\\/daysparzeszow.pl\\\/vouchery-dla-firm\\\/#breadcrumb\",\"itemListElement\":[{\"@type\":\"ListItem\",\"position\":1,\"name\":\"Strona g\u0142\u00f3wna\",\"item\":\"https:\\\/\\\/daysparzeszow.pl\\\/\"},{\"@type\":\"ListItem\",\"position\":2,\"name\":\"Vouchery dla firm\"}]},{\"@type\":\"WebSite\",\"@id\":\"https:\\\/\\\/daysparzeszow.pl\\\/#website\",\"url\":\"https:\\\/\\\/daysparzeszow.pl\\\/\",\"name\":\"Day Spa Rzesz\u00f3w\",\"description\":\"Masa\u017c, vouchery, bony podarunkowe, opalanie natryskowe, masa\u017ce dla dwojga\",\"publisher\":{\"@id\":\"https:\\\/\\\/daysparzeszow.pl\\\/#organization\"},\"potentialAction\":[{\"@type\":\"SearchAction\",\"target\":{\"@type\":\"EntryPoint\",\"urlTemplate\":\"https:\\\/\\\/daysparzeszow.pl\\\/?s={search_term_string}\"},\"query-input\":{\"@type\":\"PropertyValueSpecification\",\"valueRequired\":true,\"valueName\":\"search_term_string\"}}],\"inLanguage\":\"en-US\"},{\"@type\":\"Organization\",\"@id\":\"https:\\\/\\\/daysparzeszow.pl\\\/#organization\",\"name\":\"Day Spa Rzesz\u00f3w\",\"url\":\"https:\\\/\\\/daysparzeszow.pl\\\/\",\"logo\":{\"@type\":\"ImageObject\",\"inLanguage\":\"en-US\",\"@id\":\"https:\\\/\\\/daysparzeszow.pl\\\/#\\\/schema\\\/logo\\\/image\\\/\",\"url\":\"https:\\\/\\\/daysparzeszow.pl\\\/wp-content\\\/uploads\\\/2024\\\/06\\\/DaySpa_Logo.png\",\"contentUrl\":\"https:\\\/\\\/daysparzeszow.pl\\\/wp-content\\\/uploads\\\/2024\\\/06\\\/DaySpa_Logo.png\",\"width\":1358,\"height\":886,\"caption\":\"Day Spa Rzesz\u00f3w\"},\"image\":{\"@id\":\"https:\\\/\\\/daysparzeszow.pl\\\/#\\\/schema\\\/logo\\\/image\\\/\"},\"sameAs\":[\"https:\\\/\\\/www.facebook.com\\\/daysparzeszow\",\"https:\\\/\\\/www.instagram.com\\\/daysparzeszow\"]}]}<\/script>\n<!-- \/ Yoast SEO plugin. -->","yoast_head_json":{"title":"Vouchery dla firm - Day Spa Rzesz\u00f3w","description":"Podzi\u0119kuj pracownikom i partnerom biznesowym w wyj\u0105tkowy spos\u00f3b. Voucher - KARTA PODARUNKOWA - na dowoln\u0105 kwot\u0119\/us\u0142ug\u0119.","robots":{"index":"index","follow":"follow","max-snippet":"max-snippet:-1","max-image-preview":"max-image-preview:large","max-video-preview":"max-video-preview:-1"},"canonical":"https:\/\/daysparzeszow.pl\/en\/vouchery-dla-firm\/","og_locale":"en_US","og_type":"article","og_title":"Vouchery dla firm - Day Spa Rzesz\u00f3w","og_description":"Podzi\u0119kuj pracownikom i partnerom biznesowym w wyj\u0105tkowy spos\u00f3b. Voucher - KARTA PODARUNKOWA - na dowoln\u0105 kwot\u0119\/us\u0142ug\u0119.","og_url":"https:\/\/daysparzeszow.pl\/en\/vouchery-dla-firm\/","og_site_name":"Day Spa Rzesz\u00f3w","article_publisher":"https:\/\/www.facebook.com\/daysparzeszow","article_modified_time":"2025-01-30T12:43:07+00:00","og_image":[{"width":1707,"height":2560,"url":"https:\/\/daysparzeszow.pl\/wp-content\/uploads\/2024\/06\/DSCF8756-scaled.jpg","type":"image\/jpeg"}],"twitter_card":"summary_large_image","twitter_misc":{"Est. reading time":"2 minutes"},"schema":{"@context":"https:\/\/schema.org","@graph":[{"@type":"WebPage","@id":"https:\/\/daysparzeszow.pl\/vouchery-dla-firm\/","url":"https:\/\/daysparzeszow.pl\/vouchery-dla-firm\/","name":"Vouchery dla firm - Day Spa Rzesz\u00f3w","isPartOf":{"@id":"https:\/\/daysparzeszow.pl\/#website"},"primaryImageOfPage":{"@id":"https:\/\/daysparzeszow.pl\/vouchery-dla-firm\/#primaryimage"},"image":{"@id":"https:\/\/daysparzeszow.pl\/vouchery-dla-firm\/#primaryimage"},"thumbnailUrl":"https:\/\/v4.daysparzeszow.pl\/wp-content\/uploads\/2024\/06\/DSCF8756-683x1024.jpg","datePublished":"2024-06-30T09:09:00+00:00","dateModified":"2025-01-30T12:43:07+00:00","description":"Podzi\u0119kuj pracownikom i partnerom biznesowym w wyj\u0105tkowy spos\u00f3b. Voucher - KARTA PODARUNKOWA - na dowoln\u0105 kwot\u0119\/us\u0142ug\u0119.","breadcrumb":{"@id":"https:\/\/daysparzeszow.pl\/vouchery-dla-firm\/#breadcrumb"},"inLanguage":"en-US","potentialAction":[{"@type":"ReadAction","target":["https:\/\/daysparzeszow.pl\/vouchery-dla-firm\/"]}]},{"@type":"ImageObject","inLanguage":"en-US","@id":"https:\/\/daysparzeszow.pl\/vouchery-dla-firm\/#primaryimage","url":"https:\/\/v4.daysparzeszow.pl\/wp-content\/uploads\/2024\/06\/DSCF8756-683x1024.jpg","contentUrl":"https:\/\/v4.daysparzeszow.pl\/wp-content\/uploads\/2024\/06\/DSCF8756-683x1024.jpg"},{"@type":"BreadcrumbList","@id":"https:\/\/daysparzeszow.pl\/vouchery-dla-firm\/#breadcrumb","itemListElement":[{"@type":"ListItem","position":1,"name":"Strona g\u0142\u00f3wna","item":"https:\/\/daysparzeszow.pl\/"},{"@type":"ListItem","position":2,"name":"Vouchery dla firm"}]},{"@type":"WebSite","@id":"https:\/\/daysparzeszow.pl\/#website","url":"https:\/\/daysparzeszow.pl\/","name":"Day Spa Rzesz\u00f3w","description":"Masa\u017c, vouchery, bony podarunkowe, opalanie natryskowe, masa\u017ce dla dwojga","publisher":{"@id":"https:\/\/daysparzeszow.pl\/#organization"},"potentialAction":[{"@type":"SearchAction","target":{"@type":"EntryPoint","urlTemplate":"https:\/\/daysparzeszow.pl\/?s={search_term_string}"},"query-input":{"@type":"PropertyValueSpecification","valueRequired":true,"valueName":"search_term_string"}}],"inLanguage":"en-US"},{"@type":"Organization","@id":"https:\/\/daysparzeszow.pl\/#organization","name":"Day Spa Rzesz\u00f3w","url":"https:\/\/daysparzeszow.pl\/","logo":{"@type":"ImageObject","inLanguage":"en-US","@id":"https:\/\/daysparzeszow.pl\/#\/schema\/logo\/image\/","url":"https:\/\/daysparzeszow.pl\/wp-content\/uploads\/2024\/06\/DaySpa_Logo.png","contentUrl":"https:\/\/daysparzeszow.pl\/wp-content\/uploads\/2024\/06\/DaySpa_Logo.png","width":1358,"height":886,"caption":"Day Spa Rzesz\u00f3w"},"image":{"@id":"https:\/\/daysparzeszow.pl\/#\/schema\/logo\/image\/"},"sameAs":["https:\/\/www.facebook.com\/daysparzeszow","https:\/\/www.instagram.com\/daysparzeszow"]}]}},"_links":{"self":[{"href":"https:\/\/daysparzeszow.pl\/en\/wp-json\/wp\/v2\/pages\/310","targetHints":{"allow":["GET"]}}],"collection":[{"href":"https:\/\/daysparzeszow.pl\/en\/wp-json\/wp\/v2\/pages"}],"about":[{"href":"https:\/\/daysparzeszow.pl\/en\/wp-json\/wp\/v2\/types\/page"}],"author":[{"embeddable":true,"href":"https:\/\/daysparzeszow.pl\/en\/wp-json\/wp\/v2\/users\/1"}],"replies":[{"embeddable":true,"href":"https:\/\/daysparzeszow.pl\/en\/wp-json\/wp\/v2\/comments?post=310"}],"version-history":[{"count":15,"href":"https:\/\/daysparzeszow.pl\/en\/wp-json\/wp\/v2\/pages\/310\/revisions"}],"predecessor-version":[{"id":1017,"href":"https:\/\/daysparzeszow.pl\/en\/wp-json\/wp\/v2\/pages\/310\/revisions\/1017"}],"wp:attachment":[{"href":"https:\/\/daysparzeszow.pl\/en\/wp-json\/wp\/v2\/media?parent=310"}],"curies":[{"name":"wp","href":"https:\/\/api.w.org\/{rel}","templated":true}]}}