{"id":312,"date":"2024-06-30T11:09:19","date_gmt":"2024-06-30T09:09:19","guid":{"rendered":"https:\/\/v4.daysparzeszow.pl\/?page_id=312"},"modified":"2026-02-28T17:44:05","modified_gmt":"2026-02-28T16:44:05","slug":"masaze-dla-dwojga","status":"publish","type":"page","link":"https:\/\/daysparzeszow.pl\/en\/masaze-dla-dwojga\/","title":{"rendered":"Massage for two"},"content":{"rendered":"<p>Stop for a moment and allow yourself a moment of relief that you will experience together. Our signature massages for two are the perfect opportunity to relax in the company of a loved one. In a cozy, intimate atmosphere, our experienced therapists will make sure that you feel deep relaxation and harmonious relief. <\/p>\n\n\n\n<p>During the massage, each of you will receive individual care, tailored to the needs of your body and mind. It is a great way to celebrate important moments together or escape from the daily rush. After relaxing together, we invite you for a treat with a little surprise!<\/p>\n\n\n\n<p>We invite you to book an appointment \u2013 this unique moment is waiting for you!<\/p>\n\n\n\n<figure class=\"wp-block-embed is-type-video is-provider-youtube wp-block-embed-youtube wp-embed-aspect-16-9 wp-has-aspect-ratio\"><div class=\"wp-block-embed__wrapper\">\n<iframe loading=\"lazy\" title=\"Masa\u017c Rzesz\u00f3w\" width=\"563\" height=\"1000\" src=\"https:\/\/www.youtube.com\/embed\/Uu06GmaCXGo?feature=oembed\" frameborder=\"0\" allow=\"accelerometer; autoplay; clipboard-write; encrypted-media; gyroscope; picture-in-picture; web-share\" referrerpolicy=\"strict-origin-when-cross-origin\" allowfullscreen><\/iframe>\n<\/div><\/figure>\n\n\n\n<h3 class=\"wp-block-heading has-text-align-center\"><strong>Price list ( for two)<\/strong><\/h3>\n\n\n<div class=\"flex-container-pl\"><div class=\"flex-container-row-pl\"><div class=\"flex-service-name-pl content-font-pl content-font-header-pl\"><\/div><div class=\"flex-price-pl content-font-pl content-font-header-pl\">ok. 30 min<\/div><div class=\"flex-price-pl content-font-pl content-font-header-pl\">ok. 60 min<\/div><div class=\"flex-price-pl content-font-pl content-font-header-pl\">ok. 90 min<br \/><\/div><\/div><div class=\"flex-container-row-pl\"><div class=\"flex-service-name-pl content-font-pl\">MEDICAL<\/div><div class=\"flex-price-pl content-font-pl\">238<\/div><div class=\"flex-price-pl content-font-pl\">378<\/div><div class=\"flex-price-pl content-font-pl\">458<br \/><\/div><\/div><div class=\"flex-container-row-pl\"><div class=\"flex-service-name-pl content-font-pl\">RELAXING<\/div><div class=\"flex-price-pl content-font-pl\">238<\/div><div class=\"flex-price-pl content-font-pl\">378<\/div><div class=\"flex-price-pl content-font-pl\">458<br \/><\/div><\/div><div class=\"flex-container-row-pl\"><div class=\"flex-service-name-pl content-font-pl\">RELAXING with warm additions<\/div><div class=\"flex-price-pl content-font-pl\">258<\/div><div class=\"flex-price-pl content-font-pl\">398<\/div><div class=\"flex-price-pl content-font-pl\">478<br \/><\/div><\/div><div class=\"flex-container-row-pl\"><div class=\"flex-service-name-pl content-font-pl\">NECK, BACK, AND HEAD<\/div><div class=\"flex-price-pl content-font-pl\">-<\/div><div class=\"flex-price-pl content-font-pl\">398<\/div><div class=\"flex-price-pl content-font-pl\">-<br \/><\/div><\/div><div class=\"flex-container-row-pl\"><div class=\"flex-service-name-pl content-font-pl\">CHOCOLATE RELAX<\/div><div class=\"flex-price-pl content-font-pl\">278<\/div><div class=\"flex-price-pl content-font-pl\">418<\/div><div class=\"flex-price-pl content-font-pl\">498<br \/><\/div><\/div><div class=\"flex-container-row-pl\"><div class=\"flex-service-name-pl content-font-pl\">DEEPLY SOOTHING FACE + NECK + HEAD MASSAGE (40 min)<\/div><div class=\"flex-price-pl content-font-pl\">338<\/div><div class=\"flex-price-pl content-font-pl\">-<\/div><div class=\"flex-price-pl content-font-pl\">-<br \/><\/div><\/div><div class=\"flex-container-row-pl\"><div class=\"flex-service-name-pl content-font-pl\">DEEPLY SOOTHING FACE + NECK + HEAD MASSAGE (60 min)<\/div><div class=\"flex-price-pl content-font-pl\">-<\/div><div class=\"flex-price-pl content-font-pl\">398<\/div><div class=\"flex-price-pl content-font-pl\">-<br \/><\/div><\/div><div class=\"flex-container-row-pl\"><div class=\"flex-service-name-pl content-font-pl\">JAPANESE FACE LIFTING KOBIDO<\/div><div class=\"flex-price-pl content-font-pl\">-<\/div><div class=\"flex-price-pl content-font-pl\">438<\/div><div class=\"flex-price-pl content-font-pl\">-<br \/><\/div><\/div><div class=\"flex-container-row-pl\"><div class=\"flex-service-name-pl content-font-pl\">JAPANESE FACE LIFTING KOBIDO PREMIUM<\/div><div class=\"flex-price-pl content-font-pl\">-<\/div><div class=\"flex-price-pl content-font-pl\">-<\/div><div class=\"flex-price-pl content-font-pl\">558<br \/><\/div><\/div><div class=\"flex-container-row-pl\"><div class=\"flex-service-name-pl content-font-pl\">RITUAL \"SHARED MOMENTS\"  <span class=\"content-small-font\">(holistic relaxing massage with warmth + facial and head massage)<\/span><\/div><div class=\"flex-price-pl content-font-pl\">\u2013<\/div><div class=\"flex-price-pl content-font-pl\">\u2013<\/div><div class=\"flex-price-pl content-font-pl\">549<br \/><\/div><\/div><\/div>\n\n\n\n<p>Telephone \/ email booking only! <a href=\"https:\/\/daysparzeszow.pl\/en\/kontakt\/\" target=\"_blank\" rel=\"noreferrer noopener\">Email us! <\/a>or call us 728 181 557 !<\/p>","protected":false},"excerpt":{"rendered":"<p>Zatrzymajcie si\u0119 na moment i pozw\u00f3lcie sobie na chwil\u0119 ukojenia, kt\u00f3r\u0105 prze\u017cyjecie razem. Nasze autorskie masa\u017ce dla dwojga to idealna okazja, by odpr\u0119\u017cy\u0107 si\u0119 w towarzystwie bliskiej osoby. W przytulnej, &hellip; <\/p>","protected":false},"author":1,"featured_media":0,"parent":0,"menu_order":0,"comment_status":"closed","ping_status":"closed","template":"","meta":{"footnotes":""},"class_list":["post-312","page","type-page","status-publish","hentry","has-meta has-sticky-meta"],"yoast_head":"<!-- This site is optimized with the Yoast SEO plugin v27.6 - https:\/\/yoast.com\/product\/yoast-seo-wordpress\/ -->\n<title>Masa\u017ce dla dwojga - Day Spa Rzesz\u00f3w<\/title>\n<meta name=\"description\" content=\"Masa\u017ce dla dwojga \u2013 nasze autorskie masa\u017ce dla dwojga to idealna okazja, by odpr\u0119\u017cy\u0107 si\u0119 w towarzystwie bliskiej osoby.\" \/>\n<meta name=\"robots\" content=\"index, follow, max-snippet:-1, max-image-preview:large, max-video-preview:-1\" \/>\n<link rel=\"canonical\" href=\"https:\/\/daysparzeszow.pl\/en\/masaze-dla-dwojga\/\" \/>\n<meta property=\"og:locale\" content=\"en_US\" \/>\n<meta property=\"og:type\" content=\"article\" \/>\n<meta property=\"og:title\" content=\"Masa\u017ce dla dwojga - Day Spa Rzesz\u00f3w\" \/>\n<meta property=\"og:description\" content=\"Masa\u017ce dla dwojga \u2013 nasze autorskie masa\u017ce dla dwojga to idealna okazja, by odpr\u0119\u017cy\u0107 si\u0119 w towarzystwie bliskiej osoby.\" \/>\n<meta property=\"og:url\" content=\"https:\/\/daysparzeszow.pl\/en\/masaze-dla-dwojga\/\" \/>\n<meta property=\"og:site_name\" content=\"Day Spa Rzesz\u00f3w\" \/>\n<meta property=\"article:publisher\" content=\"https:\/\/www.facebook.com\/daysparzeszow\" \/>\n<meta property=\"article:modified_time\" content=\"2026-02-28T16:44:05+00:00\" \/>\n<meta name=\"twitter:card\" content=\"summary_large_image\" \/>\n<meta name=\"twitter:label1\" content=\"Est. reading time\" \/>\n\t<meta name=\"twitter:data1\" content=\"2 minutes\" \/>\n<script type=\"application\/ld+json\" class=\"yoast-schema-graph\">{\"@context\":\"https:\\\/\\\/schema.org\",\"@graph\":[{\"@type\":\"WebPage\",\"@id\":\"https:\\\/\\\/daysparzeszow.pl\\\/masaze-dla-dwojga\\\/\",\"url\":\"https:\\\/\\\/daysparzeszow.pl\\\/masaze-dla-dwojga\\\/\",\"name\":\"Masa\u017ce dla dwojga - Day Spa Rzesz\u00f3w\",\"isPartOf\":{\"@id\":\"https:\\\/\\\/daysparzeszow.pl\\\/#website\"},\"datePublished\":\"2024-06-30T09:09:19+00:00\",\"dateModified\":\"2026-02-28T16:44:05+00:00\",\"description\":\"Masa\u017ce dla dwojga \u2013 nasze autorskie masa\u017ce dla dwojga to idealna okazja, by odpr\u0119\u017cy\u0107 si\u0119 w towarzystwie bliskiej osoby.\",\"breadcrumb\":{\"@id\":\"https:\\\/\\\/daysparzeszow.pl\\\/masaze-dla-dwojga\\\/#breadcrumb\"},\"inLanguage\":\"en-US\",\"potentialAction\":[{\"@type\":\"ReadAction\",\"target\":[\"https:\\\/\\\/daysparzeszow.pl\\\/masaze-dla-dwojga\\\/\"]}]},{\"@type\":\"BreadcrumbList\",\"@id\":\"https:\\\/\\\/daysparzeszow.pl\\\/masaze-dla-dwojga\\\/#breadcrumb\",\"itemListElement\":[{\"@type\":\"ListItem\",\"position\":1,\"name\":\"Strona g\u0142\u00f3wna\",\"item\":\"https:\\\/\\\/daysparzeszow.pl\\\/\"},{\"@type\":\"ListItem\",\"position\":2,\"name\":\"Masa\u017ce dla dwojga\"}]},{\"@type\":\"WebSite\",\"@id\":\"https:\\\/\\\/daysparzeszow.pl\\\/#website\",\"url\":\"https:\\\/\\\/daysparzeszow.pl\\\/\",\"name\":\"Day Spa Rzesz\u00f3w\",\"description\":\"Masa\u017c, vouchery, bony podarunkowe, opalanie natryskowe, masa\u017ce dla dwojga\",\"publisher\":{\"@id\":\"https:\\\/\\\/daysparzeszow.pl\\\/#organization\"},\"potentialAction\":[{\"@type\":\"SearchAction\",\"target\":{\"@type\":\"EntryPoint\",\"urlTemplate\":\"https:\\\/\\\/daysparzeszow.pl\\\/?s={search_term_string}\"},\"query-input\":{\"@type\":\"PropertyValueSpecification\",\"valueRequired\":true,\"valueName\":\"search_term_string\"}}],\"inLanguage\":\"en-US\"},{\"@type\":\"Organization\",\"@id\":\"https:\\\/\\\/daysparzeszow.pl\\\/#organization\",\"name\":\"Day Spa Rzesz\u00f3w\",\"url\":\"https:\\\/\\\/daysparzeszow.pl\\\/\",\"logo\":{\"@type\":\"ImageObject\",\"inLanguage\":\"en-US\",\"@id\":\"https:\\\/\\\/daysparzeszow.pl\\\/#\\\/schema\\\/logo\\\/image\\\/\",\"url\":\"https:\\\/\\\/daysparzeszow.pl\\\/wp-content\\\/uploads\\\/2024\\\/06\\\/DaySpa_Logo.png\",\"contentUrl\":\"https:\\\/\\\/daysparzeszow.pl\\\/wp-content\\\/uploads\\\/2024\\\/06\\\/DaySpa_Logo.png\",\"width\":1358,\"height\":886,\"caption\":\"Day Spa Rzesz\u00f3w\"},\"image\":{\"@id\":\"https:\\\/\\\/daysparzeszow.pl\\\/#\\\/schema\\\/logo\\\/image\\\/\"},\"sameAs\":[\"https:\\\/\\\/www.facebook.com\\\/daysparzeszow\",\"https:\\\/\\\/www.instagram.com\\\/daysparzeszow\"]}]}<\/script>\n<!-- \/ Yoast SEO plugin. -->","yoast_head_json":{"title":"Masa\u017ce dla dwojga - Day Spa Rzesz\u00f3w","description":"Masa\u017ce dla dwojga \u2013 nasze autorskie masa\u017ce dla dwojga to idealna okazja, by odpr\u0119\u017cy\u0107 si\u0119 w towarzystwie bliskiej osoby.","robots":{"index":"index","follow":"follow","max-snippet":"max-snippet:-1","max-image-preview":"max-image-preview:large","max-video-preview":"max-video-preview:-1"},"canonical":"https:\/\/daysparzeszow.pl\/en\/masaze-dla-dwojga\/","og_locale":"en_US","og_type":"article","og_title":"Masa\u017ce dla dwojga - Day Spa Rzesz\u00f3w","og_description":"Masa\u017ce dla dwojga \u2013 nasze autorskie masa\u017ce dla dwojga to idealna okazja, by odpr\u0119\u017cy\u0107 si\u0119 w towarzystwie bliskiej osoby.","og_url":"https:\/\/daysparzeszow.pl\/en\/masaze-dla-dwojga\/","og_site_name":"Day Spa Rzesz\u00f3w","article_publisher":"https:\/\/www.facebook.com\/daysparzeszow","article_modified_time":"2026-02-28T16:44:05+00:00","twitter_card":"summary_large_image","twitter_misc":{"Est. reading time":"2 minutes"},"schema":{"@context":"https:\/\/schema.org","@graph":[{"@type":"WebPage","@id":"https:\/\/daysparzeszow.pl\/masaze-dla-dwojga\/","url":"https:\/\/daysparzeszow.pl\/masaze-dla-dwojga\/","name":"Masa\u017ce dla dwojga - Day Spa Rzesz\u00f3w","isPartOf":{"@id":"https:\/\/daysparzeszow.pl\/#website"},"datePublished":"2024-06-30T09:09:19+00:00","dateModified":"2026-02-28T16:44:05+00:00","description":"Masa\u017ce dla dwojga \u2013 nasze autorskie masa\u017ce dla dwojga to idealna okazja, by odpr\u0119\u017cy\u0107 si\u0119 w towarzystwie bliskiej osoby.","breadcrumb":{"@id":"https:\/\/daysparzeszow.pl\/masaze-dla-dwojga\/#breadcrumb"},"inLanguage":"en-US","potentialAction":[{"@type":"ReadAction","target":["https:\/\/daysparzeszow.pl\/masaze-dla-dwojga\/"]}]},{"@type":"BreadcrumbList","@id":"https:\/\/daysparzeszow.pl\/masaze-dla-dwojga\/#breadcrumb","itemListElement":[{"@type":"ListItem","position":1,"name":"Strona g\u0142\u00f3wna","item":"https:\/\/daysparzeszow.pl\/"},{"@type":"ListItem","position":2,"name":"Masa\u017ce dla dwojga"}]},{"@type":"WebSite","@id":"https:\/\/daysparzeszow.pl\/#website","url":"https:\/\/daysparzeszow.pl\/","name":"Day Spa Rzesz\u00f3w","description":"Masa\u017c, vouchery, bony podarunkowe, opalanie natryskowe, masa\u017ce dla dwojga","publisher":{"@id":"https:\/\/daysparzeszow.pl\/#organization"},"potentialAction":[{"@type":"SearchAction","target":{"@type":"EntryPoint","urlTemplate":"https:\/\/daysparzeszow.pl\/?s={search_term_string}"},"query-input":{"@type":"PropertyValueSpecification","valueRequired":true,"valueName":"search_term_string"}}],"inLanguage":"en-US"},{"@type":"Organization","@id":"https:\/\/daysparzeszow.pl\/#organization","name":"Day Spa Rzesz\u00f3w","url":"https:\/\/daysparzeszow.pl\/","logo":{"@type":"ImageObject","inLanguage":"en-US","@id":"https:\/\/daysparzeszow.pl\/#\/schema\/logo\/image\/","url":"https:\/\/daysparzeszow.pl\/wp-content\/uploads\/2024\/06\/DaySpa_Logo.png","contentUrl":"https:\/\/daysparzeszow.pl\/wp-content\/uploads\/2024\/06\/DaySpa_Logo.png","width":1358,"height":886,"caption":"Day Spa Rzesz\u00f3w"},"image":{"@id":"https:\/\/daysparzeszow.pl\/#\/schema\/logo\/image\/"},"sameAs":["https:\/\/www.facebook.com\/daysparzeszow","https:\/\/www.instagram.com\/daysparzeszow"]}]}},"_links":{"self":[{"href":"https:\/\/daysparzeszow.pl\/en\/wp-json\/wp\/v2\/pages\/312","targetHints":{"allow":["GET"]}}],"collection":[{"href":"https:\/\/daysparzeszow.pl\/en\/wp-json\/wp\/v2\/pages"}],"about":[{"href":"https:\/\/daysparzeszow.pl\/en\/wp-json\/wp\/v2\/types\/page"}],"author":[{"embeddable":true,"href":"https:\/\/daysparzeszow.pl\/en\/wp-json\/wp\/v2\/users\/1"}],"replies":[{"embeddable":true,"href":"https:\/\/daysparzeszow.pl\/en\/wp-json\/wp\/v2\/comments?post=312"}],"version-history":[{"count":13,"href":"https:\/\/daysparzeszow.pl\/en\/wp-json\/wp\/v2\/pages\/312\/revisions"}],"predecessor-version":[{"id":1619,"href":"https:\/\/daysparzeszow.pl\/en\/wp-json\/wp\/v2\/pages\/312\/revisions\/1619"}],"wp:attachment":[{"href":"https:\/\/daysparzeszow.pl\/en\/wp-json\/wp\/v2\/media?parent=312"}],"curies":[{"name":"wp","href":"https:\/\/api.w.org\/{rel}","templated":true}]}}