{"id":475,"date":"2024-07-04T12:27:01","date_gmt":"2024-07-04T10:27:01","guid":{"rendered":"https:\/\/v4.daysparzeszow.pl\/?page_id=475"},"modified":"2026-05-05T08:40:38","modified_gmt":"2026-05-05T06:40:38","slug":"promocje","status":"publish","type":"page","link":"https:\/\/daysparzeszow.pl\/en\/promocje\/","title":{"rendered":"Promotion"},"content":{"rendered":"<p><\/p>\n\n\n\n<div class=\"wp-block-media-text is-stacked-on-mobile is-vertically-aligned-center\" style=\"grid-template-columns:29% auto\"><figure class=\"wp-block-media-text__media\"><img loading=\"lazy\" decoding=\"async\" width=\"940\" height=\"788\" src=\"https:\/\/v4.daysparzeszow.pl\/wp-content\/uploads\/2024\/07\/Rytual-piel-70.png\" alt=\"\" class=\"wp-image-496 size-full\" srcset=\"https:\/\/daysparzeszow.pl\/wp-content\/uploads\/2024\/07\/Rytual-piel-70.png 940w, https:\/\/daysparzeszow.pl\/wp-content\/uploads\/2024\/07\/Rytual-piel-70-300x251.png 300w, https:\/\/daysparzeszow.pl\/wp-content\/uploads\/2024\/07\/Rytual-piel-70-768x644.png 768w, https:\/\/daysparzeszow.pl\/wp-content\/uploads\/2024\/07\/Rytual-piel-70-14x12.png 14w, https:\/\/daysparzeszow.pl\/wp-content\/uploads\/2024\/07\/Rytual-piel-70-600x503.png 600w\" sizes=\"auto, (max-width: 940px) 100vw, 940px\" \/><\/figure><div class=\"wp-block-media-text__content\">\n<p class=\"has-text-align-left\" style=\"font-size:18px\"><strong>Loyalty card<\/strong> is our way of thanking you for your trust!<br><strong>Every 5 treatments - 10% discount; 10 treatments - 20% discount<\/strong><br>Thank you for being with us and allowing us to look after your wellbeing!<\/p>\n<\/div><\/div>\n\n\n\n<hr class=\"wp-block-separator has-alpha-channel-opacity\"\/>\n\n\n\n<div class=\"wp-block-media-text is-stacked-on-mobile\" style=\"grid-template-columns:29% auto\"><figure class=\"wp-block-media-text__media\"><img data-dominant-color=\"e9caaa\" data-has-transparency=\"true\" style=\"--dominant-color: #e9caaa;\" loading=\"lazy\" decoding=\"async\" width=\"1024\" height=\"1024\" src=\"https:\/\/daysparzeszow.pl\/wp-content\/uploads\/2024\/09\/grafika_jestesmy-partnerami-1024x1024.png\" alt=\"\" class=\"wp-image-712 size-full has-transparency\" srcset=\"https:\/\/daysparzeszow.pl\/wp-content\/uploads\/2024\/09\/grafika_jestesmy-partnerami-1024x1024.png 1024w, https:\/\/daysparzeszow.pl\/wp-content\/uploads\/2024\/09\/grafika_jestesmy-partnerami-300x300.png 300w, https:\/\/daysparzeszow.pl\/wp-content\/uploads\/2024\/09\/grafika_jestesmy-partnerami-150x150.png 150w, https:\/\/daysparzeszow.pl\/wp-content\/uploads\/2024\/09\/grafika_jestesmy-partnerami-768x768.png 768w, https:\/\/daysparzeszow.pl\/wp-content\/uploads\/2024\/09\/grafika_jestesmy-partnerami-12x12.png 12w, https:\/\/daysparzeszow.pl\/wp-content\/uploads\/2024\/09\/grafika_jestesmy-partnerami-600x600.png 600w, https:\/\/daysparzeszow.pl\/wp-content\/uploads\/2024\/09\/grafika_jestesmy-partnerami-100x100.png 100w, https:\/\/daysparzeszow.pl\/wp-content\/uploads\/2024\/09\/grafika_jestesmy-partnerami.png 1080w\" sizes=\"auto, (max-width: 1024px) 100vw, 1024px\" \/><\/figure><div class=\"wp-block-media-text__content\">\n<p style=\"font-size:18px\">We are a partner of <strong>Rzeszow Resident Card<\/strong>, thanks to which you can take advantage of attractive discounts on our wonderful massages and rituals! The card is completely free of charge! Take advantage, take care of yourself and your health! <a href=\"https:\/\/rzeszowtomy.pl\/\">rzeszowtomy.pl<\/a><\/p>\n<\/div><\/div>\n\n\n\n<hr class=\"wp-block-separator has-alpha-channel-opacity\"\/>\n\n\n\n<div class=\"wp-block-media-text is-stacked-on-mobile\" style=\"grid-template-columns:30% auto\"><figure class=\"wp-block-media-text__media\"><img data-dominant-color=\"907774\" data-has-transparency=\"true\" style=\"--dominant-color: #907774;\" loading=\"lazy\" decoding=\"async\" width=\"1024\" height=\"685\" src=\"https:\/\/daysparzeszow.pl\/wp-content\/uploads\/2024\/10\/Projekt-bez-nazwy-6-1024x685.png\" alt=\"\" class=\"wp-image-722 size-full has-transparency\" srcset=\"https:\/\/daysparzeszow.pl\/wp-content\/uploads\/2024\/10\/Projekt-bez-nazwy-6-1024x685.png 1024w, https:\/\/daysparzeszow.pl\/wp-content\/uploads\/2024\/10\/Projekt-bez-nazwy-6-300x201.png 300w, https:\/\/daysparzeszow.pl\/wp-content\/uploads\/2024\/10\/Projekt-bez-nazwy-6-768x514.png 768w, https:\/\/daysparzeszow.pl\/wp-content\/uploads\/2024\/10\/Projekt-bez-nazwy-6-18x12.png 18w, https:\/\/daysparzeszow.pl\/wp-content\/uploads\/2024\/10\/Projekt-bez-nazwy-6-600x402.png 600w, https:\/\/daysparzeszow.pl\/wp-content\/uploads\/2024\/10\/Projekt-bez-nazwy-6.png 1200w\" sizes=\"auto, (max-width: 1024px) 100vw, 1024px\" \/><\/figure><div class=\"wp-block-media-text__content\">\n<p class=\"has-text-align-left\" style=\"font-size:18px\"><strong>Cheaper as a package!<\/strong><\/p>\n\n\n\n<p class=\"has-text-align-left\" style=\"font-size:18px\">We offer packages of 5 and 10 massages - classical, relaxation, modeling, Kobido.  Check in <strong><a href=\"https:\/\/daysparzeszow.pl\/en\/cennik\/\">Price list!<\/a><\/strong><\/p>\n\n\n\n<p style=\"font-size:18px\"><\/p>\n<\/div><\/div>\n\n\n\n<p><\/p>\n\n\n\n<hr class=\"wp-block-separator has-alpha-channel-opacity\"\/>\n\n\n\n<p><\/p>","protected":false},"excerpt":{"rendered":"<p>Karta sta\u0142ego klienta to nasz spos\u00f3b na podzi\u0119kowanie Wam za zaufanie!Ka\u017cdy 5 zabieg &#8211; 10% zni\u017cki; 10 zabieg &#8211; 20 % zni\u017ckiDzi\u0119kujemy, \u017ce jeste\u015bcie z Nami i pozwalacie Nam dba\u0107 &hellip; <\/p>","protected":false},"author":1,"featured_media":0,"parent":0,"menu_order":0,"comment_status":"closed","ping_status":"closed","template":"","meta":{"footnotes":""},"class_list":["post-475","page","type-page","status-publish","hentry","has-meta has-sticky-meta"],"yoast_head":"<!-- This site is optimized with the Yoast SEO plugin v27.6 - https:\/\/yoast.com\/product\/yoast-seo-wordpress\/ -->\n<title>Promocje - Day Spa Rzesz\u00f3w<\/title>\n<meta name=\"robots\" content=\"index, follow, max-snippet:-1, max-image-preview:large, max-video-preview:-1\" \/>\n<link rel=\"canonical\" href=\"https:\/\/daysparzeszow.pl\/en\/promocje\/\" \/>\n<meta property=\"og:locale\" content=\"en_US\" \/>\n<meta property=\"og:type\" content=\"article\" \/>\n<meta property=\"og:title\" content=\"Promocje - Day Spa Rzesz\u00f3w\" \/>\n<meta property=\"og:description\" content=\"Karta sta\u0142ego klienta to nasz spos\u00f3b na podzi\u0119kowanie Wam za zaufanie!Ka\u017cdy 5 zabieg &#8211; 10% zni\u017cki; 10 zabieg &#8211; 20 % zni\u017ckiDzi\u0119kujemy, \u017ce jeste\u015bcie z Nami i pozwalacie Nam dba\u0107 &hellip;\" \/>\n<meta property=\"og:url\" content=\"https:\/\/daysparzeszow.pl\/en\/promocje\/\" \/>\n<meta property=\"og:site_name\" content=\"Day Spa Rzesz\u00f3w\" \/>\n<meta property=\"article:publisher\" content=\"https:\/\/www.facebook.com\/daysparzeszow\" \/>\n<meta property=\"article:modified_time\" content=\"2026-05-05T06:40:38+00:00\" \/>\n<meta property=\"og:image\" content=\"https:\/\/daysparzeszow.pl\/wp-content\/uploads\/2024\/07\/Rytual-piel-70.png\" \/>\n\t<meta property=\"og:image:width\" content=\"940\" \/>\n\t<meta property=\"og:image:height\" content=\"788\" \/>\n\t<meta property=\"og:image:type\" content=\"image\/png\" \/>\n<meta name=\"twitter:card\" content=\"summary_large_image\" \/>\n<meta name=\"twitter:label1\" content=\"Est. reading time\" \/>\n\t<meta name=\"twitter:data1\" content=\"2 minutes\" \/>\n<script type=\"application\/ld+json\" class=\"yoast-schema-graph\">{\"@context\":\"https:\\\/\\\/schema.org\",\"@graph\":[{\"@type\":\"WebPage\",\"@id\":\"https:\\\/\\\/daysparzeszow.pl\\\/promocje\\\/\",\"url\":\"https:\\\/\\\/daysparzeszow.pl\\\/promocje\\\/\",\"name\":\"Promocje - Day Spa Rzesz\u00f3w\",\"isPartOf\":{\"@id\":\"https:\\\/\\\/daysparzeszow.pl\\\/#website\"},\"primaryImageOfPage\":{\"@id\":\"https:\\\/\\\/daysparzeszow.pl\\\/promocje\\\/#primaryimage\"},\"image\":{\"@id\":\"https:\\\/\\\/daysparzeszow.pl\\\/promocje\\\/#primaryimage\"},\"thumbnailUrl\":\"https:\\\/\\\/v4.daysparzeszow.pl\\\/wp-content\\\/uploads\\\/2024\\\/07\\\/Rytual-piel-70.png\",\"datePublished\":\"2024-07-04T10:27:01+00:00\",\"dateModified\":\"2026-05-05T06:40:38+00:00\",\"breadcrumb\":{\"@id\":\"https:\\\/\\\/daysparzeszow.pl\\\/promocje\\\/#breadcrumb\"},\"inLanguage\":\"en-US\",\"potentialAction\":[{\"@type\":\"ReadAction\",\"target\":[\"https:\\\/\\\/daysparzeszow.pl\\\/promocje\\\/\"]}]},{\"@type\":\"ImageObject\",\"inLanguage\":\"en-US\",\"@id\":\"https:\\\/\\\/daysparzeszow.pl\\\/promocje\\\/#primaryimage\",\"url\":\"https:\\\/\\\/v4.daysparzeszow.pl\\\/wp-content\\\/uploads\\\/2024\\\/07\\\/Rytual-piel-70.png\",\"contentUrl\":\"https:\\\/\\\/v4.daysparzeszow.pl\\\/wp-content\\\/uploads\\\/2024\\\/07\\\/Rytual-piel-70.png\"},{\"@type\":\"BreadcrumbList\",\"@id\":\"https:\\\/\\\/daysparzeszow.pl\\\/promocje\\\/#breadcrumb\",\"itemListElement\":[{\"@type\":\"ListItem\",\"position\":1,\"name\":\"Strona g\u0142\u00f3wna\",\"item\":\"https:\\\/\\\/daysparzeszow.pl\\\/\"},{\"@type\":\"ListItem\",\"position\":2,\"name\":\"Promocje\"}]},{\"@type\":\"WebSite\",\"@id\":\"https:\\\/\\\/daysparzeszow.pl\\\/#website\",\"url\":\"https:\\\/\\\/daysparzeszow.pl\\\/\",\"name\":\"Day Spa Rzesz\u00f3w\",\"description\":\"Masa\u017c, vouchery, bony podarunkowe, opalanie natryskowe, masa\u017ce dla dwojga\",\"publisher\":{\"@id\":\"https:\\\/\\\/daysparzeszow.pl\\\/#organization\"},\"potentialAction\":[{\"@type\":\"SearchAction\",\"target\":{\"@type\":\"EntryPoint\",\"urlTemplate\":\"https:\\\/\\\/daysparzeszow.pl\\\/?s={search_term_string}\"},\"query-input\":{\"@type\":\"PropertyValueSpecification\",\"valueRequired\":true,\"valueName\":\"search_term_string\"}}],\"inLanguage\":\"en-US\"},{\"@type\":\"Organization\",\"@id\":\"https:\\\/\\\/daysparzeszow.pl\\\/#organization\",\"name\":\"Day Spa Rzesz\u00f3w\",\"url\":\"https:\\\/\\\/daysparzeszow.pl\\\/\",\"logo\":{\"@type\":\"ImageObject\",\"inLanguage\":\"en-US\",\"@id\":\"https:\\\/\\\/daysparzeszow.pl\\\/#\\\/schema\\\/logo\\\/image\\\/\",\"url\":\"https:\\\/\\\/daysparzeszow.pl\\\/wp-content\\\/uploads\\\/2024\\\/06\\\/DaySpa_Logo.png\",\"contentUrl\":\"https:\\\/\\\/daysparzeszow.pl\\\/wp-content\\\/uploads\\\/2024\\\/06\\\/DaySpa_Logo.png\",\"width\":1358,\"height\":886,\"caption\":\"Day Spa Rzesz\u00f3w\"},\"image\":{\"@id\":\"https:\\\/\\\/daysparzeszow.pl\\\/#\\\/schema\\\/logo\\\/image\\\/\"},\"sameAs\":[\"https:\\\/\\\/www.facebook.com\\\/daysparzeszow\",\"https:\\\/\\\/www.instagram.com\\\/daysparzeszow\"]}]}<\/script>\n<!-- \/ Yoast SEO plugin. -->","yoast_head_json":{"title":"Promocje - Day Spa Rzesz\u00f3w","robots":{"index":"index","follow":"follow","max-snippet":"max-snippet:-1","max-image-preview":"max-image-preview:large","max-video-preview":"max-video-preview:-1"},"canonical":"https:\/\/daysparzeszow.pl\/en\/promocje\/","og_locale":"en_US","og_type":"article","og_title":"Promocje - Day Spa Rzesz\u00f3w","og_description":"Karta sta\u0142ego klienta to nasz spos\u00f3b na podzi\u0119kowanie Wam za zaufanie!Ka\u017cdy 5 zabieg &#8211; 10% zni\u017cki; 10 zabieg &#8211; 20 % zni\u017ckiDzi\u0119kujemy, \u017ce jeste\u015bcie z Nami i pozwalacie Nam dba\u0107 &hellip;","og_url":"https:\/\/daysparzeszow.pl\/en\/promocje\/","og_site_name":"Day Spa Rzesz\u00f3w","article_publisher":"https:\/\/www.facebook.com\/daysparzeszow","article_modified_time":"2026-05-05T06:40:38+00:00","og_image":[{"width":940,"height":788,"url":"https:\/\/daysparzeszow.pl\/wp-content\/uploads\/2024\/07\/Rytual-piel-70.png","type":"image\/png"}],"twitter_card":"summary_large_image","twitter_misc":{"Est. reading time":"2 minutes"},"schema":{"@context":"https:\/\/schema.org","@graph":[{"@type":"WebPage","@id":"https:\/\/daysparzeszow.pl\/promocje\/","url":"https:\/\/daysparzeszow.pl\/promocje\/","name":"Promocje - Day Spa Rzesz\u00f3w","isPartOf":{"@id":"https:\/\/daysparzeszow.pl\/#website"},"primaryImageOfPage":{"@id":"https:\/\/daysparzeszow.pl\/promocje\/#primaryimage"},"image":{"@id":"https:\/\/daysparzeszow.pl\/promocje\/#primaryimage"},"thumbnailUrl":"https:\/\/v4.daysparzeszow.pl\/wp-content\/uploads\/2024\/07\/Rytual-piel-70.png","datePublished":"2024-07-04T10:27:01+00:00","dateModified":"2026-05-05T06:40:38+00:00","breadcrumb":{"@id":"https:\/\/daysparzeszow.pl\/promocje\/#breadcrumb"},"inLanguage":"en-US","potentialAction":[{"@type":"ReadAction","target":["https:\/\/daysparzeszow.pl\/promocje\/"]}]},{"@type":"ImageObject","inLanguage":"en-US","@id":"https:\/\/daysparzeszow.pl\/promocje\/#primaryimage","url":"https:\/\/v4.daysparzeszow.pl\/wp-content\/uploads\/2024\/07\/Rytual-piel-70.png","contentUrl":"https:\/\/v4.daysparzeszow.pl\/wp-content\/uploads\/2024\/07\/Rytual-piel-70.png"},{"@type":"BreadcrumbList","@id":"https:\/\/daysparzeszow.pl\/promocje\/#breadcrumb","itemListElement":[{"@type":"ListItem","position":1,"name":"Strona g\u0142\u00f3wna","item":"https:\/\/daysparzeszow.pl\/"},{"@type":"ListItem","position":2,"name":"Promocje"}]},{"@type":"WebSite","@id":"https:\/\/daysparzeszow.pl\/#website","url":"https:\/\/daysparzeszow.pl\/","name":"Day Spa Rzesz\u00f3w","description":"Masa\u017c, vouchery, bony podarunkowe, opalanie natryskowe, masa\u017ce dla dwojga","publisher":{"@id":"https:\/\/daysparzeszow.pl\/#organization"},"potentialAction":[{"@type":"SearchAction","target":{"@type":"EntryPoint","urlTemplate":"https:\/\/daysparzeszow.pl\/?s={search_term_string}"},"query-input":{"@type":"PropertyValueSpecification","valueRequired":true,"valueName":"search_term_string"}}],"inLanguage":"en-US"},{"@type":"Organization","@id":"https:\/\/daysparzeszow.pl\/#organization","name":"Day Spa Rzesz\u00f3w","url":"https:\/\/daysparzeszow.pl\/","logo":{"@type":"ImageObject","inLanguage":"en-US","@id":"https:\/\/daysparzeszow.pl\/#\/schema\/logo\/image\/","url":"https:\/\/daysparzeszow.pl\/wp-content\/uploads\/2024\/06\/DaySpa_Logo.png","contentUrl":"https:\/\/daysparzeszow.pl\/wp-content\/uploads\/2024\/06\/DaySpa_Logo.png","width":1358,"height":886,"caption":"Day Spa Rzesz\u00f3w"},"image":{"@id":"https:\/\/daysparzeszow.pl\/#\/schema\/logo\/image\/"},"sameAs":["https:\/\/www.facebook.com\/daysparzeszow","https:\/\/www.instagram.com\/daysparzeszow"]}]}},"_links":{"self":[{"href":"https:\/\/daysparzeszow.pl\/en\/wp-json\/wp\/v2\/pages\/475","targetHints":{"allow":["GET"]}}],"collection":[{"href":"https:\/\/daysparzeszow.pl\/en\/wp-json\/wp\/v2\/pages"}],"about":[{"href":"https:\/\/daysparzeszow.pl\/en\/wp-json\/wp\/v2\/types\/page"}],"author":[{"embeddable":true,"href":"https:\/\/daysparzeszow.pl\/en\/wp-json\/wp\/v2\/users\/1"}],"replies":[{"embeddable":true,"href":"https:\/\/daysparzeszow.pl\/en\/wp-json\/wp\/v2\/comments?post=475"}],"version-history":[{"count":45,"href":"https:\/\/daysparzeszow.pl\/en\/wp-json\/wp\/v2\/pages\/475\/revisions"}],"predecessor-version":[{"id":1717,"href":"https:\/\/daysparzeszow.pl\/en\/wp-json\/wp\/v2\/pages\/475\/revisions\/1717"}],"wp:attachment":[{"href":"https:\/\/daysparzeszow.pl\/en\/wp-json\/wp\/v2\/media?parent=475"}],"curies":[{"name":"wp","href":"https:\/\/api.w.org\/{rel}","templated":true}]}}