{"id":69,"date":"2024-06-26T09:04:07","date_gmt":"2024-06-26T07:04:07","guid":{"rendered":"https:\/\/v4.daysparzeszow.pl\/?page_id=69"},"modified":"2025-12-11T11:09:43","modified_gmt":"2025-12-11T10:09:43","slug":"o-nas","status":"publish","type":"page","link":"https:\/\/daysparzeszow.pl\/en\/o-nas\/","title":{"rendered":"About us"},"content":{"rendered":"<figure class=\"wp-block-embed is-type-video is-provider-youtube wp-block-embed-youtube wp-embed-aspect-16-9 wp-has-aspect-ratio\"><div class=\"wp-block-embed__wrapper\">\n<iframe loading=\"lazy\" title=\"Day Spa Rzesz\u00f3w \/ Prezenty \/ Masa\u017c\" width=\"563\" height=\"1000\" src=\"https:\/\/www.youtube.com\/embed\/C_tHK0Pli1k?feature=oembed\" frameborder=\"0\" allow=\"accelerometer; autoplay; clipboard-write; encrypted-media; gyroscope; picture-in-picture; web-share\" referrerpolicy=\"strict-origin-when-cross-origin\" allowfullscreen><\/iframe>\n<\/div><\/figure>\n\n\n\n<p><\/p>\n\n\n\n<div class=\"wp-block-buttons has-custom-font-size has-small-font-size is-horizontal is-content-justification-center is-layout-flex wp-container-core-buttons-is-layout-499968f5 wp-block-buttons-is-layout-flex\">\n<div class=\"wp-block-button is-style-fill\"><a class=\"wp-block-button__link has-black-color has-light-green-cyan-background-color has-text-color has-background has-link-color has-text-align-center has-custom-font-size wp-element-button\" href=\"https:\/\/bukka.pl\/salon\/519-day-spa-rzeszow-rzeszow-ul-zagloby-8-1?widget=1&amp;shortcode=519-day-spa-rzeszow-rzeszow-ul-zagloby-8-1\" style=\"border-radius:100px;font-size:13px\" target=\"_blank\" rel=\"noreferrer noopener\">Book online<\/a><\/div>\n\n\n\n<div class=\"wp-block-button is-style-fill\"><a class=\"wp-block-button__link has-black-color has-light-green-cyan-background-color has-text-color has-background has-link-color has-text-align-center has-custom-font-size wp-element-button\" href=\"https:\/\/daysparzeszow.pl\/en\/kup-voucher\/\" style=\"border-radius:100px;font-size:13px\" target=\"_blank\" rel=\"noreferrer noopener\">Buy a gift card<\/a><\/div>\n<\/div>\n\n\n\n<p>Day Spa Rzesz\u00f3w is an exclusive, intimate massage and head spa salon\u2014a space filled with love, care, and kindness. We offer professional body and facial massages, massages and rituals for couples, head spa treatments, and gift certificates. What sets us apart is <strong>the quality of our services<\/strong> and <strong>an unique approach to the customer<\/strong>!<\/p>\n\n\n\n<hr class=\"wp-block-separator has-alpha-channel-opacity\"\/>\n\n\n\n<p>- amazing climate of relaxation, surrounded by candlelight, aromas and beautiful music<\/p>\n\n\n\n<p>- family atmosphere, full care and counseling before and after the visit<\/p>\n\n\n\n<p>- 6 years of experience and more than 2 thousand regular customers<\/p>\n\n\n\n<p>- exceptional knowledge of our therapists and carefully selected offerings<\/p>\n\n\n\n<p>- convenient location and free parking<\/p>\n\n\n\n<p>- loyalty program for regular customers <\/p>\n\n\n\n<p>- refreshments and pleasant surprises for each visit<\/p>\n\n\n\n<hr class=\"wp-block-separator has-alpha-channel-opacity\"\/>\n\n\n\n<p>Welcome - <strong>Together, we\u2019ll find ways to make your daily life easier in the days, weeks, and months ahead.<\/strong> If you\u2019re always on the go and swamped with responsibilities\u2014our salon is right at your fingertips! Here, you\u2019ll escape reality and immerse yourself in an atmosphere of calm\u2026 you can relax after your treatment, enjoy a nice cup of tea, and celebrate your free time! You\u2019ll return to your daily responsibilities with renewed energy, a smile on your face, and a sense of incredible joy!<\/p>\n\n\n\n<p><a href=\"https:\/\/daysparzeszow.pl\/en\/kontakt\/\" target=\"_blank\" rel=\"noreferrer noopener\">Email us! <\/a><\/p>\n\n\n\n<p>Call Us: 728 181 557 <\/p>\n\n\n\n<p><a href=\"https:\/\/daysparzeszow.pl\/en\/kup-voucher\/\" target=\"_blank\" rel=\"noreferrer noopener\">Buy online!<\/a><\/p>","protected":false},"excerpt":{"rendered":"<p>Day Spa Rzeszow is an exclusive, intimate massage parlor, a space full of love, care and kindness. Our offer includes professional body and face massages, massages and rituals for two, head spa, gift vouchers. <\/p>","protected":false},"author":1,"featured_media":0,"parent":0,"menu_order":0,"comment_status":"closed","ping_status":"closed","template":"","meta":{"footnotes":""},"class_list":["post-69","page","type-page","status-publish","hentry","has-meta has-sticky-meta"],"yoast_head":"<!-- This site is optimized with the Yoast SEO plugin v27.6 - https:\/\/yoast.com\/product\/yoast-seo-wordpress\/ -->\n<title>O nas - Day Spa Rzesz\u00f3w<\/title>\n<meta name=\"description\" content=\"Nasza oferta to profesjonalne masa\u017ce cia\u0142a, twarzy, masa\u017ce i rytua\u0142y dla dwojga, head spa, vouchery podarunkowe.\" \/>\n<meta name=\"robots\" content=\"index, follow, max-snippet:-1, max-image-preview:large, max-video-preview:-1\" \/>\n<link rel=\"canonical\" href=\"https:\/\/daysparzeszow.pl\/en\/o-nas\/\" \/>\n<meta property=\"og:locale\" content=\"en_US\" \/>\n<meta property=\"og:type\" content=\"article\" \/>\n<meta property=\"og:title\" content=\"O nas - Day Spa Rzesz\u00f3w\" \/>\n<meta property=\"og:description\" content=\"Nasza oferta to profesjonalne masa\u017ce cia\u0142a, twarzy, masa\u017ce i rytua\u0142y dla dwojga, head spa, vouchery podarunkowe.\" \/>\n<meta property=\"og:url\" content=\"https:\/\/daysparzeszow.pl\/en\/o-nas\/\" \/>\n<meta property=\"og:site_name\" content=\"Day Spa Rzesz\u00f3w\" \/>\n<meta property=\"article:publisher\" content=\"https:\/\/www.facebook.com\/daysparzeszow\" \/>\n<meta property=\"article:modified_time\" content=\"2025-12-11T10:09:43+00:00\" \/>\n<meta name=\"twitter:card\" content=\"summary_large_image\" \/>\n<meta name=\"twitter:label1\" content=\"Est. reading time\" \/>\n\t<meta name=\"twitter:data1\" content=\"2 minutes\" \/>\n<script type=\"application\/ld+json\" class=\"yoast-schema-graph\">{\"@context\":\"https:\\\/\\\/schema.org\",\"@graph\":[{\"@type\":\"WebPage\",\"@id\":\"https:\\\/\\\/daysparzeszow.pl\\\/o-nas\\\/\",\"url\":\"https:\\\/\\\/daysparzeszow.pl\\\/o-nas\\\/\",\"name\":\"O nas - Day Spa Rzesz\u00f3w\",\"isPartOf\":{\"@id\":\"https:\\\/\\\/daysparzeszow.pl\\\/#website\"},\"datePublished\":\"2024-06-26T07:04:07+00:00\",\"dateModified\":\"2025-12-11T10:09:43+00:00\",\"description\":\"Nasza oferta to profesjonalne masa\u017ce cia\u0142a, twarzy, masa\u017ce i rytua\u0142y dla dwojga, head spa, vouchery podarunkowe.\",\"breadcrumb\":{\"@id\":\"https:\\\/\\\/daysparzeszow.pl\\\/o-nas\\\/#breadcrumb\"},\"inLanguage\":\"en-US\",\"potentialAction\":[{\"@type\":\"ReadAction\",\"target\":[\"https:\\\/\\\/daysparzeszow.pl\\\/o-nas\\\/\"]}]},{\"@type\":\"BreadcrumbList\",\"@id\":\"https:\\\/\\\/daysparzeszow.pl\\\/o-nas\\\/#breadcrumb\",\"itemListElement\":[{\"@type\":\"ListItem\",\"position\":1,\"name\":\"Strona g\u0142\u00f3wna\",\"item\":\"https:\\\/\\\/daysparzeszow.pl\\\/\"},{\"@type\":\"ListItem\",\"position\":2,\"name\":\"O nas\"}]},{\"@type\":\"WebSite\",\"@id\":\"https:\\\/\\\/daysparzeszow.pl\\\/#website\",\"url\":\"https:\\\/\\\/daysparzeszow.pl\\\/\",\"name\":\"Day Spa Rzesz\u00f3w\",\"description\":\"Masa\u017c, vouchery, bony podarunkowe, opalanie natryskowe, masa\u017ce dla dwojga\",\"publisher\":{\"@id\":\"https:\\\/\\\/daysparzeszow.pl\\\/#organization\"},\"potentialAction\":[{\"@type\":\"SearchAction\",\"target\":{\"@type\":\"EntryPoint\",\"urlTemplate\":\"https:\\\/\\\/daysparzeszow.pl\\\/?s={search_term_string}\"},\"query-input\":{\"@type\":\"PropertyValueSpecification\",\"valueRequired\":true,\"valueName\":\"search_term_string\"}}],\"inLanguage\":\"en-US\"},{\"@type\":\"Organization\",\"@id\":\"https:\\\/\\\/daysparzeszow.pl\\\/#organization\",\"name\":\"Day Spa Rzesz\u00f3w\",\"url\":\"https:\\\/\\\/daysparzeszow.pl\\\/\",\"logo\":{\"@type\":\"ImageObject\",\"inLanguage\":\"en-US\",\"@id\":\"https:\\\/\\\/daysparzeszow.pl\\\/#\\\/schema\\\/logo\\\/image\\\/\",\"url\":\"https:\\\/\\\/daysparzeszow.pl\\\/wp-content\\\/uploads\\\/2024\\\/06\\\/DaySpa_Logo.png\",\"contentUrl\":\"https:\\\/\\\/daysparzeszow.pl\\\/wp-content\\\/uploads\\\/2024\\\/06\\\/DaySpa_Logo.png\",\"width\":1358,\"height\":886,\"caption\":\"Day Spa Rzesz\u00f3w\"},\"image\":{\"@id\":\"https:\\\/\\\/daysparzeszow.pl\\\/#\\\/schema\\\/logo\\\/image\\\/\"},\"sameAs\":[\"https:\\\/\\\/www.facebook.com\\\/daysparzeszow\",\"https:\\\/\\\/www.instagram.com\\\/daysparzeszow\"]}]}<\/script>\n<!-- \/ Yoast SEO plugin. -->","yoast_head_json":{"title":"O nas - Day Spa Rzesz\u00f3w","description":"Nasza oferta to profesjonalne masa\u017ce cia\u0142a, twarzy, masa\u017ce i rytua\u0142y dla dwojga, head spa, vouchery podarunkowe.","robots":{"index":"index","follow":"follow","max-snippet":"max-snippet:-1","max-image-preview":"max-image-preview:large","max-video-preview":"max-video-preview:-1"},"canonical":"https:\/\/daysparzeszow.pl\/en\/o-nas\/","og_locale":"en_US","og_type":"article","og_title":"O nas - Day Spa Rzesz\u00f3w","og_description":"Nasza oferta to profesjonalne masa\u017ce cia\u0142a, twarzy, masa\u017ce i rytua\u0142y dla dwojga, head spa, vouchery podarunkowe.","og_url":"https:\/\/daysparzeszow.pl\/en\/o-nas\/","og_site_name":"Day Spa Rzesz\u00f3w","article_publisher":"https:\/\/www.facebook.com\/daysparzeszow","article_modified_time":"2025-12-11T10:09:43+00:00","twitter_card":"summary_large_image","twitter_misc":{"Est. reading time":"2 minutes"},"schema":{"@context":"https:\/\/schema.org","@graph":[{"@type":"WebPage","@id":"https:\/\/daysparzeszow.pl\/o-nas\/","url":"https:\/\/daysparzeszow.pl\/o-nas\/","name":"O nas - Day Spa Rzesz\u00f3w","isPartOf":{"@id":"https:\/\/daysparzeszow.pl\/#website"},"datePublished":"2024-06-26T07:04:07+00:00","dateModified":"2025-12-11T10:09:43+00:00","description":"Nasza oferta to profesjonalne masa\u017ce cia\u0142a, twarzy, masa\u017ce i rytua\u0142y dla dwojga, head spa, vouchery podarunkowe.","breadcrumb":{"@id":"https:\/\/daysparzeszow.pl\/o-nas\/#breadcrumb"},"inLanguage":"en-US","potentialAction":[{"@type":"ReadAction","target":["https:\/\/daysparzeszow.pl\/o-nas\/"]}]},{"@type":"BreadcrumbList","@id":"https:\/\/daysparzeszow.pl\/o-nas\/#breadcrumb","itemListElement":[{"@type":"ListItem","position":1,"name":"Strona g\u0142\u00f3wna","item":"https:\/\/daysparzeszow.pl\/"},{"@type":"ListItem","position":2,"name":"O nas"}]},{"@type":"WebSite","@id":"https:\/\/daysparzeszow.pl\/#website","url":"https:\/\/daysparzeszow.pl\/","name":"Day Spa Rzesz\u00f3w","description":"Masa\u017c, vouchery, bony podarunkowe, opalanie natryskowe, masa\u017ce dla dwojga","publisher":{"@id":"https:\/\/daysparzeszow.pl\/#organization"},"potentialAction":[{"@type":"SearchAction","target":{"@type":"EntryPoint","urlTemplate":"https:\/\/daysparzeszow.pl\/?s={search_term_string}"},"query-input":{"@type":"PropertyValueSpecification","valueRequired":true,"valueName":"search_term_string"}}],"inLanguage":"en-US"},{"@type":"Organization","@id":"https:\/\/daysparzeszow.pl\/#organization","name":"Day Spa Rzesz\u00f3w","url":"https:\/\/daysparzeszow.pl\/","logo":{"@type":"ImageObject","inLanguage":"en-US","@id":"https:\/\/daysparzeszow.pl\/#\/schema\/logo\/image\/","url":"https:\/\/daysparzeszow.pl\/wp-content\/uploads\/2024\/06\/DaySpa_Logo.png","contentUrl":"https:\/\/daysparzeszow.pl\/wp-content\/uploads\/2024\/06\/DaySpa_Logo.png","width":1358,"height":886,"caption":"Day Spa Rzesz\u00f3w"},"image":{"@id":"https:\/\/daysparzeszow.pl\/#\/schema\/logo\/image\/"},"sameAs":["https:\/\/www.facebook.com\/daysparzeszow","https:\/\/www.instagram.com\/daysparzeszow"]}]}},"_links":{"self":[{"href":"https:\/\/daysparzeszow.pl\/en\/wp-json\/wp\/v2\/pages\/69","targetHints":{"allow":["GET"]}}],"collection":[{"href":"https:\/\/daysparzeszow.pl\/en\/wp-json\/wp\/v2\/pages"}],"about":[{"href":"https:\/\/daysparzeszow.pl\/en\/wp-json\/wp\/v2\/types\/page"}],"author":[{"embeddable":true,"href":"https:\/\/daysparzeszow.pl\/en\/wp-json\/wp\/v2\/users\/1"}],"replies":[{"embeddable":true,"href":"https:\/\/daysparzeszow.pl\/en\/wp-json\/wp\/v2\/comments?post=69"}],"version-history":[{"count":12,"href":"https:\/\/daysparzeszow.pl\/en\/wp-json\/wp\/v2\/pages\/69\/revisions"}],"predecessor-version":[{"id":1504,"href":"https:\/\/daysparzeszow.pl\/en\/wp-json\/wp\/v2\/pages\/69\/revisions\/1504"}],"wp:attachment":[{"href":"https:\/\/daysparzeszow.pl\/en\/wp-json\/wp\/v2\/media?parent=69"}],"curies":[{"name":"wp","href":"https:\/\/api.w.org\/{rel}","templated":true}]}}