{"id":77,"date":"2024-06-26T09:05:10","date_gmt":"2024-06-26T07:05:10","guid":{"rendered":"https:\/\/v4.daysparzeszow.pl\/?page_id=77"},"modified":"2026-03-12T13:57:59","modified_gmt":"2026-03-12T12:57:59","slug":"head-spa","status":"publish","type":"page","link":"https:\/\/daysparzeszow.pl\/en\/head-spa\/","title":{"rendered":"HEAD SPA"},"content":{"rendered":"<h3 class=\"wp-block-heading has-text-color has-link-color wp-elements-9c165737506303b47299bb31a59227f6\" style=\"color:#2d5f6c\">Your ritual of relaxation and beautiful hair<\/h3>\n\n\n\n<p>Imagine a treatment that not only makes your hair healthier and full of shine, but also provides deep relaxation, reduces stress and improves well-being. This is how HEAD SPA works! <strong>Head Spa<\/strong> \u2013 a unique ritual that combines massage, scalp care and hair regeneration into one harmonious whole.<\/p>\n\n\n\n<figure class=\"wp-block-gallery has-nested-images columns-3 is-cropped wp-block-gallery-1 is-layout-flex wp-block-gallery-is-layout-flex\">\n<figure class=\"wp-block-image size-large\"><img data-dominant-color=\"777985\" data-has-transparency=\"false\" loading=\"lazy\" decoding=\"async\" width=\"768\" height=\"1024\" sizes=\"auto, (max-width: 768px) 100vw, 768px\" data-id=\"1458\" src=\"https:\/\/daysparzeszow.pl\/wp-content\/uploads\/2025\/12\/5895238446995934028_121-768x1024.avif\" alt=\"\" class=\"wp-image-1458 not-transparent\" style=\"--dominant-color: #777985; aspect-ratio:3\/2\" srcset=\"https:\/\/daysparzeszow.pl\/wp-content\/uploads\/2025\/12\/5895238446995934028_121-768x1024.avif 768w, https:\/\/daysparzeszow.pl\/wp-content\/uploads\/2025\/12\/5895238446995934028_121-225x300.avif 225w, https:\/\/daysparzeszow.pl\/wp-content\/uploads\/2025\/12\/5895238446995934028_121-9x12.avif 9w, https:\/\/daysparzeszow.pl\/wp-content\/uploads\/2025\/12\/5895238446995934028_121-600x800.avif 600w, https:\/\/daysparzeszow.pl\/wp-content\/uploads\/2025\/12\/5895238446995934028_121.avif 960w\" \/><\/figure>\n\n\n\n<figure class=\"wp-block-image size-large\"><img data-dominant-color=\"7f7789\" data-has-transparency=\"false\" loading=\"lazy\" decoding=\"async\" width=\"768\" height=\"1024\" sizes=\"auto, (max-width: 768px) 100vw, 768px\" data-id=\"1453\" src=\"https:\/\/daysparzeszow.pl\/wp-content\/uploads\/2025\/12\/5895238446995934026_121-768x1024.avif\" alt=\"\" class=\"wp-image-1453 not-transparent\" style=\"--dominant-color: #7f7789; aspect-ratio:3\/2\" srcset=\"https:\/\/daysparzeszow.pl\/wp-content\/uploads\/2025\/12\/5895238446995934026_121-768x1024.avif 768w, https:\/\/daysparzeszow.pl\/wp-content\/uploads\/2025\/12\/5895238446995934026_121-225x300.avif 225w, https:\/\/daysparzeszow.pl\/wp-content\/uploads\/2025\/12\/5895238446995934026_121-9x12.avif 9w, https:\/\/daysparzeszow.pl\/wp-content\/uploads\/2025\/12\/5895238446995934026_121-600x800.avif 600w, https:\/\/daysparzeszow.pl\/wp-content\/uploads\/2025\/12\/5895238446995934026_121.avif 960w\" \/><\/figure>\n\n\n\n<figure class=\"wp-block-image size-large\"><img data-dominant-color=\"7d748e\" data-has-transparency=\"false\" loading=\"lazy\" decoding=\"async\" width=\"768\" height=\"1024\" sizes=\"auto, (max-width: 768px) 100vw, 768px\" data-id=\"1457\" src=\"https:\/\/daysparzeszow.pl\/wp-content\/uploads\/2025\/12\/5895238446995934031_121-768x1024.avif\" alt=\"\" class=\"wp-image-1457 not-transparent\" style=\"--dominant-color: #7d748e; aspect-ratio:3\/2\" srcset=\"https:\/\/daysparzeszow.pl\/wp-content\/uploads\/2025\/12\/5895238446995934031_121-768x1024.avif 768w, https:\/\/daysparzeszow.pl\/wp-content\/uploads\/2025\/12\/5895238446995934031_121-225x300.avif 225w, https:\/\/daysparzeszow.pl\/wp-content\/uploads\/2025\/12\/5895238446995934031_121-9x12.avif 9w, https:\/\/daysparzeszow.pl\/wp-content\/uploads\/2025\/12\/5895238446995934031_121-600x800.avif 600w, https:\/\/daysparzeszow.pl\/wp-content\/uploads\/2025\/12\/5895238446995934031_121.avif 960w\" \/><\/figure>\n<\/figure>\n\n\n\n<h4 class=\"wp-block-heading has-text-color has-link-color wp-elements-e2431f40fd41915ff52dfa02e4a84caa\" style=\"color:#2d5f6c\">What is Head Spa?<\/h4>\n\n\n\n<p>Head Spa is more than just a regular treatment. It\u2019s a moment just for you, during which you can forget your everyday worries. The ritual includes a scalp cleansing, a massage of the upper body, legs, and face, and hair regeneration using high-quality products.<\/p>\n\n\n\n<h4 class=\"wp-block-heading has-text-color has-link-color wp-elements-27f96fba8df6c3bd40b6e95f29586520\" style=\"color:#2d5f6c\">What makes our Head Spa stand out?<\/h4>\n\n\n\n<p>In our Head Spa salon, it is more than a standard treatment. We combine it with professional massages, so we take care not only of aesthetics, but also of your health. We focus on a holistic approach that brings relief to your body, reduces tension and supports natural regeneration processes. Each treatment is individually tailored to meet your expectations and provide the best results.<\/p>\n\n\n<div class=\"wp-block-image\">\n<figure class=\"aligncenter size-large is-resized\"><img data-dominant-color=\"505883\" data-has-transparency=\"false\" loading=\"lazy\" decoding=\"async\" width=\"1024\" height=\"1024\" sizes=\"auto, (max-width: 1024px) 100vw, 1024px\" src=\"https:\/\/daysparzeszow.pl\/wp-content\/uploads\/2025\/12\/Best-Seller-1-1024x1024.avif\" alt=\"\" class=\"wp-image-1456 not-transparent\" style=\"--dominant-color: #505883; width:315px;height:auto\" srcset=\"https:\/\/daysparzeszow.pl\/wp-content\/uploads\/2025\/12\/Best-Seller-1-1024x1024.avif 1024w, https:\/\/daysparzeszow.pl\/wp-content\/uploads\/2025\/12\/Best-Seller-1-300x300.avif 300w, https:\/\/daysparzeszow.pl\/wp-content\/uploads\/2025\/12\/Best-Seller-1-150x150.avif 150w, https:\/\/daysparzeszow.pl\/wp-content\/uploads\/2025\/12\/Best-Seller-1-768x768.avif 768w, https:\/\/daysparzeszow.pl\/wp-content\/uploads\/2025\/12\/Best-Seller-1-12x12.avif 12w, https:\/\/daysparzeszow.pl\/wp-content\/uploads\/2025\/12\/Best-Seller-1-600x600.avif 600w, https:\/\/daysparzeszow.pl\/wp-content\/uploads\/2025\/12\/Best-Seller-1-100x100.avif 100w, https:\/\/daysparzeszow.pl\/wp-content\/uploads\/2025\/12\/Best-Seller-1.avif 1080w\" \/><\/figure>\n<\/div>\n\n\n<h4 class=\"wp-block-heading has-text-color has-link-color wp-elements-fb66c6ad7da2b869f76668c321713667\" style=\"color:#2d5f6c\">Benefits for you:<\/h4>\n\n\n\n<p>&#8211; <strong>Healthy and clean scalp<\/strong><br>Regular Head Spa treatments help remove impurities, dead skin cells and cosmetic residues, making your scalp healthier and your hair grow stronger and shinier.<\/p>\n\n\n\n<p>&#8211; <strong>Reducing stress and tension<\/strong><br>The head, face, neck and nape massage as part of the ritual acts as a natural anti-stress therapy \u2013 it improves blood circulation, relaxes muscles and allows you to fully relax.<\/p>\n\n\n\n<p>&#8211; <strong>Beautiful and nourished hair<\/strong><br>Thanks to the use of specialist products, your hair becomes smooth, elastic and full of shine. Additionally, appropriately selected ingredients support the regeneration of damaged strands.<\/p>\n\n\n\n<p>&#8211; <strong>A moment only for Yourself<\/strong><br>Head Spa is not just about care \u2013 it is a time to stop, relax and take care of your well-being. After the treatment you will feel light, relaxed and full of energy.<\/p>\n\n\n\n<hr class=\"wp-block-separator has-alpha-channel-opacity\"\/>\n\n\n\n<figure class=\"wp-block-gallery has-nested-images columns-3 is-cropped wp-block-gallery-2 is-layout-flex wp-block-gallery-is-layout-flex\">\n<figure class=\"wp-block-image size-large\"><img data-dominant-color=\"a97988\" data-has-transparency=\"false\" style=\"--dominant-color: #a97988;\" loading=\"lazy\" decoding=\"async\" width=\"1024\" height=\"1024\" sizes=\"auto, (max-width: 1024px) 100vw, 1024px\" data-id=\"1614\" src=\"https:\/\/daysparzeszow.pl\/wp-content\/uploads\/2026\/02\/2-1024x1024.avif\" alt=\"\" class=\"wp-image-1614 not-transparent\" srcset=\"https:\/\/daysparzeszow.pl\/wp-content\/uploads\/2026\/02\/2-1024x1024.avif 1024w, https:\/\/daysparzeszow.pl\/wp-content\/uploads\/2026\/02\/2-300x300.avif 300w, https:\/\/daysparzeszow.pl\/wp-content\/uploads\/2026\/02\/2-150x150.avif 150w, https:\/\/daysparzeszow.pl\/wp-content\/uploads\/2026\/02\/2-768x768.avif 768w, https:\/\/daysparzeszow.pl\/wp-content\/uploads\/2026\/02\/2-12x12.avif 12w, https:\/\/daysparzeszow.pl\/wp-content\/uploads\/2026\/02\/2-600x600.avif 600w, https:\/\/daysparzeszow.pl\/wp-content\/uploads\/2026\/02\/2-100x100.avif 100w, https:\/\/daysparzeszow.pl\/wp-content\/uploads\/2026\/02\/2.avif 1080w\" \/><\/figure>\n\n\n\n<figure class=\"wp-block-image size-large\"><img data-dominant-color=\"a87988\" data-has-transparency=\"false\" style=\"--dominant-color: #a87988;\" loading=\"lazy\" decoding=\"async\" width=\"1024\" height=\"1024\" sizes=\"auto, (max-width: 1024px) 100vw, 1024px\" data-id=\"1615\" src=\"https:\/\/daysparzeszow.pl\/wp-content\/uploads\/2026\/02\/3-1024x1024.avif\" alt=\"\" class=\"wp-image-1615 not-transparent\" srcset=\"https:\/\/daysparzeszow.pl\/wp-content\/uploads\/2026\/02\/3-1024x1024.avif 1024w, https:\/\/daysparzeszow.pl\/wp-content\/uploads\/2026\/02\/3-300x300.avif 300w, https:\/\/daysparzeszow.pl\/wp-content\/uploads\/2026\/02\/3-150x150.avif 150w, https:\/\/daysparzeszow.pl\/wp-content\/uploads\/2026\/02\/3-768x768.avif 768w, https:\/\/daysparzeszow.pl\/wp-content\/uploads\/2026\/02\/3-12x12.avif 12w, https:\/\/daysparzeszow.pl\/wp-content\/uploads\/2026\/02\/3-600x600.avif 600w, https:\/\/daysparzeszow.pl\/wp-content\/uploads\/2026\/02\/3-100x100.avif 100w, https:\/\/daysparzeszow.pl\/wp-content\/uploads\/2026\/02\/3.avif 1080w\" \/><\/figure>\n\n\n\n<figure class=\"wp-block-image size-large\"><img data-dominant-color=\"ad7a88\" data-has-transparency=\"false\" style=\"--dominant-color: #ad7a88;\" loading=\"lazy\" decoding=\"async\" width=\"1080\" height=\"1080\" sizes=\"auto, (max-width: 1024px) 100vw, 1024px\" data-id=\"1616\" src=\"https:\/\/daysparzeszow.pl\/wp-content\/uploads\/2026\/02\/4-1024x1024.avif\" alt=\"\" class=\"wp-image-1616 not-transparent\" srcset=\"https:\/\/daysparzeszow.pl\/wp-content\/uploads\/2026\/02\/4-1024x1024.avif 1024w, https:\/\/daysparzeszow.pl\/wp-content\/uploads\/2026\/02\/4-300x300.avif 300w, https:\/\/daysparzeszow.pl\/wp-content\/uploads\/2026\/02\/4-150x150.avif 150w, https:\/\/daysparzeszow.pl\/wp-content\/uploads\/2026\/02\/4-768x768.avif 768w, https:\/\/daysparzeszow.pl\/wp-content\/uploads\/2026\/02\/4-12x12.avif 12w, https:\/\/daysparzeszow.pl\/wp-content\/uploads\/2026\/02\/4-600x600.avif 600w, https:\/\/daysparzeszow.pl\/wp-content\/uploads\/2026\/02\/4-100x100.avif 100w, https:\/\/daysparzeszow.pl\/wp-content\/uploads\/2026\/02\/4.avif 1080w\" \/><\/figure>\n<\/figure>\n\n\n\n<hr class=\"wp-block-separator has-alpha-channel-opacity\"\/>\n\n\n\n<h4 class=\"wp-block-heading has-text-color has-link-color wp-elements-a88b689265a061e7dbd2b1806420aa80\" style=\"color:#2d5f6c\">Why is it worth trying?<\/h4>\n\n\n\n<p>If you dream of beautiful hair, healthy scalp and a moment of deep relaxation, Head Spa is the treatment for you. You don't have to choose between care and relaxation - this ritual gives you both.<\/p>\n\n\n\n<p>Take the time to regenerate your body and mind, and your hair will reward you with health and shine!<\/p>\n\n\n\n<hr class=\"wp-block-separator has-alpha-channel-opacity\"\/>\n\n\n\n<h4 class=\"wp-block-heading has-text-color has-link-color wp-elements-89f062d30e212719123afcf7f3e2b340\" style=\"color:#2d5f6c\">Who is the Head Spa treatment for?<\/h4>\n\n\n\n<p>&#8211; Dla os\u00f3b marz\u0105cych <strong>about healthy, beautiful hair<\/strong> \u2013 cleanses the scalp, stimulates hair bulbs and improves hair condition.<\/p>\n\n\n\n<p>&#8211; Dla tych, kt\u00f3rzy chc\u0105 <strong>take care of your facial skin <\/strong>\u2013 improves circulation, reduces tension and gives the skin a radiant appearance.<\/p>\n\n\n\n<p>&#8211; Dla os\u00f3b<strong>with headaches, neck pain and nape pain <\/strong>\u2013 releases tense muscles, relieves stiffness and eliminates tension pain.<\/p>\n\n\n\n<p>It is <strong>the perfect treatment for everyone,<\/strong> who wants to relax, take care of themselves and feel lightness in the body and freshness in the hair.<\/p>\n\n\n\n<hr class=\"wp-block-separator has-alpha-channel-opacity\"\/>\n\n\n\n<h4 class=\"wp-block-heading has-white-background-color has-text-color has-background has-link-color wp-elements-d1b4d85e6068593d37da70b2fc52d39d\" style=\"color:#2d5f6c\"><strong>Price list<\/strong><\/h4>\n\n\n\n<p class=\"has-black-color has-text-color has-background has-link-color wp-elements-ef8cd569ef39fbd67bbb9f435a025ab6\" style=\"background-color:#fff4e35c\"><strong>DRY HEAD SPA<\/strong> a relaxing ritual that includes a massage of the head, neck, and d\u00e9colletage, enhanced by the use of massage tools and soothing hair brushing <strong>199 z\u0142\/ 45 min<\/strong><\/p>\n\n\n\n<p class=\"has-background\" style=\"background-color:#fff4e35c\"><strong>HEAD SPA<\/strong> \u201cClear Head, Clear Thoughts\u201d \u2013 neck, shoulder, and head massage + hair wash and conditioning + hair sauna (exfoliation + mask + sauna) \u2013 <strong>309 z\u0142\/ok. 70 min<\/strong><\/p>\n\n\n\n<p class=\"has-background\" style=\"background-color:#fff4e35c\"><strong>HEAD + FACE SPA <\/strong>\u201cRelaxation Down to the Hair Roots\u201d \u2013 neck, nape, and scalp massage + facial massage + hair wash and treatment (scrub + mask + sauna) \u2013 <strong>359 z\u0142\/ok. 90 min<\/strong><\/p>\n\n\n\n<p class=\"has-background\" style=\"background-color:#fff4e35c\"><strong>HEAD + FACE SPA&nbsp;PREMIUM <\/strong>\u201cIt's hard to believe\u201d \u2013 neck, shoulder, and head massage + facial massage + facial treatment + hair wash and care (scrub + mask + sauna) + foot and calf massage \u2013<strong>429 z\u0142\/ok. 90 min<\/strong><\/p>\n\n\n\n<p><em>*The duration of the treatment may vary depending on hair length<\/em><\/p>\n\n\n\n<p>Telephone \/ email booking only!&nbsp;<a href=\"https:\/\/v4.daysparzeszow.pl\/kontakt\/?swcfpc=1\" target=\"_blank\" rel=\"noreferrer noopener\">Email us!&nbsp;<\/a>or call us 728 181 557 !<\/p>\n\n\n\n<p><strong>Give a HEAD SPA as a gift!<\/strong><\/p>\n\n\n\n<div class=\"wp-block-buttons is-content-justification-center is-layout-flex wp-container-core-buttons-is-layout-16018d1d wp-block-buttons-is-layout-flex\">\n<div class=\"wp-block-button has-custom-width wp-block-button__width-25 is-style-fill\"><a class=\"wp-block-button__link has-white-color has-text-color has-background has-link-color has-small-font-size has-custom-font-size wp-element-button\" href=\"https:\/\/daysparzeszow.pl\/en\/kup-voucher\/\" style=\"background-color:#2d5f6c\" target=\"_blank\" rel=\"noreferrer noopener\">Buy a gift card<\/a><\/div>\n<\/div>\n\n\n\n<p><\/p>\n\n\n<div class=\"wp-block-image\">\n<figure class=\"aligncenter size-full is-resized\"><img data-dominant-color=\"b6758b\" data-has-transparency=\"false\" loading=\"lazy\" decoding=\"async\" width=\"940\" height=\"788\" sizes=\"auto, (max-width: 940px) 100vw, 940px\" src=\"https:\/\/daysparzeszow.pl\/wp-content\/uploads\/2024\/10\/Rytual-piel-77-png.avif\" alt=\"\" class=\"wp-image-840 not-transparent\" style=\"--dominant-color: #b6758b; width:460px;height:auto\" srcset=\"https:\/\/daysparzeszow.pl\/wp-content\/uploads\/2024\/10\/Rytual-piel-77-png.avif 940w, https:\/\/daysparzeszow.pl\/wp-content\/uploads\/2024\/10\/Rytual-piel-77-300x251.avif 300w, https:\/\/daysparzeszow.pl\/wp-content\/uploads\/2024\/10\/Rytual-piel-77-768x644.avif 768w, https:\/\/daysparzeszow.pl\/wp-content\/uploads\/2024\/10\/Rytual-piel-77-14x12.avif 14w, https:\/\/daysparzeszow.pl\/wp-content\/uploads\/2024\/10\/Rytual-piel-77-600x503.avif 600w\" \/><\/figure>\n<\/div>\n\n\n<p>If you are a beauty industry professional and want to learn how to perform this wonderful ritual -. <strong><a href=\"https:\/\/masazowesztuczki.pl\/szkolenie-head-spa\" target=\"_blank\" rel=\"noreferrer noopener\">Sign up for training! <\/a><\/strong><\/p>\n\n\n\n<p><\/p>","protected":false},"excerpt":{"rendered":"<p>Tw\u00f3j rytua\u0142 relaksu i pi\u0119knych w\u0142os\u00f3w Wyobra\u017a sobie zabieg, kt\u00f3ry nie tylko sprawia, \u017ce Twoje w\u0142osy staj\u0105 si\u0119 zdrowsze i pe\u0142ne blasku, ale jednocze\u015bnie zapewnia g\u0142\u0119boki relaks, redukuje stres i &hellip; <\/p>","protected":false},"author":1,"featured_media":0,"parent":0,"menu_order":0,"comment_status":"closed","ping_status":"closed","template":"","meta":{"footnotes":""},"class_list":["post-77","page","type-page","status-publish","hentry","has-meta has-sticky-meta"],"yoast_head":"<!-- This site is optimized with the Yoast SEO plugin v27.6 - https:\/\/yoast.com\/product\/yoast-seo-wordpress\/ -->\n<title>HEAD SPA - Day Spa Rzesz\u00f3w<\/title>\n<meta name=\"description\" content=\"Head Spa \u2013 wyj\u0105tkowy rytua\u0142, kt\u00f3ry \u0142\u0105czy masa\u017c, piel\u0119gnacj\u0119 sk\u00f3ry g\u0142owy i regeneracj\u0119 w\u0142os\u00f3w w jedn\u0105, harmonijn\u0105 ca\u0142o\u015b\u0107.\" \/>\n<meta name=\"robots\" content=\"index, follow, max-snippet:-1, max-image-preview:large, max-video-preview:-1\" \/>\n<link rel=\"canonical\" href=\"https:\/\/daysparzeszow.pl\/en\/head-spa\/\" \/>\n<meta property=\"og:locale\" content=\"en_US\" \/>\n<meta property=\"og:type\" content=\"article\" \/>\n<meta property=\"og:title\" content=\"HEAD SPA - Day Spa Rzesz\u00f3w\" \/>\n<meta property=\"og:description\" content=\"Head Spa \u2013 wyj\u0105tkowy rytua\u0142, kt\u00f3ry \u0142\u0105czy masa\u017c, piel\u0119gnacj\u0119 sk\u00f3ry g\u0142owy i regeneracj\u0119 w\u0142os\u00f3w w jedn\u0105, harmonijn\u0105 ca\u0142o\u015b\u0107.\" \/>\n<meta property=\"og:url\" content=\"https:\/\/daysparzeszow.pl\/en\/head-spa\/\" \/>\n<meta property=\"og:site_name\" content=\"Day Spa Rzesz\u00f3w\" \/>\n<meta property=\"article:publisher\" content=\"https:\/\/www.facebook.com\/daysparzeszow\" \/>\n<meta property=\"article:modified_time\" content=\"2026-03-12T12:57:59+00:00\" \/>\n<meta property=\"og:image\" content=\"https:\/\/daysparzeszow.pl\/wp-content\/uploads\/2025\/12\/5895238446995934028_121.avif\" \/>\n\t<meta property=\"og:image:width\" content=\"960\" \/>\n\t<meta property=\"og:image:height\" content=\"1280\" \/>\n\t<meta property=\"og:image:type\" content=\"image\/jpeg\" \/>\n<meta name=\"twitter:card\" content=\"summary_large_image\" \/>\n<meta name=\"twitter:label1\" content=\"Est. reading time\" \/>\n\t<meta name=\"twitter:data1\" content=\"5 minutes\" \/>\n<script type=\"application\/ld+json\" class=\"yoast-schema-graph\">{\"@context\":\"https:\\\/\\\/schema.org\",\"@graph\":[{\"@type\":\"WebPage\",\"@id\":\"https:\\\/\\\/daysparzeszow.pl\\\/head-spa\\\/\",\"url\":\"https:\\\/\\\/daysparzeszow.pl\\\/head-spa\\\/\",\"name\":\"HEAD SPA - Day Spa Rzesz\u00f3w\",\"isPartOf\":{\"@id\":\"https:\\\/\\\/daysparzeszow.pl\\\/#website\"},\"primaryImageOfPage\":{\"@id\":\"https:\\\/\\\/daysparzeszow.pl\\\/head-spa\\\/#primaryimage\"},\"image\":{\"@id\":\"https:\\\/\\\/daysparzeszow.pl\\\/head-spa\\\/#primaryimage\"},\"thumbnailUrl\":\"https:\\\/\\\/daysparzeszow.pl\\\/wp-content\\\/uploads\\\/2025\\\/12\\\/5895238446995934028_121-768x1024.avif\",\"datePublished\":\"2024-06-26T07:05:10+00:00\",\"dateModified\":\"2026-03-12T12:57:59+00:00\",\"description\":\"Head Spa \u2013 wyj\u0105tkowy rytua\u0142, kt\u00f3ry \u0142\u0105czy masa\u017c, piel\u0119gnacj\u0119 sk\u00f3ry g\u0142owy i regeneracj\u0119 w\u0142os\u00f3w w jedn\u0105, harmonijn\u0105 ca\u0142o\u015b\u0107.\",\"breadcrumb\":{\"@id\":\"https:\\\/\\\/daysparzeszow.pl\\\/head-spa\\\/#breadcrumb\"},\"inLanguage\":\"en-US\",\"potentialAction\":[{\"@type\":\"ReadAction\",\"target\":[\"https:\\\/\\\/daysparzeszow.pl\\\/head-spa\\\/\"]}]},{\"@type\":\"ImageObject\",\"inLanguage\":\"en-US\",\"@id\":\"https:\\\/\\\/daysparzeszow.pl\\\/head-spa\\\/#primaryimage\",\"url\":\"https:\\\/\\\/daysparzeszow.pl\\\/wp-content\\\/uploads\\\/2025\\\/12\\\/5895238446995934028_121-768x1024.avif\",\"contentUrl\":\"https:\\\/\\\/daysparzeszow.pl\\\/wp-content\\\/uploads\\\/2025\\\/12\\\/5895238446995934028_121-768x1024.avif\"},{\"@type\":\"BreadcrumbList\",\"@id\":\"https:\\\/\\\/daysparzeszow.pl\\\/head-spa\\\/#breadcrumb\",\"itemListElement\":[{\"@type\":\"ListItem\",\"position\":1,\"name\":\"Strona g\u0142\u00f3wna\",\"item\":\"https:\\\/\\\/daysparzeszow.pl\\\/\"},{\"@type\":\"ListItem\",\"position\":2,\"name\":\"HEAD SPA\"}]},{\"@type\":\"WebSite\",\"@id\":\"https:\\\/\\\/daysparzeszow.pl\\\/#website\",\"url\":\"https:\\\/\\\/daysparzeszow.pl\\\/\",\"name\":\"Day Spa Rzesz\u00f3w\",\"description\":\"Masa\u017c, vouchery, bony podarunkowe, opalanie natryskowe, masa\u017ce dla dwojga\",\"publisher\":{\"@id\":\"https:\\\/\\\/daysparzeszow.pl\\\/#organization\"},\"potentialAction\":[{\"@type\":\"SearchAction\",\"target\":{\"@type\":\"EntryPoint\",\"urlTemplate\":\"https:\\\/\\\/daysparzeszow.pl\\\/?s={search_term_string}\"},\"query-input\":{\"@type\":\"PropertyValueSpecification\",\"valueRequired\":true,\"valueName\":\"search_term_string\"}}],\"inLanguage\":\"en-US\"},{\"@type\":\"Organization\",\"@id\":\"https:\\\/\\\/daysparzeszow.pl\\\/#organization\",\"name\":\"Day Spa Rzesz\u00f3w\",\"url\":\"https:\\\/\\\/daysparzeszow.pl\\\/\",\"logo\":{\"@type\":\"ImageObject\",\"inLanguage\":\"en-US\",\"@id\":\"https:\\\/\\\/daysparzeszow.pl\\\/#\\\/schema\\\/logo\\\/image\\\/\",\"url\":\"https:\\\/\\\/daysparzeszow.pl\\\/wp-content\\\/uploads\\\/2024\\\/06\\\/DaySpa_Logo.png\",\"contentUrl\":\"https:\\\/\\\/daysparzeszow.pl\\\/wp-content\\\/uploads\\\/2024\\\/06\\\/DaySpa_Logo.png\",\"width\":1358,\"height\":886,\"caption\":\"Day Spa Rzesz\u00f3w\"},\"image\":{\"@id\":\"https:\\\/\\\/daysparzeszow.pl\\\/#\\\/schema\\\/logo\\\/image\\\/\"},\"sameAs\":[\"https:\\\/\\\/www.facebook.com\\\/daysparzeszow\",\"https:\\\/\\\/www.instagram.com\\\/daysparzeszow\"]}]}<\/script>\n<!-- \/ Yoast SEO plugin. -->","yoast_head_json":{"title":"HEAD SPA - Day Spa Rzesz\u00f3w","description":"Head Spa \u2013 wyj\u0105tkowy rytua\u0142, kt\u00f3ry \u0142\u0105czy masa\u017c, piel\u0119gnacj\u0119 sk\u00f3ry g\u0142owy i regeneracj\u0119 w\u0142os\u00f3w w jedn\u0105, harmonijn\u0105 ca\u0142o\u015b\u0107.","robots":{"index":"index","follow":"follow","max-snippet":"max-snippet:-1","max-image-preview":"max-image-preview:large","max-video-preview":"max-video-preview:-1"},"canonical":"https:\/\/daysparzeszow.pl\/en\/head-spa\/","og_locale":"en_US","og_type":"article","og_title":"HEAD SPA - Day Spa Rzesz\u00f3w","og_description":"Head Spa \u2013 wyj\u0105tkowy rytua\u0142, kt\u00f3ry \u0142\u0105czy masa\u017c, piel\u0119gnacj\u0119 sk\u00f3ry g\u0142owy i regeneracj\u0119 w\u0142os\u00f3w w jedn\u0105, harmonijn\u0105 ca\u0142o\u015b\u0107.","og_url":"https:\/\/daysparzeszow.pl\/en\/head-spa\/","og_site_name":"Day Spa Rzesz\u00f3w","article_publisher":"https:\/\/www.facebook.com\/daysparzeszow","article_modified_time":"2026-03-12T12:57:59+00:00","og_image":[{"width":960,"height":1280,"url":"https:\/\/daysparzeszow.pl\/wp-content\/uploads\/2025\/12\/5895238446995934028_121.avif","type":"image\/jpeg"}],"twitter_card":"summary_large_image","twitter_misc":{"Est. reading time":"5 minutes"},"schema":{"@context":"https:\/\/schema.org","@graph":[{"@type":"WebPage","@id":"https:\/\/daysparzeszow.pl\/head-spa\/","url":"https:\/\/daysparzeszow.pl\/head-spa\/","name":"HEAD SPA - Day Spa Rzesz\u00f3w","isPartOf":{"@id":"https:\/\/daysparzeszow.pl\/#website"},"primaryImageOfPage":{"@id":"https:\/\/daysparzeszow.pl\/head-spa\/#primaryimage"},"image":{"@id":"https:\/\/daysparzeszow.pl\/head-spa\/#primaryimage"},"thumbnailUrl":"https:\/\/daysparzeszow.pl\/wp-content\/uploads\/2025\/12\/5895238446995934028_121-768x1024.avif","datePublished":"2024-06-26T07:05:10+00:00","dateModified":"2026-03-12T12:57:59+00:00","description":"Head Spa \u2013 wyj\u0105tkowy rytua\u0142, kt\u00f3ry \u0142\u0105czy masa\u017c, piel\u0119gnacj\u0119 sk\u00f3ry g\u0142owy i regeneracj\u0119 w\u0142os\u00f3w w jedn\u0105, harmonijn\u0105 ca\u0142o\u015b\u0107.","breadcrumb":{"@id":"https:\/\/daysparzeszow.pl\/head-spa\/#breadcrumb"},"inLanguage":"en-US","potentialAction":[{"@type":"ReadAction","target":["https:\/\/daysparzeszow.pl\/head-spa\/"]}]},{"@type":"ImageObject","inLanguage":"en-US","@id":"https:\/\/daysparzeszow.pl\/head-spa\/#primaryimage","url":"https:\/\/daysparzeszow.pl\/wp-content\/uploads\/2025\/12\/5895238446995934028_121-768x1024.avif","contentUrl":"https:\/\/daysparzeszow.pl\/wp-content\/uploads\/2025\/12\/5895238446995934028_121-768x1024.avif"},{"@type":"BreadcrumbList","@id":"https:\/\/daysparzeszow.pl\/head-spa\/#breadcrumb","itemListElement":[{"@type":"ListItem","position":1,"name":"Strona g\u0142\u00f3wna","item":"https:\/\/daysparzeszow.pl\/"},{"@type":"ListItem","position":2,"name":"HEAD SPA"}]},{"@type":"WebSite","@id":"https:\/\/daysparzeszow.pl\/#website","url":"https:\/\/daysparzeszow.pl\/","name":"Day Spa Rzesz\u00f3w","description":"Masa\u017c, vouchery, bony podarunkowe, opalanie natryskowe, masa\u017ce dla dwojga","publisher":{"@id":"https:\/\/daysparzeszow.pl\/#organization"},"potentialAction":[{"@type":"SearchAction","target":{"@type":"EntryPoint","urlTemplate":"https:\/\/daysparzeszow.pl\/?s={search_term_string}"},"query-input":{"@type":"PropertyValueSpecification","valueRequired":true,"valueName":"search_term_string"}}],"inLanguage":"en-US"},{"@type":"Organization","@id":"https:\/\/daysparzeszow.pl\/#organization","name":"Day Spa Rzesz\u00f3w","url":"https:\/\/daysparzeszow.pl\/","logo":{"@type":"ImageObject","inLanguage":"en-US","@id":"https:\/\/daysparzeszow.pl\/#\/schema\/logo\/image\/","url":"https:\/\/daysparzeszow.pl\/wp-content\/uploads\/2024\/06\/DaySpa_Logo.png","contentUrl":"https:\/\/daysparzeszow.pl\/wp-content\/uploads\/2024\/06\/DaySpa_Logo.png","width":1358,"height":886,"caption":"Day Spa Rzesz\u00f3w"},"image":{"@id":"https:\/\/daysparzeszow.pl\/#\/schema\/logo\/image\/"},"sameAs":["https:\/\/www.facebook.com\/daysparzeszow","https:\/\/www.instagram.com\/daysparzeszow"]}]}},"_links":{"self":[{"href":"https:\/\/daysparzeszow.pl\/en\/wp-json\/wp\/v2\/pages\/77","targetHints":{"allow":["GET"]}}],"collection":[{"href":"https:\/\/daysparzeszow.pl\/en\/wp-json\/wp\/v2\/pages"}],"about":[{"href":"https:\/\/daysparzeszow.pl\/en\/wp-json\/wp\/v2\/types\/page"}],"author":[{"embeddable":true,"href":"https:\/\/daysparzeszow.pl\/en\/wp-json\/wp\/v2\/users\/1"}],"replies":[{"embeddable":true,"href":"https:\/\/daysparzeszow.pl\/en\/wp-json\/wp\/v2\/comments?post=77"}],"version-history":[{"count":65,"href":"https:\/\/daysparzeszow.pl\/en\/wp-json\/wp\/v2\/pages\/77\/revisions"}],"predecessor-version":[{"id":1658,"href":"https:\/\/daysparzeszow.pl\/en\/wp-json\/wp\/v2\/pages\/77\/revisions\/1658"}],"wp:attachment":[{"href":"https:\/\/daysparzeszow.pl\/en\/wp-json\/wp\/v2\/media?parent=77"}],"curies":[{"name":"wp","href":"https:\/\/api.w.org\/{rel}","templated":true}]}}