{"id":1632,"date":"2026-03-04T13:36:39","date_gmt":"2026-03-04T12:36:39","guid":{"rendered":"https:\/\/daysparzeszow.pl\/?post_type=product&#038;p=1632"},"modified":"2026-03-05T10:59:25","modified_gmt":"2026-03-05T09:59:25","slug":"dry-head-spa","status":"publish","type":"product","link":"https:\/\/daysparzeszow.pl\/en\/product\/dry-head-spa\/","title":{"rendered":"DRY HEAD SPA 45 min"},"content":{"rendered":"","protected":false},"excerpt":{"rendered":"<p><strong>DRY HEAD SPA<\/strong> \u2013 odpr\u0119\u017caj\u0105cy rytua\u0142 obejmuj\u0105cy masa\u017c g\u0142owy, karku, szyi i dekoltu, wzbogacony prac\u0105 masa\u017cer\u00f3w oraz koj\u0105cym czesaniem w\u0142os\u00f3w.<\/p>\n<p data-start=\"327\" data-end=\"586\">Podczas zabiegu skupiamy si\u0119 na g\u00f3rnych partiach cia\u0142a: karku, szyi, dekolcie oraz mi\u0119\u015bniach obr\u0119czy barkowej \u2013 miejscach, w kt\u00f3rych najcz\u0119\u015bciej kumuluje si\u0119 napi\u0119cie i stres. Powolne, uwa\u017cne ruchy stopniowo rozlu\u017aniaj\u0105 tkanki, przywracaj\u0105c lekko\u015b\u0107 i swobod\u0119.<\/p>\n<p data-start=\"588\" data-end=\"949\">Sercem rytua\u0142u jest intensywny, g\u0142\u0119boko relaksuj\u0105cy masa\u017c sk\u00f3ry g\u0142owy. To w\u0142a\u015bnie tutaj nast\u0119puje prawdziwe \u201eodpuszczenie\u201d \u2013 uczucie b\u0142ogiego spokoju, kt\u00f3re rozlewa si\u0119 po ca\u0142ym ciele. Ca\u0142o\u015b\u0107 dope\u0142nia koj\u0105ce, delikatne przeczesywanie w\u0142os\u00f3w oraz u\u017cycie subtelnych, niezwykle przyjemnych masa\u017cer\u00f3w, kt\u00f3re pot\u0119guj\u0105 wra\u017cenia i nadaj\u0105 zabiegowi wyj\u0105tkowy charakter. Blask \u015bwiec, przyciemnione \u015bwiat\u0142o, nastrojowa muzyka i pi\u0119kne, spokojne otoczenie tworz\u0105 przestrze\u0144, w kt\u00f3rej mo\u017cesz ca\u0142kowicie si\u0119 rozlu\u017ani\u0107.<\/p>\n<p>Ma\u0142o jest rzeczy cenniejszych ni\u017c b\u0142ogie chwile relaksu, jakich mo\u017cna zazna\u0107 w Day Spa Rzesz\u00f3w..<\/p>","protected":false},"featured_media":1034,"template":"","meta":[],"product_brand":[],"product_cat":[17],"product_tag":[33,32,43,41,36,42,35,34,31],"class_list":{"0":"post-1632","1":"product","2":"type-product","3":"status-publish","4":"has-post-thumbnail","6":"product_cat-bez-kategorii","7":"product_tag-bon-na-masaz","8":"product_tag-bon-podarunkowy","9":"product_tag-kobido","10":"product_tag-masaz-dla-dwojga","11":"product_tag-masaz-klasyczny","12":"product_tag-masaz-twarzy","13":"product_tag-prezent-dla-niego","14":"product_tag-prezent-dla-niej","15":"product_tag-voucher-na-masaz","16":"has-meta has-sticky-meta","18":"first","19":"instock","20":"virtual","21":"sold-individually","22":"purchasable","23":"product-type-simple"},"yoast_head":"<!-- This site is optimized with the Yoast SEO plugin v27.6 - https:\/\/yoast.com\/product\/yoast-seo-wordpress\/ -->\n<title>DRY HEAD SPA 45 min - Day Spa Rzesz\u00f3w<\/title>\n<meta name=\"description\" content=\"Wyobra\u017a sobie zabieg, kt\u00f3ry nie tylko sprawia, \u017ce Twoje w\u0142osy staj\u0105 si\u0119 zdrowsze i pe\u0142ne blasku, ale jednocze\u015bnie zapewnia g\u0142\u0119boki relaks, redukuje stres i poprawia samopoczucie.\" \/>\n<meta name=\"robots\" content=\"index, follow, max-snippet:-1, max-image-preview:large, max-video-preview:-1\" \/>\n<link rel=\"canonical\" href=\"https:\/\/daysparzeszow.pl\/en\/product\/dry-head-spa\/\" \/>\n<meta property=\"og:locale\" content=\"en_US\" \/>\n<meta property=\"og:type\" content=\"article\" \/>\n<meta property=\"og:title\" content=\"DRY HEAD SPA 45 min - Day Spa Rzesz\u00f3w\" \/>\n<meta property=\"og:description\" content=\"Wyobra\u017a sobie zabieg, kt\u00f3ry nie tylko sprawia, \u017ce Twoje w\u0142osy staj\u0105 si\u0119 zdrowsze i pe\u0142ne blasku, ale jednocze\u015bnie zapewnia g\u0142\u0119boki relaks, redukuje stres i poprawia samopoczucie.\" \/>\n<meta property=\"og:url\" content=\"https:\/\/daysparzeszow.pl\/en\/product\/dry-head-spa\/\" \/>\n<meta property=\"og:site_name\" content=\"Day Spa Rzesz\u00f3w\" \/>\n<meta property=\"article:publisher\" content=\"https:\/\/www.facebook.com\/daysparzeszow\" \/>\n<meta property=\"article:modified_time\" content=\"2026-03-05T09:59:25+00:00\" \/>\n<meta property=\"og:image\" content=\"https:\/\/daysparzeszow.pl\/wp-content\/uploads\/2025\/01\/2-1.png\" \/>\n\t<meta property=\"og:image:width\" content=\"1080\" \/>\n\t<meta property=\"og:image:height\" content=\"1080\" \/>\n\t<meta property=\"og:image:type\" content=\"image\/png\" \/>\n<meta name=\"twitter:card\" content=\"summary_large_image\" \/>\n<meta name=\"twitter:label1\" content=\"Est. reading time\" \/>\n\t<meta name=\"twitter:data1\" content=\"1 minute\" \/>\n<script type=\"application\/ld+json\" class=\"yoast-schema-graph\">{\"@context\":\"https:\\\/\\\/schema.org\",\"@graph\":[{\"@type\":\"WebPage\",\"@id\":\"https:\\\/\\\/daysparzeszow.pl\\\/produkt\\\/dry-head-spa\\\/\",\"url\":\"https:\\\/\\\/daysparzeszow.pl\\\/produkt\\\/dry-head-spa\\\/\",\"name\":\"DRY HEAD SPA 45 min - Day Spa Rzesz\u00f3w\",\"isPartOf\":{\"@id\":\"https:\\\/\\\/daysparzeszow.pl\\\/#website\"},\"primaryImageOfPage\":{\"@id\":\"https:\\\/\\\/daysparzeszow.pl\\\/produkt\\\/dry-head-spa\\\/#primaryimage\"},\"image\":{\"@id\":\"https:\\\/\\\/daysparzeszow.pl\\\/produkt\\\/dry-head-spa\\\/#primaryimage\"},\"thumbnailUrl\":\"https:\\\/\\\/daysparzeszow.pl\\\/wp-content\\\/uploads\\\/2025\\\/01\\\/2-1.png\",\"datePublished\":\"2026-03-04T12:36:39+00:00\",\"dateModified\":\"2026-03-05T09:59:25+00:00\",\"description\":\"Wyobra\u017a sobie zabieg, kt\u00f3ry nie tylko sprawia, \u017ce Twoje w\u0142osy staj\u0105 si\u0119 zdrowsze i pe\u0142ne blasku, ale jednocze\u015bnie zapewnia g\u0142\u0119boki relaks, redukuje stres i poprawia samopoczucie.\",\"breadcrumb\":{\"@id\":\"https:\\\/\\\/daysparzeszow.pl\\\/produkt\\\/dry-head-spa\\\/#breadcrumb\"},\"inLanguage\":\"en-US\",\"potentialAction\":[{\"@type\":\"ReadAction\",\"target\":[\"https:\\\/\\\/daysparzeszow.pl\\\/produkt\\\/dry-head-spa\\\/\"]}]},{\"@type\":\"ImageObject\",\"inLanguage\":\"en-US\",\"@id\":\"https:\\\/\\\/daysparzeszow.pl\\\/produkt\\\/dry-head-spa\\\/#primaryimage\",\"url\":\"https:\\\/\\\/daysparzeszow.pl\\\/wp-content\\\/uploads\\\/2025\\\/01\\\/2-1.png\",\"contentUrl\":\"https:\\\/\\\/daysparzeszow.pl\\\/wp-content\\\/uploads\\\/2025\\\/01\\\/2-1.png\",\"width\":1080,\"height\":1080},{\"@type\":\"BreadcrumbList\",\"@id\":\"https:\\\/\\\/daysparzeszow.pl\\\/produkt\\\/dry-head-spa\\\/#breadcrumb\",\"itemListElement\":[{\"@type\":\"ListItem\",\"position\":1,\"name\":\"Strona g\u0142\u00f3wna\",\"item\":\"https:\\\/\\\/daysparzeszow.pl\\\/\"},{\"@type\":\"ListItem\",\"position\":2,\"name\":\"Sklep\",\"item\":\"https:\\\/\\\/daysparzeszow.pl\\\/sklep\\\/\"},{\"@type\":\"ListItem\",\"position\":3,\"name\":\"DRY HEAD SPA 45 min\"}]},{\"@type\":\"WebSite\",\"@id\":\"https:\\\/\\\/daysparzeszow.pl\\\/#website\",\"url\":\"https:\\\/\\\/daysparzeszow.pl\\\/\",\"name\":\"Day Spa Rzesz\u00f3w\",\"description\":\"Masa\u017c, vouchery, bony podarunkowe, opalanie natryskowe, masa\u017ce dla dwojga\",\"publisher\":{\"@id\":\"https:\\\/\\\/daysparzeszow.pl\\\/#organization\"},\"potentialAction\":[{\"@type\":\"SearchAction\",\"target\":{\"@type\":\"EntryPoint\",\"urlTemplate\":\"https:\\\/\\\/daysparzeszow.pl\\\/?s={search_term_string}\"},\"query-input\":{\"@type\":\"PropertyValueSpecification\",\"valueRequired\":true,\"valueName\":\"search_term_string\"}}],\"inLanguage\":\"en-US\"},{\"@type\":\"Organization\",\"@id\":\"https:\\\/\\\/daysparzeszow.pl\\\/#organization\",\"name\":\"Day Spa Rzesz\u00f3w\",\"url\":\"https:\\\/\\\/daysparzeszow.pl\\\/\",\"logo\":{\"@type\":\"ImageObject\",\"inLanguage\":\"en-US\",\"@id\":\"https:\\\/\\\/daysparzeszow.pl\\\/#\\\/schema\\\/logo\\\/image\\\/\",\"url\":\"https:\\\/\\\/daysparzeszow.pl\\\/wp-content\\\/uploads\\\/2024\\\/06\\\/DaySpa_Logo.png\",\"contentUrl\":\"https:\\\/\\\/daysparzeszow.pl\\\/wp-content\\\/uploads\\\/2024\\\/06\\\/DaySpa_Logo.png\",\"width\":1358,\"height\":886,\"caption\":\"Day Spa Rzesz\u00f3w\"},\"image\":{\"@id\":\"https:\\\/\\\/daysparzeszow.pl\\\/#\\\/schema\\\/logo\\\/image\\\/\"},\"sameAs\":[\"https:\\\/\\\/www.facebook.com\\\/daysparzeszow\",\"https:\\\/\\\/www.instagram.com\\\/daysparzeszow\"]}]}<\/script>\n<!-- \/ Yoast SEO plugin. -->","yoast_head_json":{"title":"DRY HEAD SPA 45 min - Day Spa Rzesz\u00f3w","description":"Wyobra\u017a sobie zabieg, kt\u00f3ry nie tylko sprawia, \u017ce Twoje w\u0142osy staj\u0105 si\u0119 zdrowsze i pe\u0142ne blasku, ale jednocze\u015bnie zapewnia g\u0142\u0119boki relaks, redukuje stres i poprawia samopoczucie.","robots":{"index":"index","follow":"follow","max-snippet":"max-snippet:-1","max-image-preview":"max-image-preview:large","max-video-preview":"max-video-preview:-1"},"canonical":"https:\/\/daysparzeszow.pl\/en\/product\/dry-head-spa\/","og_locale":"en_US","og_type":"article","og_title":"DRY HEAD SPA 45 min - Day Spa Rzesz\u00f3w","og_description":"Wyobra\u017a sobie zabieg, kt\u00f3ry nie tylko sprawia, \u017ce Twoje w\u0142osy staj\u0105 si\u0119 zdrowsze i pe\u0142ne blasku, ale jednocze\u015bnie zapewnia g\u0142\u0119boki relaks, redukuje stres i poprawia samopoczucie.","og_url":"https:\/\/daysparzeszow.pl\/en\/product\/dry-head-spa\/","og_site_name":"Day Spa Rzesz\u00f3w","article_publisher":"https:\/\/www.facebook.com\/daysparzeszow","article_modified_time":"2026-03-05T09:59:25+00:00","og_image":[{"width":1080,"height":1080,"url":"https:\/\/daysparzeszow.pl\/wp-content\/uploads\/2025\/01\/2-1.png","type":"image\/png"}],"twitter_card":"summary_large_image","twitter_misc":{"Est. reading time":"1 minute"},"schema":{"@context":"https:\/\/schema.org","@graph":[{"@type":"WebPage","@id":"https:\/\/daysparzeszow.pl\/produkt\/dry-head-spa\/","url":"https:\/\/daysparzeszow.pl\/produkt\/dry-head-spa\/","name":"DRY HEAD SPA 45 min - Day Spa Rzesz\u00f3w","isPartOf":{"@id":"https:\/\/daysparzeszow.pl\/#website"},"primaryImageOfPage":{"@id":"https:\/\/daysparzeszow.pl\/produkt\/dry-head-spa\/#primaryimage"},"image":{"@id":"https:\/\/daysparzeszow.pl\/produkt\/dry-head-spa\/#primaryimage"},"thumbnailUrl":"https:\/\/daysparzeszow.pl\/wp-content\/uploads\/2025\/01\/2-1.png","datePublished":"2026-03-04T12:36:39+00:00","dateModified":"2026-03-05T09:59:25+00:00","description":"Wyobra\u017a sobie zabieg, kt\u00f3ry nie tylko sprawia, \u017ce Twoje w\u0142osy staj\u0105 si\u0119 zdrowsze i pe\u0142ne blasku, ale jednocze\u015bnie zapewnia g\u0142\u0119boki relaks, redukuje stres i poprawia samopoczucie.","breadcrumb":{"@id":"https:\/\/daysparzeszow.pl\/produkt\/dry-head-spa\/#breadcrumb"},"inLanguage":"en-US","potentialAction":[{"@type":"ReadAction","target":["https:\/\/daysparzeszow.pl\/produkt\/dry-head-spa\/"]}]},{"@type":"ImageObject","inLanguage":"en-US","@id":"https:\/\/daysparzeszow.pl\/produkt\/dry-head-spa\/#primaryimage","url":"https:\/\/daysparzeszow.pl\/wp-content\/uploads\/2025\/01\/2-1.png","contentUrl":"https:\/\/daysparzeszow.pl\/wp-content\/uploads\/2025\/01\/2-1.png","width":1080,"height":1080},{"@type":"BreadcrumbList","@id":"https:\/\/daysparzeszow.pl\/produkt\/dry-head-spa\/#breadcrumb","itemListElement":[{"@type":"ListItem","position":1,"name":"Strona g\u0142\u00f3wna","item":"https:\/\/daysparzeszow.pl\/"},{"@type":"ListItem","position":2,"name":"Sklep","item":"https:\/\/daysparzeszow.pl\/sklep\/"},{"@type":"ListItem","position":3,"name":"DRY HEAD SPA 45 min"}]},{"@type":"WebSite","@id":"https:\/\/daysparzeszow.pl\/#website","url":"https:\/\/daysparzeszow.pl\/","name":"Day Spa Rzesz\u00f3w","description":"Masa\u017c, vouchery, bony podarunkowe, opalanie natryskowe, masa\u017ce dla dwojga","publisher":{"@id":"https:\/\/daysparzeszow.pl\/#organization"},"potentialAction":[{"@type":"SearchAction","target":{"@type":"EntryPoint","urlTemplate":"https:\/\/daysparzeszow.pl\/?s={search_term_string}"},"query-input":{"@type":"PropertyValueSpecification","valueRequired":true,"valueName":"search_term_string"}}],"inLanguage":"en-US"},{"@type":"Organization","@id":"https:\/\/daysparzeszow.pl\/#organization","name":"Day Spa Rzesz\u00f3w","url":"https:\/\/daysparzeszow.pl\/","logo":{"@type":"ImageObject","inLanguage":"en-US","@id":"https:\/\/daysparzeszow.pl\/#\/schema\/logo\/image\/","url":"https:\/\/daysparzeszow.pl\/wp-content\/uploads\/2024\/06\/DaySpa_Logo.png","contentUrl":"https:\/\/daysparzeszow.pl\/wp-content\/uploads\/2024\/06\/DaySpa_Logo.png","width":1358,"height":886,"caption":"Day Spa Rzesz\u00f3w"},"image":{"@id":"https:\/\/daysparzeszow.pl\/#\/schema\/logo\/image\/"},"sameAs":["https:\/\/www.facebook.com\/daysparzeszow","https:\/\/www.instagram.com\/daysparzeszow"]}]}},"_links":{"self":[{"href":"https:\/\/daysparzeszow.pl\/en\/wp-json\/wp\/v2\/product\/1632","targetHints":{"allow":["GET"]}}],"collection":[{"href":"https:\/\/daysparzeszow.pl\/en\/wp-json\/wp\/v2\/product"}],"about":[{"href":"https:\/\/daysparzeszow.pl\/en\/wp-json\/wp\/v2\/types\/product"}],"wp:featuredmedia":[{"embeddable":true,"href":"https:\/\/daysparzeszow.pl\/en\/wp-json\/wp\/v2\/media\/1034"}],"wp:attachment":[{"href":"https:\/\/daysparzeszow.pl\/en\/wp-json\/wp\/v2\/media?parent=1632"}],"wp:term":[{"taxonomy":"product_brand","embeddable":true,"href":"https:\/\/daysparzeszow.pl\/en\/wp-json\/wp\/v2\/product_brand?post=1632"},{"taxonomy":"product_cat","embeddable":true,"href":"https:\/\/daysparzeszow.pl\/en\/wp-json\/wp\/v2\/product_cat?post=1632"},{"taxonomy":"product_tag","embeddable":true,"href":"https:\/\/daysparzeszow.pl\/en\/wp-json\/wp\/v2\/product_tag?post=1632"}],"curies":[{"name":"wp","href":"https:\/\/api.w.org\/{rel}","templated":true}]}}