{"id":862,"date":"2024-12-14T14:20:39","date_gmt":"2024-12-14T13:20:39","guid":{"rendered":"https:\/\/daysparzeszow.pl\/?post_type=product&#038;p=862"},"modified":"2026-03-01T18:20:04","modified_gmt":"2026-03-01T17:20:04","slug":"masaz-relaksacyjny-30-min-dla-dwojga","status":"publish","type":"product","link":"https:\/\/daysparzeszow.pl\/en\/product\/masaz-relaksacyjny-30-min-dla-dwojga\/","title":{"rendered":"Masa\u017c relaksacyjny 30 min dla dwojga"},"content":{"rendered":"","protected":false},"excerpt":{"rendered":"<p>Wspania\u0142y masa\u017c dla os\u00f3b przeci\u0105\u017conych p\u0119dem codzienno\u015bci. \u0141agodne, p\u0142ynne, spokojne ruchy wprowadzaj\u0105 w g\u0142\u0119boki relaks i daj\u0105\u00a0 przestrze\u0144 na oderwanie si\u0119 od p\u0119dz\u0105cych my\u015bli. Spokojny, g\u0142\u0119boko koj\u0105cy, delikatny masa\u017c, redukuj\u0105cy napi\u0119cia mi\u0119\u015bniowe, odpr\u0119\u017ca ca\u0142e cia\u0142o i umys\u0142, skupia si\u0119 na emocjonalnym wyciszeniu oraz zniwelowaniu skutk\u00f3w stresu i zm\u0119czenia w organizmie. Ca\u0142o\u015b\u0107 do\u015bwiadczenia jest dope\u0142niana przyjemn\u0105 muzyk\u0105, w blasku \u015bwiec i aromatycznych zapach\u00f3w.<\/p>\n<p>Poprzez taki podarunek poka\u017cesz ukochanej osobie, \u017ce zale\u017cy Ci na jej zdrowiu i wspania\u0142ym samopoczuciu.<\/p>\n<p>Ma\u0142o jest rzeczy cenniejszych ni\u017c b\u0142ogie chwile relaksu, jakich mo\u017cna zazna\u0107 w Day Spa Rzesz\u00f3w&#8230;<\/p>","protected":false},"featured_media":301,"template":"","meta":[],"product_brand":[],"product_cat":[17],"product_tag":[33,32,41,35,34,31],"class_list":{"0":"post-862","1":"product","2":"type-product","3":"status-publish","4":"has-post-thumbnail","6":"product_cat-bez-kategorii","7":"product_tag-bon-na-masaz","8":"product_tag-bon-podarunkowy","9":"product_tag-masaz-dla-dwojga","10":"product_tag-prezent-dla-niego","11":"product_tag-prezent-dla-niej","12":"product_tag-voucher-na-masaz","13":"has-meta has-sticky-meta","15":"first","16":"instock","17":"virtual","18":"sold-individually","19":"purchasable","20":"product-type-simple"},"yoast_head":"<!-- This site is optimized with the Yoast SEO plugin v27.6 - https:\/\/yoast.com\/product\/yoast-seo-wordpress\/ -->\n<title>Masa\u017c relaksacyjny 30 min dla dwojga - Day Spa Rzesz\u00f3w<\/title>\n<meta name=\"description\" content=\"Wspania\u0142y masa\u017c dla os\u00f3b przeci\u0105\u017conych p\u0119dem codzienno\u015bci. \u0141agodne, p\u0142ynne, spokojne ruchy wprowadzaj\u0105 w g\u0142\u0119boki relaks i daj\u0105\u00a0 przestrze\u0144 na oderwanie si\u0119 od p\u0119dz\u0105cych my\u015bli. Ca\u0142o\u015b\u0107 do\u015bwiadczenia jest dope\u0142niana przyjemn\u0105 muzyk\u0105, w blasku \u015bwiec i aromatycznych zapach\u00f3w\" \/>\n<meta name=\"robots\" content=\"index, follow, max-snippet:-1, max-image-preview:large, max-video-preview:-1\" \/>\n<link rel=\"canonical\" href=\"https:\/\/daysparzeszow.pl\/en\/product\/masaz-relaksacyjny-30-min-dla-dwojga\/\" \/>\n<meta property=\"og:locale\" content=\"en_US\" \/>\n<meta property=\"og:type\" content=\"article\" \/>\n<meta property=\"og:title\" content=\"Masa\u017c relaksacyjny 30 min dla dwojga - Day Spa Rzesz\u00f3w\" \/>\n<meta property=\"og:description\" content=\"Wspania\u0142y masa\u017c dla os\u00f3b przeci\u0105\u017conych p\u0119dem codzienno\u015bci. \u0141agodne, p\u0142ynne, spokojne ruchy wprowadzaj\u0105 w g\u0142\u0119boki relaks i daj\u0105\u00a0 przestrze\u0144 na oderwanie si\u0119 od p\u0119dz\u0105cych my\u015bli. Ca\u0142o\u015b\u0107 do\u015bwiadczenia jest dope\u0142niana przyjemn\u0105 muzyk\u0105, w blasku \u015bwiec i aromatycznych zapach\u00f3w\" \/>\n<meta property=\"og:url\" content=\"https:\/\/daysparzeszow.pl\/en\/product\/masaz-relaksacyjny-30-min-dla-dwojga\/\" \/>\n<meta property=\"og:site_name\" content=\"Day Spa Rzesz\u00f3w\" \/>\n<meta property=\"article:publisher\" content=\"https:\/\/www.facebook.com\/daysparzeszow\" \/>\n<meta property=\"article:modified_time\" content=\"2026-03-01T17:20:04+00:00\" \/>\n<meta property=\"og:image\" content=\"https:\/\/daysparzeszow.pl\/wp-content\/uploads\/2024\/06\/DSCF8944-scaled.jpg\" \/>\n\t<meta property=\"og:image:width\" content=\"1707\" \/>\n\t<meta property=\"og:image:height\" content=\"2560\" \/>\n\t<meta property=\"og:image:type\" content=\"image\/jpeg\" \/>\n<meta name=\"twitter:card\" content=\"summary_large_image\" \/>\n<meta name=\"twitter:label1\" content=\"Est. reading time\" \/>\n\t<meta name=\"twitter:data1\" content=\"1 minute\" \/>\n<script type=\"application\/ld+json\" class=\"yoast-schema-graph\">{\"@context\":\"https:\\\/\\\/schema.org\",\"@graph\":[{\"@type\":\"WebPage\",\"@id\":\"https:\\\/\\\/daysparzeszow.pl\\\/produkt\\\/masaz-relaksacyjny-30-min-dla-dwojga\\\/\",\"url\":\"https:\\\/\\\/daysparzeszow.pl\\\/produkt\\\/masaz-relaksacyjny-30-min-dla-dwojga\\\/\",\"name\":\"Masa\u017c relaksacyjny 30 min dla dwojga - Day Spa Rzesz\u00f3w\",\"isPartOf\":{\"@id\":\"https:\\\/\\\/daysparzeszow.pl\\\/#website\"},\"primaryImageOfPage\":{\"@id\":\"https:\\\/\\\/daysparzeszow.pl\\\/produkt\\\/masaz-relaksacyjny-30-min-dla-dwojga\\\/#primaryimage\"},\"image\":{\"@id\":\"https:\\\/\\\/daysparzeszow.pl\\\/produkt\\\/masaz-relaksacyjny-30-min-dla-dwojga\\\/#primaryimage\"},\"thumbnailUrl\":\"https:\\\/\\\/daysparzeszow.pl\\\/wp-content\\\/uploads\\\/2024\\\/06\\\/DSCF8944-scaled.jpg\",\"datePublished\":\"2024-12-14T13:20:39+00:00\",\"dateModified\":\"2026-03-01T17:20:04+00:00\",\"description\":\"Wspania\u0142y masa\u017c dla os\u00f3b przeci\u0105\u017conych p\u0119dem codzienno\u015bci. \u0141agodne, p\u0142ynne, spokojne ruchy wprowadzaj\u0105 w g\u0142\u0119boki relaks i daj\u0105\u00a0 przestrze\u0144 na oderwanie si\u0119 od p\u0119dz\u0105cych my\u015bli. Ca\u0142o\u015b\u0107 do\u015bwiadczenia jest dope\u0142niana przyjemn\u0105 muzyk\u0105, w blasku \u015bwiec i aromatycznych zapach\u00f3w\",\"breadcrumb\":{\"@id\":\"https:\\\/\\\/daysparzeszow.pl\\\/produkt\\\/masaz-relaksacyjny-30-min-dla-dwojga\\\/#breadcrumb\"},\"inLanguage\":\"en-US\",\"potentialAction\":[{\"@type\":\"ReadAction\",\"target\":[\"https:\\\/\\\/daysparzeszow.pl\\\/produkt\\\/masaz-relaksacyjny-30-min-dla-dwojga\\\/\"]}]},{\"@type\":\"ImageObject\",\"inLanguage\":\"en-US\",\"@id\":\"https:\\\/\\\/daysparzeszow.pl\\\/produkt\\\/masaz-relaksacyjny-30-min-dla-dwojga\\\/#primaryimage\",\"url\":\"https:\\\/\\\/daysparzeszow.pl\\\/wp-content\\\/uploads\\\/2024\\\/06\\\/DSCF8944-scaled.jpg\",\"contentUrl\":\"https:\\\/\\\/daysparzeszow.pl\\\/wp-content\\\/uploads\\\/2024\\\/06\\\/DSCF8944-scaled.jpg\",\"width\":1707,\"height\":2560},{\"@type\":\"BreadcrumbList\",\"@id\":\"https:\\\/\\\/daysparzeszow.pl\\\/produkt\\\/masaz-relaksacyjny-30-min-dla-dwojga\\\/#breadcrumb\",\"itemListElement\":[{\"@type\":\"ListItem\",\"position\":1,\"name\":\"Strona g\u0142\u00f3wna\",\"item\":\"https:\\\/\\\/daysparzeszow.pl\\\/\"},{\"@type\":\"ListItem\",\"position\":2,\"name\":\"Sklep\",\"item\":\"https:\\\/\\\/daysparzeszow.pl\\\/sklep\\\/\"},{\"@type\":\"ListItem\",\"position\":3,\"name\":\"Masa\u017c relaksacyjny 30 min dla dwojga\"}]},{\"@type\":\"WebSite\",\"@id\":\"https:\\\/\\\/daysparzeszow.pl\\\/#website\",\"url\":\"https:\\\/\\\/daysparzeszow.pl\\\/\",\"name\":\"Day Spa Rzesz\u00f3w\",\"description\":\"Masa\u017c, vouchery, bony podarunkowe, opalanie natryskowe, masa\u017ce dla dwojga\",\"publisher\":{\"@id\":\"https:\\\/\\\/daysparzeszow.pl\\\/#organization\"},\"potentialAction\":[{\"@type\":\"SearchAction\",\"target\":{\"@type\":\"EntryPoint\",\"urlTemplate\":\"https:\\\/\\\/daysparzeszow.pl\\\/?s={search_term_string}\"},\"query-input\":{\"@type\":\"PropertyValueSpecification\",\"valueRequired\":true,\"valueName\":\"search_term_string\"}}],\"inLanguage\":\"en-US\"},{\"@type\":\"Organization\",\"@id\":\"https:\\\/\\\/daysparzeszow.pl\\\/#organization\",\"name\":\"Day Spa Rzesz\u00f3w\",\"url\":\"https:\\\/\\\/daysparzeszow.pl\\\/\",\"logo\":{\"@type\":\"ImageObject\",\"inLanguage\":\"en-US\",\"@id\":\"https:\\\/\\\/daysparzeszow.pl\\\/#\\\/schema\\\/logo\\\/image\\\/\",\"url\":\"https:\\\/\\\/daysparzeszow.pl\\\/wp-content\\\/uploads\\\/2024\\\/06\\\/DaySpa_Logo.png\",\"contentUrl\":\"https:\\\/\\\/daysparzeszow.pl\\\/wp-content\\\/uploads\\\/2024\\\/06\\\/DaySpa_Logo.png\",\"width\":1358,\"height\":886,\"caption\":\"Day Spa Rzesz\u00f3w\"},\"image\":{\"@id\":\"https:\\\/\\\/daysparzeszow.pl\\\/#\\\/schema\\\/logo\\\/image\\\/\"},\"sameAs\":[\"https:\\\/\\\/www.facebook.com\\\/daysparzeszow\",\"https:\\\/\\\/www.instagram.com\\\/daysparzeszow\"]}]}<\/script>\n<!-- \/ Yoast SEO plugin. -->","yoast_head_json":{"title":"Masa\u017c relaksacyjny 30 min dla dwojga - Day Spa Rzesz\u00f3w","description":"Wspania\u0142y masa\u017c dla os\u00f3b przeci\u0105\u017conych p\u0119dem codzienno\u015bci. \u0141agodne, p\u0142ynne, spokojne ruchy wprowadzaj\u0105 w g\u0142\u0119boki relaks i daj\u0105\u00a0 przestrze\u0144 na oderwanie si\u0119 od p\u0119dz\u0105cych my\u015bli. Ca\u0142o\u015b\u0107 do\u015bwiadczenia jest dope\u0142niana przyjemn\u0105 muzyk\u0105, w blasku \u015bwiec i aromatycznych zapach\u00f3w","robots":{"index":"index","follow":"follow","max-snippet":"max-snippet:-1","max-image-preview":"max-image-preview:large","max-video-preview":"max-video-preview:-1"},"canonical":"https:\/\/daysparzeszow.pl\/en\/product\/masaz-relaksacyjny-30-min-dla-dwojga\/","og_locale":"en_US","og_type":"article","og_title":"Masa\u017c relaksacyjny 30 min dla dwojga - Day Spa Rzesz\u00f3w","og_description":"Wspania\u0142y masa\u017c dla os\u00f3b przeci\u0105\u017conych p\u0119dem codzienno\u015bci. \u0141agodne, p\u0142ynne, spokojne ruchy wprowadzaj\u0105 w g\u0142\u0119boki relaks i daj\u0105\u00a0 przestrze\u0144 na oderwanie si\u0119 od p\u0119dz\u0105cych my\u015bli. Ca\u0142o\u015b\u0107 do\u015bwiadczenia jest dope\u0142niana przyjemn\u0105 muzyk\u0105, w blasku \u015bwiec i aromatycznych zapach\u00f3w","og_url":"https:\/\/daysparzeszow.pl\/en\/product\/masaz-relaksacyjny-30-min-dla-dwojga\/","og_site_name":"Day Spa Rzesz\u00f3w","article_publisher":"https:\/\/www.facebook.com\/daysparzeszow","article_modified_time":"2026-03-01T17:20:04+00:00","og_image":[{"width":1707,"height":2560,"url":"https:\/\/daysparzeszow.pl\/wp-content\/uploads\/2024\/06\/DSCF8944-scaled.jpg","type":"image\/jpeg"}],"twitter_card":"summary_large_image","twitter_misc":{"Est. reading time":"1 minute"},"schema":{"@context":"https:\/\/schema.org","@graph":[{"@type":"WebPage","@id":"https:\/\/daysparzeszow.pl\/produkt\/masaz-relaksacyjny-30-min-dla-dwojga\/","url":"https:\/\/daysparzeszow.pl\/produkt\/masaz-relaksacyjny-30-min-dla-dwojga\/","name":"Masa\u017c relaksacyjny 30 min dla dwojga - Day Spa Rzesz\u00f3w","isPartOf":{"@id":"https:\/\/daysparzeszow.pl\/#website"},"primaryImageOfPage":{"@id":"https:\/\/daysparzeszow.pl\/produkt\/masaz-relaksacyjny-30-min-dla-dwojga\/#primaryimage"},"image":{"@id":"https:\/\/daysparzeszow.pl\/produkt\/masaz-relaksacyjny-30-min-dla-dwojga\/#primaryimage"},"thumbnailUrl":"https:\/\/daysparzeszow.pl\/wp-content\/uploads\/2024\/06\/DSCF8944-scaled.jpg","datePublished":"2024-12-14T13:20:39+00:00","dateModified":"2026-03-01T17:20:04+00:00","description":"Wspania\u0142y masa\u017c dla os\u00f3b przeci\u0105\u017conych p\u0119dem codzienno\u015bci. \u0141agodne, p\u0142ynne, spokojne ruchy wprowadzaj\u0105 w g\u0142\u0119boki relaks i daj\u0105\u00a0 przestrze\u0144 na oderwanie si\u0119 od p\u0119dz\u0105cych my\u015bli. Ca\u0142o\u015b\u0107 do\u015bwiadczenia jest dope\u0142niana przyjemn\u0105 muzyk\u0105, w blasku \u015bwiec i aromatycznych zapach\u00f3w","breadcrumb":{"@id":"https:\/\/daysparzeszow.pl\/produkt\/masaz-relaksacyjny-30-min-dla-dwojga\/#breadcrumb"},"inLanguage":"en-US","potentialAction":[{"@type":"ReadAction","target":["https:\/\/daysparzeszow.pl\/produkt\/masaz-relaksacyjny-30-min-dla-dwojga\/"]}]},{"@type":"ImageObject","inLanguage":"en-US","@id":"https:\/\/daysparzeszow.pl\/produkt\/masaz-relaksacyjny-30-min-dla-dwojga\/#primaryimage","url":"https:\/\/daysparzeszow.pl\/wp-content\/uploads\/2024\/06\/DSCF8944-scaled.jpg","contentUrl":"https:\/\/daysparzeszow.pl\/wp-content\/uploads\/2024\/06\/DSCF8944-scaled.jpg","width":1707,"height":2560},{"@type":"BreadcrumbList","@id":"https:\/\/daysparzeszow.pl\/produkt\/masaz-relaksacyjny-30-min-dla-dwojga\/#breadcrumb","itemListElement":[{"@type":"ListItem","position":1,"name":"Strona g\u0142\u00f3wna","item":"https:\/\/daysparzeszow.pl\/"},{"@type":"ListItem","position":2,"name":"Sklep","item":"https:\/\/daysparzeszow.pl\/sklep\/"},{"@type":"ListItem","position":3,"name":"Masa\u017c relaksacyjny 30 min dla dwojga"}]},{"@type":"WebSite","@id":"https:\/\/daysparzeszow.pl\/#website","url":"https:\/\/daysparzeszow.pl\/","name":"Day Spa Rzesz\u00f3w","description":"Masa\u017c, vouchery, bony podarunkowe, opalanie natryskowe, masa\u017ce dla dwojga","publisher":{"@id":"https:\/\/daysparzeszow.pl\/#organization"},"potentialAction":[{"@type":"SearchAction","target":{"@type":"EntryPoint","urlTemplate":"https:\/\/daysparzeszow.pl\/?s={search_term_string}"},"query-input":{"@type":"PropertyValueSpecification","valueRequired":true,"valueName":"search_term_string"}}],"inLanguage":"en-US"},{"@type":"Organization","@id":"https:\/\/daysparzeszow.pl\/#organization","name":"Day Spa Rzesz\u00f3w","url":"https:\/\/daysparzeszow.pl\/","logo":{"@type":"ImageObject","inLanguage":"en-US","@id":"https:\/\/daysparzeszow.pl\/#\/schema\/logo\/image\/","url":"https:\/\/daysparzeszow.pl\/wp-content\/uploads\/2024\/06\/DaySpa_Logo.png","contentUrl":"https:\/\/daysparzeszow.pl\/wp-content\/uploads\/2024\/06\/DaySpa_Logo.png","width":1358,"height":886,"caption":"Day Spa Rzesz\u00f3w"},"image":{"@id":"https:\/\/daysparzeszow.pl\/#\/schema\/logo\/image\/"},"sameAs":["https:\/\/www.facebook.com\/daysparzeszow","https:\/\/www.instagram.com\/daysparzeszow"]}]}},"_links":{"self":[{"href":"https:\/\/daysparzeszow.pl\/en\/wp-json\/wp\/v2\/product\/862","targetHints":{"allow":["GET"]}}],"collection":[{"href":"https:\/\/daysparzeszow.pl\/en\/wp-json\/wp\/v2\/product"}],"about":[{"href":"https:\/\/daysparzeszow.pl\/en\/wp-json\/wp\/v2\/types\/product"}],"wp:featuredmedia":[{"embeddable":true,"href":"https:\/\/daysparzeszow.pl\/en\/wp-json\/wp\/v2\/media\/301"}],"wp:attachment":[{"href":"https:\/\/daysparzeszow.pl\/en\/wp-json\/wp\/v2\/media?parent=862"}],"wp:term":[{"taxonomy":"product_brand","embeddable":true,"href":"https:\/\/daysparzeszow.pl\/en\/wp-json\/wp\/v2\/product_brand?post=862"},{"taxonomy":"product_cat","embeddable":true,"href":"https:\/\/daysparzeszow.pl\/en\/wp-json\/wp\/v2\/product_cat?post=862"},{"taxonomy":"product_tag","embeddable":true,"href":"https:\/\/daysparzeszow.pl\/en\/wp-json\/wp\/v2\/product_tag?post=862"}],"curies":[{"name":"wp","href":"https:\/\/api.w.org\/{rel}","templated":true}]}}