{"id":875,"date":"2024-12-14T14:50:07","date_gmt":"2024-12-14T13:50:07","guid":{"rendered":"https:\/\/daysparzeszow.pl\/?post_type=product&#038;p=875"},"modified":"2026-03-01T18:15:32","modified_gmt":"2026-03-01T17:15:32","slug":"gleboko-kojacy-masaz-twarzy-glowy-i-karku-45-min-dla-dwojga","status":"publish","type":"product","link":"https:\/\/daysparzeszow.pl\/en\/product\/gleboko-kojacy-masaz-twarzy-glowy-i-karku-45-min-dla-dwojga\/","title":{"rendered":"G\u0142\u0119boko koj\u0105cy masa\u017c twarzy, g\u0142owy i karku &#8211; 40 min dla dwojga"},"content":{"rendered":"","protected":false},"excerpt":{"rendered":"<p>Autorska kompozycja technik manualnych na obszarze twarz \/ g\u0142owa \/ kark. Pracujemy z wykorzystaniem technik drenuj\u0105cych, fizjoterapeutycznych, uciskowych, rozci\u0105gaj\u0105cych i kosmetycznych. Masa\u017c twarzy, g\u0142owy i karku stanowi cz\u0119sto natychmiastowe i niesamowite odpr\u0119\u017cenie ca\u0142ego cia\u0142a, a dodatkowo uwalnia emocje oraz mobilizuje procesy regeneracyjne cia\u0142a oraz sk\u00f3ry twarzy.<br \/>\nWp\u0142ywa na koloryt sk\u00f3ry twarzy, rozja\u015bnienie, wypocz\u0119ty wygl\u0105d.<\/p>\n<p>Poprzez taki podarunek poka\u017cesz ukochanej osobie, \u017ce zale\u017cy Ci na jej zdrowiu i wspania\u0142ym samopoczuciu.<\/p>\n<p>Ma\u0142o jest rzeczy cenniejszych ni\u017c b\u0142ogie chwile relaksu, jakich mo\u017cna zazna\u0107 w Day Spa Rzesz\u00f3w..<\/p>","protected":false},"featured_media":789,"template":"","meta":[],"product_brand":[],"product_cat":[17],"product_tag":[33,32,41,36,42,35,34,31],"class_list":{"0":"post-875","1":"product","2":"type-product","3":"status-publish","4":"has-post-thumbnail","6":"product_cat-bez-kategorii","7":"product_tag-bon-na-masaz","8":"product_tag-bon-podarunkowy","9":"product_tag-masaz-dla-dwojga","10":"product_tag-masaz-klasyczny","11":"product_tag-masaz-twarzy","12":"product_tag-prezent-dla-niego","13":"product_tag-prezent-dla-niej","14":"product_tag-voucher-na-masaz","15":"has-meta has-sticky-meta","17":"first","18":"instock","19":"virtual","20":"sold-individually","21":"purchasable","22":"product-type-simple"},"yoast_head":"<!-- This site is optimized with the Yoast SEO plugin v27.3 - https:\/\/yoast.com\/product\/yoast-seo-wordpress\/ -->\n<title>G\u0142\u0119boko koj\u0105cy masa\u017c twarzy, g\u0142owy i karku - 40 min dla dwojga - Day Spa Rzesz\u00f3w<\/title>\n<meta name=\"description\" content=\"Autorska kompozycja technik manualnych na obszarze twarz \/ g\u0142owa \/ kark. Masa\u017c twarzy, g\u0142owy i karku stanowi cz\u0119sto natychmiastowe i niesamowite odpr\u0119\u017cenie ca\u0142ego cia\u0142a, a dodatkowo uwalnia emocje oraz mobilizuje procesy regeneracyjne cia\u0142a oraz sk\u00f3ry twarzy.\" \/>\n<meta name=\"robots\" content=\"index, follow, max-snippet:-1, max-image-preview:large, max-video-preview:-1\" \/>\n<link rel=\"canonical\" href=\"https:\/\/daysparzeszow.pl\/en\/product\/gleboko-kojacy-masaz-twarzy-glowy-i-karku-45-min-dla-dwojga\/\" \/>\n<meta property=\"og:locale\" content=\"en_US\" \/>\n<meta property=\"og:type\" content=\"article\" \/>\n<meta property=\"og:title\" content=\"G\u0142\u0119boko koj\u0105cy masa\u017c twarzy, g\u0142owy i karku - 40 min dla dwojga - Day Spa Rzesz\u00f3w\" \/>\n<meta property=\"og:description\" content=\"Autorska kompozycja technik manualnych na obszarze twarz \/ g\u0142owa \/ kark. Masa\u017c twarzy, g\u0142owy i karku stanowi cz\u0119sto natychmiastowe i niesamowite odpr\u0119\u017cenie ca\u0142ego cia\u0142a, a dodatkowo uwalnia emocje oraz mobilizuje procesy regeneracyjne cia\u0142a oraz sk\u00f3ry twarzy.\" \/>\n<meta property=\"og:url\" content=\"https:\/\/daysparzeszow.pl\/en\/product\/gleboko-kojacy-masaz-twarzy-glowy-i-karku-45-min-dla-dwojga\/\" \/>\n<meta property=\"og:site_name\" content=\"Day Spa Rzesz\u00f3w\" \/>\n<meta property=\"article:publisher\" content=\"https:\/\/www.facebook.com\/daysparzeszow\" \/>\n<meta property=\"article:modified_time\" content=\"2026-03-01T17:15:32+00:00\" \/>\n<meta property=\"og:image\" content=\"https:\/\/daysparzeszow.pl\/wp-content\/uploads\/2024\/10\/Rytual-piel-76-png.avif\" \/>\n\t<meta property=\"og:image:width\" content=\"940\" \/>\n\t<meta property=\"og:image:height\" content=\"788\" \/>\n\t<meta property=\"og:image:type\" content=\"image\/png\" \/>\n<meta name=\"twitter:card\" content=\"summary_large_image\" \/>\n<meta name=\"twitter:label1\" content=\"Est. reading time\" \/>\n\t<meta name=\"twitter:data1\" content=\"1 minute\" \/>\n<script type=\"application\/ld+json\" class=\"yoast-schema-graph\">{\"@context\":\"https:\\\/\\\/schema.org\",\"@graph\":[{\"@type\":\"WebPage\",\"@id\":\"https:\\\/\\\/daysparzeszow.pl\\\/produkt\\\/gleboko-kojacy-masaz-twarzy-glowy-i-karku-45-min-dla-dwojga\\\/\",\"url\":\"https:\\\/\\\/daysparzeszow.pl\\\/produkt\\\/gleboko-kojacy-masaz-twarzy-glowy-i-karku-45-min-dla-dwojga\\\/\",\"name\":\"G\u0142\u0119boko koj\u0105cy masa\u017c twarzy, g\u0142owy i karku - 40 min dla dwojga - Day Spa Rzesz\u00f3w\",\"isPartOf\":{\"@id\":\"https:\\\/\\\/daysparzeszow.pl\\\/#website\"},\"primaryImageOfPage\":{\"@id\":\"https:\\\/\\\/daysparzeszow.pl\\\/produkt\\\/gleboko-kojacy-masaz-twarzy-glowy-i-karku-45-min-dla-dwojga\\\/#primaryimage\"},\"image\":{\"@id\":\"https:\\\/\\\/daysparzeszow.pl\\\/produkt\\\/gleboko-kojacy-masaz-twarzy-glowy-i-karku-45-min-dla-dwojga\\\/#primaryimage\"},\"thumbnailUrl\":\"https:\\\/\\\/daysparzeszow.pl\\\/wp-content\\\/uploads\\\/2024\\\/10\\\/Rytual-piel-76-png.avif\",\"datePublished\":\"2024-12-14T13:50:07+00:00\",\"dateModified\":\"2026-03-01T17:15:32+00:00\",\"description\":\"Autorska kompozycja technik manualnych na obszarze twarz \\\/ g\u0142owa \\\/ kark. Masa\u017c twarzy, g\u0142owy i karku stanowi cz\u0119sto natychmiastowe i niesamowite odpr\u0119\u017cenie ca\u0142ego cia\u0142a, a dodatkowo uwalnia emocje oraz mobilizuje procesy regeneracyjne cia\u0142a oraz sk\u00f3ry twarzy.\",\"breadcrumb\":{\"@id\":\"https:\\\/\\\/daysparzeszow.pl\\\/produkt\\\/gleboko-kojacy-masaz-twarzy-glowy-i-karku-45-min-dla-dwojga\\\/#breadcrumb\"},\"inLanguage\":\"en-US\",\"potentialAction\":[{\"@type\":\"ReadAction\",\"target\":[\"https:\\\/\\\/daysparzeszow.pl\\\/produkt\\\/gleboko-kojacy-masaz-twarzy-glowy-i-karku-45-min-dla-dwojga\\\/\"]}]},{\"@type\":\"ImageObject\",\"inLanguage\":\"en-US\",\"@id\":\"https:\\\/\\\/daysparzeszow.pl\\\/produkt\\\/gleboko-kojacy-masaz-twarzy-glowy-i-karku-45-min-dla-dwojga\\\/#primaryimage\",\"url\":\"https:\\\/\\\/daysparzeszow.pl\\\/wp-content\\\/uploads\\\/2024\\\/10\\\/Rytual-piel-76-png.avif\",\"contentUrl\":\"https:\\\/\\\/daysparzeszow.pl\\\/wp-content\\\/uploads\\\/2024\\\/10\\\/Rytual-piel-76-png.avif\",\"width\":940,\"height\":788},{\"@type\":\"BreadcrumbList\",\"@id\":\"https:\\\/\\\/daysparzeszow.pl\\\/produkt\\\/gleboko-kojacy-masaz-twarzy-glowy-i-karku-45-min-dla-dwojga\\\/#breadcrumb\",\"itemListElement\":[{\"@type\":\"ListItem\",\"position\":1,\"name\":\"Strona g\u0142\u00f3wna\",\"item\":\"https:\\\/\\\/daysparzeszow.pl\\\/\"},{\"@type\":\"ListItem\",\"position\":2,\"name\":\"Sklep\",\"item\":\"https:\\\/\\\/daysparzeszow.pl\\\/sklep\\\/\"},{\"@type\":\"ListItem\",\"position\":3,\"name\":\"G\u0142\u0119boko koj\u0105cy masa\u017c twarzy, g\u0142owy i karku &#8211; 40 min dla dwojga\"}]},{\"@type\":\"WebSite\",\"@id\":\"https:\\\/\\\/daysparzeszow.pl\\\/#website\",\"url\":\"https:\\\/\\\/daysparzeszow.pl\\\/\",\"name\":\"Day Spa Rzesz\u00f3w\",\"description\":\"Masa\u017c, vouchery, bony podarunkowe, opalanie natryskowe, masa\u017ce dla dwojga\",\"publisher\":{\"@id\":\"https:\\\/\\\/daysparzeszow.pl\\\/#organization\"},\"potentialAction\":[{\"@type\":\"SearchAction\",\"target\":{\"@type\":\"EntryPoint\",\"urlTemplate\":\"https:\\\/\\\/daysparzeszow.pl\\\/?s={search_term_string}\"},\"query-input\":{\"@type\":\"PropertyValueSpecification\",\"valueRequired\":true,\"valueName\":\"search_term_string\"}}],\"inLanguage\":\"en-US\"},{\"@type\":\"Organization\",\"@id\":\"https:\\\/\\\/daysparzeszow.pl\\\/#organization\",\"name\":\"Day Spa Rzesz\u00f3w\",\"url\":\"https:\\\/\\\/daysparzeszow.pl\\\/\",\"logo\":{\"@type\":\"ImageObject\",\"inLanguage\":\"en-US\",\"@id\":\"https:\\\/\\\/daysparzeszow.pl\\\/#\\\/schema\\\/logo\\\/image\\\/\",\"url\":\"https:\\\/\\\/daysparzeszow.pl\\\/wp-content\\\/uploads\\\/2024\\\/06\\\/DaySpa_Logo.png\",\"contentUrl\":\"https:\\\/\\\/daysparzeszow.pl\\\/wp-content\\\/uploads\\\/2024\\\/06\\\/DaySpa_Logo.png\",\"width\":1358,\"height\":886,\"caption\":\"Day Spa Rzesz\u00f3w\"},\"image\":{\"@id\":\"https:\\\/\\\/daysparzeszow.pl\\\/#\\\/schema\\\/logo\\\/image\\\/\"},\"sameAs\":[\"https:\\\/\\\/www.facebook.com\\\/daysparzeszow\",\"https:\\\/\\\/www.instagram.com\\\/daysparzeszow\"]}]}<\/script>\n<!-- \/ Yoast SEO plugin. -->","yoast_head_json":{"title":"G\u0142\u0119boko koj\u0105cy masa\u017c twarzy, g\u0142owy i karku - 40 min dla dwojga - Day Spa Rzesz\u00f3w","description":"Autorska kompozycja technik manualnych na obszarze twarz \/ g\u0142owa \/ kark. Masa\u017c twarzy, g\u0142owy i karku stanowi cz\u0119sto natychmiastowe i niesamowite odpr\u0119\u017cenie ca\u0142ego cia\u0142a, a dodatkowo uwalnia emocje oraz mobilizuje procesy regeneracyjne cia\u0142a oraz sk\u00f3ry twarzy.","robots":{"index":"index","follow":"follow","max-snippet":"max-snippet:-1","max-image-preview":"max-image-preview:large","max-video-preview":"max-video-preview:-1"},"canonical":"https:\/\/daysparzeszow.pl\/en\/product\/gleboko-kojacy-masaz-twarzy-glowy-i-karku-45-min-dla-dwojga\/","og_locale":"en_US","og_type":"article","og_title":"G\u0142\u0119boko koj\u0105cy masa\u017c twarzy, g\u0142owy i karku - 40 min dla dwojga - Day Spa Rzesz\u00f3w","og_description":"Autorska kompozycja technik manualnych na obszarze twarz \/ g\u0142owa \/ kark. Masa\u017c twarzy, g\u0142owy i karku stanowi cz\u0119sto natychmiastowe i niesamowite odpr\u0119\u017cenie ca\u0142ego cia\u0142a, a dodatkowo uwalnia emocje oraz mobilizuje procesy regeneracyjne cia\u0142a oraz sk\u00f3ry twarzy.","og_url":"https:\/\/daysparzeszow.pl\/en\/product\/gleboko-kojacy-masaz-twarzy-glowy-i-karku-45-min-dla-dwojga\/","og_site_name":"Day Spa Rzesz\u00f3w","article_publisher":"https:\/\/www.facebook.com\/daysparzeszow","article_modified_time":"2026-03-01T17:15:32+00:00","og_image":[{"width":940,"height":788,"url":"https:\/\/daysparzeszow.pl\/wp-content\/uploads\/2024\/10\/Rytual-piel-76-png.avif","type":"image\/png"}],"twitter_card":"summary_large_image","twitter_misc":{"Est. reading time":"1 minute"},"schema":{"@context":"https:\/\/schema.org","@graph":[{"@type":"WebPage","@id":"https:\/\/daysparzeszow.pl\/produkt\/gleboko-kojacy-masaz-twarzy-glowy-i-karku-45-min-dla-dwojga\/","url":"https:\/\/daysparzeszow.pl\/produkt\/gleboko-kojacy-masaz-twarzy-glowy-i-karku-45-min-dla-dwojga\/","name":"G\u0142\u0119boko koj\u0105cy masa\u017c twarzy, g\u0142owy i karku - 40 min dla dwojga - Day Spa Rzesz\u00f3w","isPartOf":{"@id":"https:\/\/daysparzeszow.pl\/#website"},"primaryImageOfPage":{"@id":"https:\/\/daysparzeszow.pl\/produkt\/gleboko-kojacy-masaz-twarzy-glowy-i-karku-45-min-dla-dwojga\/#primaryimage"},"image":{"@id":"https:\/\/daysparzeszow.pl\/produkt\/gleboko-kojacy-masaz-twarzy-glowy-i-karku-45-min-dla-dwojga\/#primaryimage"},"thumbnailUrl":"https:\/\/daysparzeszow.pl\/wp-content\/uploads\/2024\/10\/Rytual-piel-76-png.avif","datePublished":"2024-12-14T13:50:07+00:00","dateModified":"2026-03-01T17:15:32+00:00","description":"Autorska kompozycja technik manualnych na obszarze twarz \/ g\u0142owa \/ kark. Masa\u017c twarzy, g\u0142owy i karku stanowi cz\u0119sto natychmiastowe i niesamowite odpr\u0119\u017cenie ca\u0142ego cia\u0142a, a dodatkowo uwalnia emocje oraz mobilizuje procesy regeneracyjne cia\u0142a oraz sk\u00f3ry twarzy.","breadcrumb":{"@id":"https:\/\/daysparzeszow.pl\/produkt\/gleboko-kojacy-masaz-twarzy-glowy-i-karku-45-min-dla-dwojga\/#breadcrumb"},"inLanguage":"en-US","potentialAction":[{"@type":"ReadAction","target":["https:\/\/daysparzeszow.pl\/produkt\/gleboko-kojacy-masaz-twarzy-glowy-i-karku-45-min-dla-dwojga\/"]}]},{"@type":"ImageObject","inLanguage":"en-US","@id":"https:\/\/daysparzeszow.pl\/produkt\/gleboko-kojacy-masaz-twarzy-glowy-i-karku-45-min-dla-dwojga\/#primaryimage","url":"https:\/\/daysparzeszow.pl\/wp-content\/uploads\/2024\/10\/Rytual-piel-76-png.avif","contentUrl":"https:\/\/daysparzeszow.pl\/wp-content\/uploads\/2024\/10\/Rytual-piel-76-png.avif","width":940,"height":788},{"@type":"BreadcrumbList","@id":"https:\/\/daysparzeszow.pl\/produkt\/gleboko-kojacy-masaz-twarzy-glowy-i-karku-45-min-dla-dwojga\/#breadcrumb","itemListElement":[{"@type":"ListItem","position":1,"name":"Strona g\u0142\u00f3wna","item":"https:\/\/daysparzeszow.pl\/"},{"@type":"ListItem","position":2,"name":"Sklep","item":"https:\/\/daysparzeszow.pl\/sklep\/"},{"@type":"ListItem","position":3,"name":"G\u0142\u0119boko koj\u0105cy masa\u017c twarzy, g\u0142owy i karku &#8211; 40 min dla dwojga"}]},{"@type":"WebSite","@id":"https:\/\/daysparzeszow.pl\/#website","url":"https:\/\/daysparzeszow.pl\/","name":"Day Spa Rzesz\u00f3w","description":"Masa\u017c, vouchery, bony podarunkowe, opalanie natryskowe, masa\u017ce dla dwojga","publisher":{"@id":"https:\/\/daysparzeszow.pl\/#organization"},"potentialAction":[{"@type":"SearchAction","target":{"@type":"EntryPoint","urlTemplate":"https:\/\/daysparzeszow.pl\/?s={search_term_string}"},"query-input":{"@type":"PropertyValueSpecification","valueRequired":true,"valueName":"search_term_string"}}],"inLanguage":"en-US"},{"@type":"Organization","@id":"https:\/\/daysparzeszow.pl\/#organization","name":"Day Spa Rzesz\u00f3w","url":"https:\/\/daysparzeszow.pl\/","logo":{"@type":"ImageObject","inLanguage":"en-US","@id":"https:\/\/daysparzeszow.pl\/#\/schema\/logo\/image\/","url":"https:\/\/daysparzeszow.pl\/wp-content\/uploads\/2024\/06\/DaySpa_Logo.png","contentUrl":"https:\/\/daysparzeszow.pl\/wp-content\/uploads\/2024\/06\/DaySpa_Logo.png","width":1358,"height":886,"caption":"Day Spa Rzesz\u00f3w"},"image":{"@id":"https:\/\/daysparzeszow.pl\/#\/schema\/logo\/image\/"},"sameAs":["https:\/\/www.facebook.com\/daysparzeszow","https:\/\/www.instagram.com\/daysparzeszow"]}]}},"_links":{"self":[{"href":"https:\/\/daysparzeszow.pl\/en\/wp-json\/wp\/v2\/product\/875","targetHints":{"allow":["GET"]}}],"collection":[{"href":"https:\/\/daysparzeszow.pl\/en\/wp-json\/wp\/v2\/product"}],"about":[{"href":"https:\/\/daysparzeszow.pl\/en\/wp-json\/wp\/v2\/types\/product"}],"wp:featuredmedia":[{"embeddable":true,"href":"https:\/\/daysparzeszow.pl\/en\/wp-json\/wp\/v2\/media\/789"}],"wp:attachment":[{"href":"https:\/\/daysparzeszow.pl\/en\/wp-json\/wp\/v2\/media?parent=875"}],"wp:term":[{"taxonomy":"product_brand","embeddable":true,"href":"https:\/\/daysparzeszow.pl\/en\/wp-json\/wp\/v2\/product_brand?post=875"},{"taxonomy":"product_cat","embeddable":true,"href":"https:\/\/daysparzeszow.pl\/en\/wp-json\/wp\/v2\/product_cat?post=875"},{"taxonomy":"product_tag","embeddable":true,"href":"https:\/\/daysparzeszow.pl\/en\/wp-json\/wp\/v2\/product_tag?post=875"}],"curies":[{"name":"wp","href":"https:\/\/api.w.org\/{rel}","templated":true}]}}