{"id":953,"date":"2025-01-22T14:11:33","date_gmt":"2025-01-22T13:11:33","guid":{"rendered":"https:\/\/daysparzeszow.pl\/?post_type=product&#038;p=953"},"modified":"2026-03-01T17:45:26","modified_gmt":"2026-03-01T16:45:26","slug":"head-face-spa-90-min","status":"publish","type":"product","link":"https:\/\/daysparzeszow.pl\/en\/product\/head-face-spa-90-min\/","title":{"rendered":"HEAD + FACE SPA  \u201eOdpr\u0119\u017cenie po cebulki w\u0142os\u00f3w\u201d 90 min"},"content":{"rendered":"","protected":false},"excerpt":{"rendered":"<p><strong>HEAD SPA<\/strong> \u2013 masa\u017c karku, szyi i g\u0142owy + masa\u017c twarzy + mycie i piel\u0119gnacja w\u0142os\u00f3w (peeling + maska).<\/p>\n<p>Autorska\u00a0 holistyczna terapia, kt\u00f3ra \u0142\u0105czy g\u0142\u0119boki relaks z terapeutycznym podej\u015bciem, tworzy wyj\u0105tkowe do\u015bwiadczenie harmonii i ulgi. Wyobra\u017a sobie zabieg, kt\u00f3ry nie tylko sprawia, \u017ce Twoje w\u0142osy staj\u0105 si\u0119 zdrowsze i pe\u0142ne blasku, ale jednocze\u015bnie zapewnia g\u0142\u0119boki relaks, redukuje stres i poprawia samopoczucie. Tak dzia\u0142a <strong>Head Spa<\/strong> \u2013 wyj\u0105tkowy rytua\u0142, kt\u00f3ry \u0142\u0105czy masa\u017c, piel\u0119gnacj\u0119 sk\u00f3ry g\u0142owy i regeneracj\u0119 w\u0142os\u00f3w w jedn\u0105, harmonijn\u0105 ca\u0142o\u015b\u0107, kt\u00f3ra\u00a0jest dope\u0142niana przyjemn\u0105 muzyk\u0105, w blasku \u015bwiec i aromatycznych zapach\u00f3w.<\/p>\n<p>Poprzez taki podarunek poka\u017cesz ukochanej osobie, \u017ce zale\u017cy Ci na jej zdrowiu i wspania\u0142ym samopoczuciu.<\/p>\n<p>Ma\u0142o jest rzeczy cenniejszych ni\u017c b\u0142ogie chwile relaksu, jakich mo\u017cna zazna\u0107 w Day Spa Rzesz\u00f3w..<\/p>","protected":false},"featured_media":1034,"template":"","meta":[],"product_brand":[],"product_cat":[17],"product_tag":[33,32,43,41,36,42,35,34,31],"class_list":{"0":"post-953","1":"product","2":"type-product","3":"status-publish","4":"has-post-thumbnail","6":"product_cat-bez-kategorii","7":"product_tag-bon-na-masaz","8":"product_tag-bon-podarunkowy","9":"product_tag-kobido","10":"product_tag-masaz-dla-dwojga","11":"product_tag-masaz-klasyczny","12":"product_tag-masaz-twarzy","13":"product_tag-prezent-dla-niego","14":"product_tag-prezent-dla-niej","15":"product_tag-voucher-na-masaz","16":"has-meta has-sticky-meta","18":"first","19":"instock","20":"virtual","21":"sold-individually","22":"purchasable","23":"product-type-simple"},"yoast_head":"<!-- This site is optimized with the Yoast SEO plugin v27.6 - https:\/\/yoast.com\/product\/yoast-seo-wordpress\/ -->\n<title>HEAD + FACE SPA \u201eOdpr\u0119\u017cenie po cebulki w\u0142os\u00f3w\u201d 90 min - Day Spa Rzesz\u00f3w<\/title>\n<meta name=\"description\" content=\"Wyobra\u017a sobie zabieg, kt\u00f3ry nie tylko sprawia, \u017ce Twoje w\u0142osy staj\u0105 si\u0119 zdrowsze i pe\u0142ne blasku, ale jednocze\u015bnie zapewnia g\u0142\u0119boki relaks, redukuje stres i poprawia samopoczucie.\" \/>\n<meta name=\"robots\" content=\"index, follow, max-snippet:-1, max-image-preview:large, max-video-preview:-1\" \/>\n<link rel=\"canonical\" href=\"https:\/\/daysparzeszow.pl\/en\/product\/head-face-spa-90-min\/\" \/>\n<meta property=\"og:locale\" content=\"en_US\" \/>\n<meta property=\"og:type\" content=\"article\" \/>\n<meta property=\"og:title\" content=\"HEAD + FACE SPA \u201eOdpr\u0119\u017cenie po cebulki w\u0142os\u00f3w\u201d 90 min - Day Spa Rzesz\u00f3w\" \/>\n<meta property=\"og:description\" content=\"Wyobra\u017a sobie zabieg, kt\u00f3ry nie tylko sprawia, \u017ce Twoje w\u0142osy staj\u0105 si\u0119 zdrowsze i pe\u0142ne blasku, ale jednocze\u015bnie zapewnia g\u0142\u0119boki relaks, redukuje stres i poprawia samopoczucie.\" \/>\n<meta property=\"og:url\" content=\"https:\/\/daysparzeszow.pl\/en\/product\/head-face-spa-90-min\/\" \/>\n<meta property=\"og:site_name\" content=\"Day Spa Rzesz\u00f3w\" \/>\n<meta property=\"article:publisher\" content=\"https:\/\/www.facebook.com\/daysparzeszow\" \/>\n<meta property=\"article:modified_time\" content=\"2026-03-01T16:45:26+00:00\" \/>\n<meta property=\"og:image\" content=\"https:\/\/daysparzeszow.pl\/wp-content\/uploads\/2025\/01\/2-1.png\" \/>\n\t<meta property=\"og:image:width\" content=\"1080\" \/>\n\t<meta property=\"og:image:height\" content=\"1080\" \/>\n\t<meta property=\"og:image:type\" content=\"image\/png\" \/>\n<meta name=\"twitter:card\" content=\"summary_large_image\" \/>\n<meta name=\"twitter:label1\" content=\"Est. reading time\" \/>\n\t<meta name=\"twitter:data1\" content=\"1 minute\" \/>\n<script type=\"application\/ld+json\" class=\"yoast-schema-graph\">{\"@context\":\"https:\\\/\\\/schema.org\",\"@graph\":[{\"@type\":\"WebPage\",\"@id\":\"https:\\\/\\\/daysparzeszow.pl\\\/produkt\\\/head-face-spa-90-min\\\/\",\"url\":\"https:\\\/\\\/daysparzeszow.pl\\\/produkt\\\/head-face-spa-90-min\\\/\",\"name\":\"HEAD + FACE SPA \u201eOdpr\u0119\u017cenie po cebulki w\u0142os\u00f3w\u201d 90 min - Day Spa Rzesz\u00f3w\",\"isPartOf\":{\"@id\":\"https:\\\/\\\/daysparzeszow.pl\\\/#website\"},\"primaryImageOfPage\":{\"@id\":\"https:\\\/\\\/daysparzeszow.pl\\\/produkt\\\/head-face-spa-90-min\\\/#primaryimage\"},\"image\":{\"@id\":\"https:\\\/\\\/daysparzeszow.pl\\\/produkt\\\/head-face-spa-90-min\\\/#primaryimage\"},\"thumbnailUrl\":\"https:\\\/\\\/daysparzeszow.pl\\\/wp-content\\\/uploads\\\/2025\\\/01\\\/2-1.png\",\"datePublished\":\"2025-01-22T13:11:33+00:00\",\"dateModified\":\"2026-03-01T16:45:26+00:00\",\"description\":\"Wyobra\u017a sobie zabieg, kt\u00f3ry nie tylko sprawia, \u017ce Twoje w\u0142osy staj\u0105 si\u0119 zdrowsze i pe\u0142ne blasku, ale jednocze\u015bnie zapewnia g\u0142\u0119boki relaks, redukuje stres i poprawia samopoczucie.\",\"breadcrumb\":{\"@id\":\"https:\\\/\\\/daysparzeszow.pl\\\/produkt\\\/head-face-spa-90-min\\\/#breadcrumb\"},\"inLanguage\":\"en-US\",\"potentialAction\":[{\"@type\":\"ReadAction\",\"target\":[\"https:\\\/\\\/daysparzeszow.pl\\\/produkt\\\/head-face-spa-90-min\\\/\"]}]},{\"@type\":\"ImageObject\",\"inLanguage\":\"en-US\",\"@id\":\"https:\\\/\\\/daysparzeszow.pl\\\/produkt\\\/head-face-spa-90-min\\\/#primaryimage\",\"url\":\"https:\\\/\\\/daysparzeszow.pl\\\/wp-content\\\/uploads\\\/2025\\\/01\\\/2-1.png\",\"contentUrl\":\"https:\\\/\\\/daysparzeszow.pl\\\/wp-content\\\/uploads\\\/2025\\\/01\\\/2-1.png\",\"width\":1080,\"height\":1080},{\"@type\":\"BreadcrumbList\",\"@id\":\"https:\\\/\\\/daysparzeszow.pl\\\/produkt\\\/head-face-spa-90-min\\\/#breadcrumb\",\"itemListElement\":[{\"@type\":\"ListItem\",\"position\":1,\"name\":\"Strona g\u0142\u00f3wna\",\"item\":\"https:\\\/\\\/daysparzeszow.pl\\\/\"},{\"@type\":\"ListItem\",\"position\":2,\"name\":\"Sklep\",\"item\":\"https:\\\/\\\/daysparzeszow.pl\\\/sklep\\\/\"},{\"@type\":\"ListItem\",\"position\":3,\"name\":\"HEAD + FACE SPA \u201eOdpr\u0119\u017cenie po cebulki w\u0142os\u00f3w\u201d 90 min\"}]},{\"@type\":\"WebSite\",\"@id\":\"https:\\\/\\\/daysparzeszow.pl\\\/#website\",\"url\":\"https:\\\/\\\/daysparzeszow.pl\\\/\",\"name\":\"Day Spa Rzesz\u00f3w\",\"description\":\"Masa\u017c, vouchery, bony podarunkowe, opalanie natryskowe, masa\u017ce dla dwojga\",\"publisher\":{\"@id\":\"https:\\\/\\\/daysparzeszow.pl\\\/#organization\"},\"potentialAction\":[{\"@type\":\"SearchAction\",\"target\":{\"@type\":\"EntryPoint\",\"urlTemplate\":\"https:\\\/\\\/daysparzeszow.pl\\\/?s={search_term_string}\"},\"query-input\":{\"@type\":\"PropertyValueSpecification\",\"valueRequired\":true,\"valueName\":\"search_term_string\"}}],\"inLanguage\":\"en-US\"},{\"@type\":\"Organization\",\"@id\":\"https:\\\/\\\/daysparzeszow.pl\\\/#organization\",\"name\":\"Day Spa Rzesz\u00f3w\",\"url\":\"https:\\\/\\\/daysparzeszow.pl\\\/\",\"logo\":{\"@type\":\"ImageObject\",\"inLanguage\":\"en-US\",\"@id\":\"https:\\\/\\\/daysparzeszow.pl\\\/#\\\/schema\\\/logo\\\/image\\\/\",\"url\":\"https:\\\/\\\/daysparzeszow.pl\\\/wp-content\\\/uploads\\\/2024\\\/06\\\/DaySpa_Logo.png\",\"contentUrl\":\"https:\\\/\\\/daysparzeszow.pl\\\/wp-content\\\/uploads\\\/2024\\\/06\\\/DaySpa_Logo.png\",\"width\":1358,\"height\":886,\"caption\":\"Day Spa Rzesz\u00f3w\"},\"image\":{\"@id\":\"https:\\\/\\\/daysparzeszow.pl\\\/#\\\/schema\\\/logo\\\/image\\\/\"},\"sameAs\":[\"https:\\\/\\\/www.facebook.com\\\/daysparzeszow\",\"https:\\\/\\\/www.instagram.com\\\/daysparzeszow\"]}]}<\/script>\n<!-- \/ Yoast SEO plugin. -->","yoast_head_json":{"title":"HEAD + FACE SPA \u201eOdpr\u0119\u017cenie po cebulki w\u0142os\u00f3w\u201d 90 min - Day Spa Rzesz\u00f3w","description":"Wyobra\u017a sobie zabieg, kt\u00f3ry nie tylko sprawia, \u017ce Twoje w\u0142osy staj\u0105 si\u0119 zdrowsze i pe\u0142ne blasku, ale jednocze\u015bnie zapewnia g\u0142\u0119boki relaks, redukuje stres i poprawia samopoczucie.","robots":{"index":"index","follow":"follow","max-snippet":"max-snippet:-1","max-image-preview":"max-image-preview:large","max-video-preview":"max-video-preview:-1"},"canonical":"https:\/\/daysparzeszow.pl\/en\/product\/head-face-spa-90-min\/","og_locale":"en_US","og_type":"article","og_title":"HEAD + FACE SPA \u201eOdpr\u0119\u017cenie po cebulki w\u0142os\u00f3w\u201d 90 min - Day Spa Rzesz\u00f3w","og_description":"Wyobra\u017a sobie zabieg, kt\u00f3ry nie tylko sprawia, \u017ce Twoje w\u0142osy staj\u0105 si\u0119 zdrowsze i pe\u0142ne blasku, ale jednocze\u015bnie zapewnia g\u0142\u0119boki relaks, redukuje stres i poprawia samopoczucie.","og_url":"https:\/\/daysparzeszow.pl\/en\/product\/head-face-spa-90-min\/","og_site_name":"Day Spa Rzesz\u00f3w","article_publisher":"https:\/\/www.facebook.com\/daysparzeszow","article_modified_time":"2026-03-01T16:45:26+00:00","og_image":[{"width":1080,"height":1080,"url":"https:\/\/daysparzeszow.pl\/wp-content\/uploads\/2025\/01\/2-1.png","type":"image\/png"}],"twitter_card":"summary_large_image","twitter_misc":{"Est. reading time":"1 minute"},"schema":{"@context":"https:\/\/schema.org","@graph":[{"@type":"WebPage","@id":"https:\/\/daysparzeszow.pl\/produkt\/head-face-spa-90-min\/","url":"https:\/\/daysparzeszow.pl\/produkt\/head-face-spa-90-min\/","name":"HEAD + FACE SPA \u201eOdpr\u0119\u017cenie po cebulki w\u0142os\u00f3w\u201d 90 min - Day Spa Rzesz\u00f3w","isPartOf":{"@id":"https:\/\/daysparzeszow.pl\/#website"},"primaryImageOfPage":{"@id":"https:\/\/daysparzeszow.pl\/produkt\/head-face-spa-90-min\/#primaryimage"},"image":{"@id":"https:\/\/daysparzeszow.pl\/produkt\/head-face-spa-90-min\/#primaryimage"},"thumbnailUrl":"https:\/\/daysparzeszow.pl\/wp-content\/uploads\/2025\/01\/2-1.png","datePublished":"2025-01-22T13:11:33+00:00","dateModified":"2026-03-01T16:45:26+00:00","description":"Wyobra\u017a sobie zabieg, kt\u00f3ry nie tylko sprawia, \u017ce Twoje w\u0142osy staj\u0105 si\u0119 zdrowsze i pe\u0142ne blasku, ale jednocze\u015bnie zapewnia g\u0142\u0119boki relaks, redukuje stres i poprawia samopoczucie.","breadcrumb":{"@id":"https:\/\/daysparzeszow.pl\/produkt\/head-face-spa-90-min\/#breadcrumb"},"inLanguage":"en-US","potentialAction":[{"@type":"ReadAction","target":["https:\/\/daysparzeszow.pl\/produkt\/head-face-spa-90-min\/"]}]},{"@type":"ImageObject","inLanguage":"en-US","@id":"https:\/\/daysparzeszow.pl\/produkt\/head-face-spa-90-min\/#primaryimage","url":"https:\/\/daysparzeszow.pl\/wp-content\/uploads\/2025\/01\/2-1.png","contentUrl":"https:\/\/daysparzeszow.pl\/wp-content\/uploads\/2025\/01\/2-1.png","width":1080,"height":1080},{"@type":"BreadcrumbList","@id":"https:\/\/daysparzeszow.pl\/produkt\/head-face-spa-90-min\/#breadcrumb","itemListElement":[{"@type":"ListItem","position":1,"name":"Strona g\u0142\u00f3wna","item":"https:\/\/daysparzeszow.pl\/"},{"@type":"ListItem","position":2,"name":"Sklep","item":"https:\/\/daysparzeszow.pl\/sklep\/"},{"@type":"ListItem","position":3,"name":"HEAD + FACE SPA \u201eOdpr\u0119\u017cenie po cebulki w\u0142os\u00f3w\u201d 90 min"}]},{"@type":"WebSite","@id":"https:\/\/daysparzeszow.pl\/#website","url":"https:\/\/daysparzeszow.pl\/","name":"Day Spa Rzesz\u00f3w","description":"Masa\u017c, vouchery, bony podarunkowe, opalanie natryskowe, masa\u017ce dla dwojga","publisher":{"@id":"https:\/\/daysparzeszow.pl\/#organization"},"potentialAction":[{"@type":"SearchAction","target":{"@type":"EntryPoint","urlTemplate":"https:\/\/daysparzeszow.pl\/?s={search_term_string}"},"query-input":{"@type":"PropertyValueSpecification","valueRequired":true,"valueName":"search_term_string"}}],"inLanguage":"en-US"},{"@type":"Organization","@id":"https:\/\/daysparzeszow.pl\/#organization","name":"Day Spa Rzesz\u00f3w","url":"https:\/\/daysparzeszow.pl\/","logo":{"@type":"ImageObject","inLanguage":"en-US","@id":"https:\/\/daysparzeszow.pl\/#\/schema\/logo\/image\/","url":"https:\/\/daysparzeszow.pl\/wp-content\/uploads\/2024\/06\/DaySpa_Logo.png","contentUrl":"https:\/\/daysparzeszow.pl\/wp-content\/uploads\/2024\/06\/DaySpa_Logo.png","width":1358,"height":886,"caption":"Day Spa Rzesz\u00f3w"},"image":{"@id":"https:\/\/daysparzeszow.pl\/#\/schema\/logo\/image\/"},"sameAs":["https:\/\/www.facebook.com\/daysparzeszow","https:\/\/www.instagram.com\/daysparzeszow"]}]}},"_links":{"self":[{"href":"https:\/\/daysparzeszow.pl\/en\/wp-json\/wp\/v2\/product\/953","targetHints":{"allow":["GET"]}}],"collection":[{"href":"https:\/\/daysparzeszow.pl\/en\/wp-json\/wp\/v2\/product"}],"about":[{"href":"https:\/\/daysparzeszow.pl\/en\/wp-json\/wp\/v2\/types\/product"}],"wp:featuredmedia":[{"embeddable":true,"href":"https:\/\/daysparzeszow.pl\/en\/wp-json\/wp\/v2\/media\/1034"}],"wp:attachment":[{"href":"https:\/\/daysparzeszow.pl\/en\/wp-json\/wp\/v2\/media?parent=953"}],"wp:term":[{"taxonomy":"product_brand","embeddable":true,"href":"https:\/\/daysparzeszow.pl\/en\/wp-json\/wp\/v2\/product_brand?post=953"},{"taxonomy":"product_cat","embeddable":true,"href":"https:\/\/daysparzeszow.pl\/en\/wp-json\/wp\/v2\/product_cat?post=953"},{"taxonomy":"product_tag","embeddable":true,"href":"https:\/\/daysparzeszow.pl\/en\/wp-json\/wp\/v2\/product_tag?post=953"}],"curies":[{"name":"wp","href":"https:\/\/api.w.org\/{rel}","templated":true}]}}